{"id":78,"date":"2024-12-31T16:54:39","date_gmt":"2024-12-31T15:54:39","guid":{"rendered":"https:\/\/arnaudgrob.com\/?page_id=78"},"modified":"2026-03-02T07:56:32","modified_gmt":"2026-03-02T06:56:32","slug":"fr_conseil","status":"publish","type":"page","link":"https:\/\/arnaudgrob.com\/index.php\/fr_conseil\/","title":{"rendered":"Conseil en organisation"},"content":{"rendered":"\n<div class=\"wp-block-group alignwide has-foreground-color has-text-color is-layout-flow wp-container-core-group-is-layout-87c8ae1d wp-block-group-is-layout-flow\" style=\"padding-top:0vh;padding-right:var(--wp--preset--spacing--20);padding-bottom:0vh;padding-left:var(--wp--preset--spacing--20)\">\n<p class=\"has-text-align-right has-foreground-color has-text-color has-link-color\"><strong>fran\u00e7ais<\/strong> \/ <a href=\"https:\/\/arnaudgrob.com\/index.php\/en_conseil1\/\" data-type=\"page\" data-id=\"1399\">english<\/a> \/ <a href=\"https:\/\/arnaudgrob.com\/index.php\/de_conseil1\/\" data-type=\"page\" data-id=\"1444\">deutsch<\/a><\/p>\n\n\n\n<div class=\"wp-block-cover alignwide is-light\" style=\"border-radius:28px;padding-top:0vh;padding-right:0vh;padding-bottom:0vh;padding-left:0vh;min-height:294px;aspect-ratio:unset;\"><img loading=\"lazy\" decoding=\"async\" width=\"2560\" height=\"480\" class=\"wp-block-cover__image-background wp-image-469 size-full\" alt=\"\" src=\"http:\/\/arnaudgrob.com\/wp-content\/uploads\/2025\/12\/sommet_HD-scaled.png\" style=\"object-position:10% 70%\" data-object-fit=\"cover\" data-object-position=\"10% 70%\" srcset=\"https:\/\/arnaudgrob.com\/wp-content\/uploads\/2025\/12\/sommet_HD-scaled.png 2560w, https:\/\/arnaudgrob.com\/wp-content\/uploads\/2025\/12\/sommet_HD-300x56.png 300w, https:\/\/arnaudgrob.com\/wp-content\/uploads\/2025\/12\/sommet_HD-1024x192.png 1024w, https:\/\/arnaudgrob.com\/wp-content\/uploads\/2025\/12\/sommet_HD-768x144.png 768w, https:\/\/arnaudgrob.com\/wp-content\/uploads\/2025\/12\/sommet_HD-1536x288.png 1536w, https:\/\/arnaudgrob.com\/wp-content\/uploads\/2025\/12\/sommet_HD-2048x384.png 2048w\" sizes=\"auto, (max-width: 2560px) 100vw, 2560px\" \/><span aria-hidden=\"true\" class=\"wp-block-cover__background has-quaternary-background-color has-background-dim-0 has-background-dim\"><\/span><div class=\"wp-block-cover__inner-container is-layout-flow wp-block-cover-is-layout-flow\">\n<div class=\"wp-block-group alignwide has-foreground-color has-text-color is-layout-flow wp-container-core-group-is-layout-87c8ae1d wp-block-group-is-layout-flow\" style=\"padding-top:0vh;padding-right:var(--wp--preset--spacing--20);padding-bottom:0vh;padding-left:var(--wp--preset--spacing--20)\">\n<div class=\"wp-block-buttons has-custom-font-size has-tiny-font-size is-content-justification-right is-layout-flex wp-container-core-buttons-is-layout-d36ff9ae wp-block-buttons-is-layout-flex\" style=\"padding-right:0;padding-left:0\">\n<div class=\"wp-block-button is-style-outline is-style-outline--1\"><a class=\"wp-block-button__link has-foreground-color has-background-background-color has-text-color has-background has-link-color has-tiny-font-size has-custom-font-size wp-element-button\">CONSEIL EN ORGANISATION<\/a><\/div>\n<\/div>\n\n\n\n<div class=\"wp-block-buttons has-custom-font-size has-tiny-font-size is-content-justification-right is-layout-flex wp-container-core-buttons-is-layout-d445cf74 wp-block-buttons-is-layout-flex\">\n<div class=\"wp-block-button\"><a class=\"wp-block-button__link wp-element-button\" href=\"https:\/\/arnaudgrob.com\/index.php\/fr_conseil2\/\" style=\"padding-right:var(--wp--preset--spacing--30);padding-left:var(--wp--preset--spacing--30)\">ACCOMPAGNEMENT<\/a><\/div>\n<\/div>\n\n\n\n<div class=\"wp-block-buttons has-custom-font-size has-tiny-font-size is-content-justification-right is-layout-flex wp-container-core-buttons-is-layout-d445cf74 wp-block-buttons-is-layout-flex\">\n<div class=\"wp-block-button\"><a class=\"wp-block-button__link wp-element-button\" href=\"https:\/\/arnaudgrob.com\/index.php\/fr_conseil3\/\">international<\/a><\/div>\n<\/div>\n<\/div>\n<\/div><\/div>\n\n\n\n<hr class=\"wp-block-separator has-text-color has-tertiary-color has-alpha-channel-opacity has-tertiary-background-color has-background is-style-bjork-angled-separator-wide\"\/>\n\n\n\n<h2 class=\"wp-block-heading has-text-align-left has-extra-large-font-size\" id=\"conseil_organisation\">Conseil en organisation<\/h2>\n\n\n\n<div class=\"wp-block-columns alignwide is-layout-flex wp-container-core-columns-is-layout-993ff0e8 wp-block-columns-is-layout-flex\" style=\"padding-top:0vh;padding-bottom:0vh\">\n<div class=\"wp-block-column is-layout-flow wp-block-column-is-layout-flow\">\n<p class=\"has-text-align-left has-large-font-size\">Expert reconnu des standards m\u00e9thodologiques de r\u00e9f\u00e9rence (PMI, PRINCE2, IPMA, Scrum), je conseille depuis plus de vingt ans des entreprises et organisations de toutes tailles dans la structuration, l&#8217;harmonisation et la professionnalisation de leurs pratiques en management de projets (PM) et gestion de portefeuilles de projets (PPM, PMO).<\/p>\n<\/div>\n<\/div>\n\n\n\n<div class=\"wp-block-columns alignwide is-layout-flex wp-container-core-columns-is-layout-28f84493 wp-block-columns-is-layout-flex\">\n<div class=\"wp-block-column has-foreground-color has-quaternary-background-color has-text-color has-background is-layout-flow wp-block-column-is-layout-flow\">\n<div class=\"wp-block-group has-quaternary-background-color has-background is-layout-flow wp-container-core-group-is-layout-8cfe5ef5 wp-block-group-is-layout-flow\" style=\"margin-top:0px;margin-bottom:0px\">\n<h6 class=\"wp-block-heading has-text-align-left\" id=\"my-story\" style=\"line-height:1\"><strong>Structuration m\u00e9thodologique<\/strong><\/h6>\n\n\n\n<p class=\"has-text-align-left\">Dans le cadre de missions courtes, mon travail consiste \u00e0 <strong>d\u00e9ployer un cadre m\u00e9thodologique en management de projets simple, efficace et rapidement op\u00e9rationnel<\/strong>.<\/p>\n\n\n\n<div class=\"wp-block-columns is-layout-flex wp-container-core-columns-is-layout-28f84493 wp-block-columns-is-layout-flex\">\n<div class=\"wp-block-column is-layout-flow wp-block-column-is-layout-flow\">\n<p class=\"has-small-font-size\"><img loading=\"lazy\" decoding=\"async\" width=\"16\" height=\"13\" class=\"wp-image-1158\" style=\"width: 16px;\" src=\"http:\/\/arnaudgrob.com\/wp-content\/uploads\/2026\/01\/puce2.png\" alt=\"\"> Apr\u00e8s avoir identifi\u00e9 avec les \u00e9quipes les besoins, les difficult\u00e9s r\u00e9currentes ainsi que les bonnes pratiques d\u00e9j\u00e0 existantes via un diagnostic participatif, j&#8217;\u00e9labore des r\u00e8gles de travail et des mod\u00e8les de documents sur mesure, directement utilisables pour gagner rapidement en efficacit\u00e9.<\/p>\n<\/div>\n\n\n\n<div class=\"wp-block-column is-layout-flow wp-block-column-is-layout-flow\">\n<p class=\"has-small-font-size\"><img loading=\"lazy\" decoding=\"async\" width=\"16\" height=\"13\" class=\"wp-image-1158\" style=\"width: 16px;\" src=\"http:\/\/arnaudgrob.com\/wp-content\/uploads\/2026\/01\/puce2.png\" alt=\"\"> Ce type de mission se cl\u00f4t g\u00e9n\u00e9ralement par une formation cibl\u00e9e ou un accompagnement des chefs de projets dans la mise en pratique des nouvelles m\u00e9thodes mises en place, permettant ainsi un transfert durable des comp\u00e9tences.<\/p>\n<\/div>\n\n\n\n<div class=\"wp-block-column is-layout-flow wp-block-column-is-layout-flow\">\n<p class=\"has-small-font-size\"><img loading=\"lazy\" decoding=\"async\" width=\"16\" height=\"13\" class=\"wp-image-1158\" style=\"width: 16px;\" src=\"http:\/\/arnaudgrob.com\/wp-content\/uploads\/2026\/01\/puce2.png\" alt=\"\"> Ces interventions, d&#8217;une dur\u00e9e de quelques semaines, concernent majoritairement des structures g\u00e9rant moins d&#8217;une cinquantaine de projets par an.<\/p>\n<\/div>\n<\/div>\n<\/div>\n<\/div>\n<\/div>\n\n\n\n<div class=\"wp-block-columns alignwide is-layout-flex wp-container-core-columns-is-layout-28f84493 wp-block-columns-is-layout-flex\">\n<div class=\"wp-block-column has-foreground-color has-quaternary-background-color has-text-color has-background is-layout-flow wp-block-column-is-layout-flow\">\n<div class=\"wp-block-group has-quaternary-background-color has-background is-layout-flow wp-container-core-group-is-layout-8cfe5ef5 wp-block-group-is-layout-flow\" style=\"margin-top:0px;margin-bottom:0px\">\n<h6 class=\"wp-block-heading has-text-align-left\" id=\"my-story\" style=\"line-height:1\"><strong>R\u00e9f\u00e9rentiels m\u00e9thodologiques<\/strong><\/h6>\n\n\n\n<p class=\"has-text-align-left\">Dans le cadre de missions longues, j&#8217;interviens aupr\u00e8s de clients d\u00e9j\u00e0 exp\u00e9riment\u00e9s qui souhaitent <strong>franchir un cap dans la gestion de leurs projets en standardisant leurs pratiques<\/strong>.<\/p>\n\n\n\n<div class=\"wp-block-columns is-layout-flex wp-container-core-columns-is-layout-28f84493 wp-block-columns-is-layout-flex\">\n<div class=\"wp-block-column is-layout-flow wp-block-column-is-layout-flow\">\n<p class=\"has-small-font-size\"><img loading=\"lazy\" decoding=\"async\" width=\"16\" height=\"13\" class=\"wp-image-1158\" style=\"width: 16px;\" src=\"http:\/\/arnaudgrob.com\/wp-content\/uploads\/2026\/01\/puce2.png\" alt=\"\"> Pour ce faire, je conduis des audits organisationnels approfondis permettant d&#8217;identifier avec pr\u00e9cision les bonnes pratiques et les points de blocage.<\/p>\n<\/div>\n\n\n\n<div class=\"wp-block-column is-layout-flow wp-block-column-is-layout-flow\">\n<p class=\"has-small-font-size\"><img loading=\"lazy\" decoding=\"async\" width=\"16\" height=\"13\" class=\"wp-image-1158\" style=\"width: 16px;\" src=\"http:\/\/arnaudgrob.com\/wp-content\/uploads\/2026\/01\/puce2.png\" alt=\"\"> Sur cette base, je suis amen\u00e9 \u00e0 faire \u00e9merger des recommandations, \u00e0 harmoniser les processus couvrant l&#8217;int\u00e9gralit\u00e9 du cycle de vie des projets, \u00e0 formaliser les r\u00f4les et responsabilit\u00e9s des diff\u00e9rents acteurs, ainsi qu&#8217;\u00e0 concevoir des biblioth\u00e8ques de m\u00e9thodes et d&#8217;outils adapt\u00e9s aux besoins.<\/p>\n<\/div>\n\n\n\n<div class=\"wp-block-column is-layout-flow wp-block-column-is-layout-flow\">\n<p class=\"has-small-font-size\"><img loading=\"lazy\" decoding=\"async\" width=\"16\" height=\"13\" class=\"wp-image-1158\" style=\"width: 16px;\" src=\"http:\/\/arnaudgrob.com\/wp-content\/uploads\/2026\/01\/puce2.png\" alt=\"\"> Les dispositifs propos\u00e9s sont g\u00e9n\u00e9ralement test\u00e9s et optimis\u00e9s avec les \u00e9quipes durant une phase pilote s&#8217;\u00e9tendant sur plusieurs mois, puis consolid\u00e9s dans un r\u00e9f\u00e9rentiel m\u00e9thodologique int\u00e9gr\u00e9 au syst\u00e8me de management de la qualit\u00e9 de l&#8217;entreprise.<\/p>\n<\/div>\n<\/div>\n<\/div>\n<\/div>\n<\/div>\n\n\n\n<div class=\"wp-block-columns alignwide is-layout-flex wp-container-core-columns-is-layout-28f84493 wp-block-columns-is-layout-flex\">\n<div class=\"wp-block-column has-foreground-color has-quaternary-background-color has-text-color has-background is-layout-flow wp-block-column-is-layout-flow\">\n<div class=\"wp-block-group has-quaternary-background-color has-background is-layout-flow wp-container-core-group-is-layout-8cfe5ef5 wp-block-group-is-layout-flow\" style=\"margin-top:0px;margin-bottom:0px\">\n<h6 class=\"wp-block-heading has-text-align-left\" id=\"my-story\" style=\"line-height:1\"><strong>Gouvernance de portefeuilles &amp; PMO<\/strong><\/h6>\n\n\n\n<p class=\"has-text-align-left\">Dans les organisations matures, il est souvent n\u00e9cessaire d&#8217;aller au-del\u00e0 d&#8217;une simple harmonisation m\u00e9thodologique pour <strong>impl\u00e9menter une gouvernance op\u00e9rationnelle et strat\u00e9gique de l&#8217;ensemble des projets<\/strong>.<\/p>\n\n\n\n<div class=\"wp-block-columns is-layout-flex wp-container-core-columns-is-layout-28f84493 wp-block-columns-is-layout-flex\">\n<div class=\"wp-block-column is-layout-flow wp-block-column-is-layout-flow\">\n<p class=\"has-small-font-size\"><img loading=\"lazy\" decoding=\"async\" width=\"16\" height=\"13\" class=\"wp-image-1158\" style=\"width: 16px;\" src=\"http:\/\/arnaudgrob.com\/wp-content\/uploads\/2026\/01\/puce2.png\" alt=\"\"> Pour r\u00e9pondre \u00e0 ces demandes, je dispose d&#8217;une expertise reconnue dans le d\u00e9ploiement de processus et outils en management de portefeuilles de projets (PPM), la mise en place d&#8217;instances de gouvernance d\u00e9di\u00e9es, ainsi que la cr\u00e9ation ou l&#8217;optimisation de bureaux de gestion de projets (PMO).<\/p>\n<\/div>\n\n\n\n<div class=\"wp-block-column is-layout-flow wp-block-column-is-layout-flow\">\n<p class=\"has-small-font-size\"><img loading=\"lazy\" decoding=\"async\" width=\"16\" height=\"13\" class=\"wp-image-1158\" style=\"width: 16px;\" src=\"http:\/\/arnaudgrob.com\/wp-content\/uploads\/2026\/01\/puce2.png\" alt=\"\"> \u00c0 travers ces missions \u00e0 fort impact organisationnel, je contribue \u00e0 transformer la capacit\u00e9 de mes clients \u00e0 arbitrer et \u00e0 piloter leurs projets, dans une logique coh\u00e9rente de cr\u00e9ation de valeur.<\/p>\n<\/div>\n<\/div>\n<\/div>\n<\/div>\n<\/div>\n<\/div>\n","protected":false},"excerpt":{"rendered":"<p>fran\u00e7ais \/ english \/ deutsch Conseil en organisation Expert reconnu des standards m\u00e9thodologiques de r\u00e9f\u00e9rence (PMI, PRINCE2, IPMA, Scrum), je conseille depuis plus de vingt ans des entreprises et organisations de toutes tailles dans la structuration, l&#8217;harmonisation et la professionnalisation de leurs pratiques en management de projets (PM) et gestion de portefeuilles de projets (PPM, [&hellip;]<\/p>\n","protected":false},"author":1,"featured_media":0,"parent":0,"menu_order":0,"comment_status":"closed","ping_status":"closed","template":"wp-custom-template-pages-fr","meta":{"footnotes":""},"class_list":["post-78","page","type-page","status-publish","hentry"],"_links":{"self":[{"href":"https:\/\/arnaudgrob.com\/index.php\/wp-json\/wp\/v2\/pages\/78","targetHints":{"allow":["GET"]}}],"collection":[{"href":"https:\/\/arnaudgrob.com\/index.php\/wp-json\/wp\/v2\/pages"}],"about":[{"href":"https:\/\/arnaudgrob.com\/index.php\/wp-json\/wp\/v2\/types\/page"}],"author":[{"embeddable":true,"href":"https:\/\/arnaudgrob.com\/index.php\/wp-json\/wp\/v2\/users\/1"}],"replies":[{"embeddable":true,"href":"https:\/\/arnaudgrob.com\/index.php\/wp-json\/wp\/v2\/comments?post=78"}],"version-history":[{"count":70,"href":"https:\/\/arnaudgrob.com\/index.php\/wp-json\/wp\/v2\/pages\/78\/revisions"}],"predecessor-version":[{"id":2115,"href":"https:\/\/arnaudgrob.com\/index.php\/wp-json\/wp\/v2\/pages\/78\/revisions\/2115"}],"wp:attachment":[{"href":"https:\/\/arnaudgrob.com\/index.php\/wp-json\/wp\/v2\/media?parent=78"}],"curies":[{"name":"wp","href":"https:\/\/api.w.org\/{rel}","templated":true}]}}