{"id":635,"date":"2025-12-20T11:35:05","date_gmt":"2025-12-20T10:35:05","guid":{"rendered":"https:\/\/arnaudgrob.com\/?page_id=635"},"modified":"2026-03-03T00:26:27","modified_gmt":"2026-03-02T23:26:27","slug":"fr_accueil","status":"publish","type":"page","link":"https:\/\/arnaudgrob.com\/index.php\/fr_accueil\/","title":{"rendered":"Accueil"},"content":{"rendered":"<div class=\"wp-block-cover alignwide is-light\" style=\"padding-top:0vh;padding-right:0vh;padding-bottom:0vh;padding-left:0vh;min-height:428px\"><span aria-hidden=\"true\" class=\"wp-block-cover__background has-quaternary-background-color has-background-dim-0 has-background-dim\"><\/span><\/p>\n<div class=\"wp-block-cover__inner-container\">\n\n\n<div class=\"wp-block-group alignwide has-foreground-color has-text-color is-layout-flow wp-container-core-group-is-layout-25a8d821 wp-block-group-is-layout-flow\" style=\"padding-top:0vh;padding-bottom:0vh\">\n<p class=\"has-text-align-right has-foreground-color has-text-color has-link-color wp-elements-8dc2dc36ddd33cfdfb4912f81d96bffb\"><strong>fran\u00e7ais<\/strong> \/ <a href=\"https:\/\/arnaudgrob.com\/index.php\/en_accueil\/\" data-type=\"page\" data-id=\"1398\">english<\/a> \/ <a href=\"https:\/\/arnaudgrob.com\/index.php\/de_accueil\/\" data-type=\"page\" data-id=\"1443\">deutsch<\/a><\/p>\n\n\n\n<h6 class=\"wp-block-heading\"><br><\/h6>\n\n\n\n<div class=\"wp-block-columns is-layout-flex wp-container-core-columns-is-layout-28f84493 wp-block-columns-is-layout-flex\">\n<div class=\"wp-block-column is-layout-flow wp-block-column-is-layout-flow\" style=\"flex-basis:60%\">\n<h2 class=\"wp-block-heading has-heading-5-font-size\"><strong>Arnaud Grob<\/strong><br>consultant senior, formateur &amp; universitaire en management de projets<\/h2>\n\n\n\n<p><em>project management expertise. 20+ years.<\/em><\/p>\n<\/div>\n\n\n\n<div class=\"wp-block-column is-layout-flow wp-block-column-is-layout-flow\" style=\"flex-basis:40%\">\n<figure class=\"wp-block-image aligncenter size-full is-resized\"><img loading=\"lazy\" decoding=\"async\" width=\"1980\" height=\"2560\" src=\"http:\/\/arnaudgrob.com\/wp-content\/uploads\/2025\/12\/photo_ag-scaled.jpg\" alt=\"\" class=\"wp-image-588\" style=\"width:155px;height:auto\" srcset=\"https:\/\/arnaudgrob.com\/wp-content\/uploads\/2025\/12\/photo_ag-scaled.jpg 1980w, https:\/\/arnaudgrob.com\/wp-content\/uploads\/2025\/12\/photo_ag-232x300.jpg 232w, https:\/\/arnaudgrob.com\/wp-content\/uploads\/2025\/12\/photo_ag-792x1024.jpg 792w, https:\/\/arnaudgrob.com\/wp-content\/uploads\/2025\/12\/photo_ag-768x993.jpg 768w, https:\/\/arnaudgrob.com\/wp-content\/uploads\/2025\/12\/photo_ag-1188x1536.jpg 1188w, https:\/\/arnaudgrob.com\/wp-content\/uploads\/2025\/12\/photo_ag-1584x2048.jpg 1584w\" sizes=\"auto, (max-width: 1980px) 100vw, 1980px\" \/><\/figure>\n<\/div>\n<\/div>\n<\/div>\n\n\n\n<hr class=\"wp-block-separator has-text-color has-tertiary-color has-alpha-channel-opacity has-tertiary-background-color has-background is-style-bjork-angled-separator-wide\" style=\"margin-top:var(--wp--preset--spacing--50);margin-bottom:var(--wp--preset--spacing--50)\"\/>\n\n\n\n<div class=\"wp-block-columns alignwide is-layout-flex wp-container-core-columns-is-layout-28f84493 wp-block-columns-is-layout-flex\">\n<div class=\"wp-block-column is-layout-flow wp-block-column-is-layout-flow\">\n<p>Dipl\u00f4m\u00e9 d&#8217;HEC Paris et fondateur du cabinet O\u00efkos Consulting &amp; Training, je conseille des entreprises et forme des professionnels en management de projets depuis plus de vingt ans, en Europe et \u00e0 l&#8217;international (Chine, Etats-Unis).<\/p>\n\n\n\n<p>Sp\u00e9cialiste reconnu des standards m\u00e9thodologiques de r\u00e9f\u00e9rence (PMI, PRINCE2, IPMA, Scrum), mes domaines d&#8217;intervention s&#8217;articulent autour du conseil en organisation (PM, PPM, PMO), de l&#8217;accompagnement op\u00e9rationnel de projets et programmes complexes, ainsi que du d\u00e9ploiement de dispositifs de formation sur mesure.<\/p>\n\n\n\n<div class=\"wp-block-buttons is-content-justification-left is-layout-flex wp-container-core-buttons-is-layout-fc4fd283 wp-block-buttons-is-layout-flex\">\n<div class=\"wp-block-button is-style-outline is-style-outline--1\"><a class=\"wp-block-button__link has-foreground-color has-background-background-color has-text-color has-background has-link-color wp-element-button\" href=\"https:\/\/arnaudgrob.com\/index.php\/fr_references\/\">principales r\u00e9f\u00e9rences<\/a><\/div>\n<\/div>\n<\/div>\n\n\n\n<div class=\"wp-block-column is-layout-flow wp-container-core-column-is-layout-0d1bd4b5 wp-block-column-is-layout-flow\">\n<p>Ma\u00eetre de conf\u00e9rences associ\u00e9 \u00e0 l&#8217;Universit\u00e9 de Strasbourg depuis 2011, j&#8217;assure la direction du master Management de Projets Internationaux et dispense des enseignements sp\u00e9cialis\u00e9s trilingues (allemand, anglais, fran\u00e7ais) au sein de plusieurs universit\u00e9s et grandes \u00e9coles en France et en Allemagne.<\/p>\n\n\n\n<p>Je place la transmission des savoirs au c\u0153ur de ma mission : auteur d&#8217;un manuel de r\u00e9f\u00e9rence publi\u00e9 aux \u00e9ditions Vuibert en 2020, je suis \u00e9galement instructeur LinkedIn Learning depuis 2023. Mes trois formations en ligne ont \u00e9t\u00e9 suivies par plus de 60 000 apprenants francophones et figurent parmi les plus populaires et les mieux not\u00e9es en management de projets sur cette plateforme (4 000 mentions \u00ab J&#8217;aime \u00bb | note moyenne 4,6\/5 | 2 accr\u00e9ditations PMI).<\/p>\n<\/div>\n<\/div>\n\n\n\n<hr class=\"wp-block-separator has-text-color has-tertiary-color has-alpha-channel-opacity has-tertiary-background-color has-background is-style-bjork-angled-separator-wide\" style=\"margin-top:var(--wp--preset--spacing--50);margin-bottom:var(--wp--preset--spacing--50)\"\/>\n\n\n\n<div class=\"wp-block-columns alignwide is-layout-flex wp-container-core-columns-is-layout-28f84493 wp-block-columns-is-layout-flex\">\n<div class=\"wp-block-column has-foreground-color has-quaternary-background-color has-text-color has-background is-layout-flow wp-block-column-is-layout-flow\">\n<figure class=\"wp-block-image size-full has-custom-border\"><img loading=\"lazy\" decoding=\"async\" width=\"2560\" height=\"480\" src=\"http:\/\/arnaudgrob.com\/wp-content\/uploads\/2025\/12\/sommet_HD-scaled.png\" alt=\"\" class=\"wp-image-469\" style=\"border-top-left-radius:0px;border-top-right-radius:0px;border-bottom-left-radius:0px;border-bottom-right-radius:0px\" srcset=\"https:\/\/arnaudgrob.com\/wp-content\/uploads\/2025\/12\/sommet_HD-scaled.png 2560w, https:\/\/arnaudgrob.com\/wp-content\/uploads\/2025\/12\/sommet_HD-300x56.png 300w, https:\/\/arnaudgrob.com\/wp-content\/uploads\/2025\/12\/sommet_HD-1024x192.png 1024w, https:\/\/arnaudgrob.com\/wp-content\/uploads\/2025\/12\/sommet_HD-768x144.png 768w, https:\/\/arnaudgrob.com\/wp-content\/uploads\/2025\/12\/sommet_HD-1536x288.png 1536w, https:\/\/arnaudgrob.com\/wp-content\/uploads\/2025\/12\/sommet_HD-2048x384.png 2048w\" sizes=\"auto, (max-width: 2560px) 100vw, 2560px\" \/><\/figure>\n\n\n\n<div class=\"wp-block-group has-quaternary-background-color has-background is-layout-flow wp-container-core-group-is-layout-e0ea0936 wp-block-group-is-layout-flow\" style=\"margin-top:0px;margin-bottom:0px\">\n<h6 class=\"wp-block-heading has-text-align-left\" id=\"my-story\" style=\"line-height:1\">Conseil<\/h6>\n\n\n\n<p class=\"has-text-align-left has-small-font-size\">Conseil en organisation (PM, PPM, PMO)<\/p>\n\n\n\n<p class=\"has-text-align-left has-small-font-size\">Accompagnement de projets &amp; programmes<\/p>\n\n\n\n<p class=\"has-text-align-left has-small-font-size\">Interventions \u00e0 l&#8217;international<\/p>\n\n\n\n<div class=\"wp-block-buttons is-layout-flex wp-block-buttons-is-layout-flex\">\n<div class=\"wp-block-button\"><a class=\"wp-block-button__link has-foreground-background-color has-background has-tiny-font-size has-custom-font-size wp-element-button\" href=\"https:\/\/arnaudgrob.com\/index.php\/fr_conseil\/\">PLUS D&#8217;INFOS<\/a><\/div>\n<\/div>\n<\/div>\n<\/div>\n\n\n\n<div class=\"wp-block-column has-foreground-color has-quaternary-background-color has-text-color has-background is-layout-flow wp-block-column-is-layout-flow\">\n<figure class=\"wp-block-image size-full has-custom-border\"><img loading=\"lazy\" decoding=\"async\" width=\"2560\" height=\"480\" src=\"https:\/\/arnaudgrob.com\/wp-content\/uploads\/2024\/12\/training-scaled.png\" alt=\"\" class=\"wp-image-476\" style=\"border-top-left-radius:0px;border-top-right-radius:0px;border-bottom-left-radius:0px;border-bottom-right-radius:0px\" srcset=\"https:\/\/arnaudgrob.com\/wp-content\/uploads\/2024\/12\/training-scaled.png 2560w, https:\/\/arnaudgrob.com\/wp-content\/uploads\/2024\/12\/training-300x56.png 300w, https:\/\/arnaudgrob.com\/wp-content\/uploads\/2024\/12\/training-1024x192.png 1024w, https:\/\/arnaudgrob.com\/wp-content\/uploads\/2024\/12\/training-768x144.png 768w, https:\/\/arnaudgrob.com\/wp-content\/uploads\/2024\/12\/training-1536x288.png 1536w, https:\/\/arnaudgrob.com\/wp-content\/uploads\/2024\/12\/training-2048x384.png 2048w\" sizes=\"auto, (max-width: 2560px) 100vw, 2560px\" \/><\/figure>\n\n\n\n<div class=\"wp-block-group has-quaternary-background-color has-background is-layout-flow wp-container-core-group-is-layout-8cfe5ef5 wp-block-group-is-layout-flow\" style=\"margin-top:0px;margin-bottom:0px\">\n<h6 class=\"wp-block-heading has-text-align-left\" id=\"my-story\" style=\"line-height:1\">Formation<\/h6>\n\n\n\n<p class=\"has-text-align-left has-small-font-size\">Dispositifs de formation intra-entreprise<\/p>\n\n\n\n<p class=\"has-text-align-left has-small-font-size\">Cr\u00e9ation de contenus e-learning<\/p>\n\n\n\n<p class=\"has-text-align-left has-small-font-size\">Formations trilingues : allemand, anglais, fran\u00e7ais<\/p>\n\n\n\n<div class=\"wp-block-buttons is-layout-flex wp-block-buttons-is-layout-flex\">\n<div class=\"wp-block-button\"><a class=\"wp-block-button__link has-foreground-background-color has-background has-tiny-font-size has-custom-font-size wp-element-button\" href=\"https:\/\/arnaudgrob.com\/index.php\/fr_formation1\/\">PLUS D&#8217;INFOS<\/a><\/div>\n<\/div>\n<\/div>\n<\/div>\n<\/div>\n\n\n\n<div class=\"wp-block-columns alignwide is-layout-flex wp-container-core-columns-is-layout-28f84493 wp-block-columns-is-layout-flex\">\n<div class=\"wp-block-column has-foreground-color has-quaternary-background-color has-text-color has-background is-layout-flow wp-block-column-is-layout-flow\">\n<figure class=\"wp-block-image size-full has-custom-border\"><img loading=\"lazy\" decoding=\"async\" width=\"2560\" height=\"480\" src=\"http:\/\/arnaudgrob.com\/wp-content\/uploads\/2025\/12\/banner_academique-scaled.png\" alt=\"\" class=\"wp-image-536\" style=\"border-top-left-radius:0px;border-top-right-radius:0px;border-bottom-left-radius:0px;border-bottom-right-radius:0px\" srcset=\"https:\/\/arnaudgrob.com\/wp-content\/uploads\/2025\/12\/banner_academique-scaled.png 2560w, https:\/\/arnaudgrob.com\/wp-content\/uploads\/2025\/12\/banner_academique-300x56.png 300w, https:\/\/arnaudgrob.com\/wp-content\/uploads\/2025\/12\/banner_academique-1024x192.png 1024w, https:\/\/arnaudgrob.com\/wp-content\/uploads\/2025\/12\/banner_academique-768x144.png 768w, https:\/\/arnaudgrob.com\/wp-content\/uploads\/2025\/12\/banner_academique-1536x288.png 1536w, https:\/\/arnaudgrob.com\/wp-content\/uploads\/2025\/12\/banner_academique-2048x384.png 2048w\" sizes=\"auto, (max-width: 2560px) 100vw, 2560px\" \/><\/figure>\n\n\n\n<div class=\"wp-block-group has-quaternary-background-color has-background is-layout-flow wp-container-core-group-is-layout-e0ea0936 wp-block-group-is-layout-flow\" style=\"margin-top:0px;margin-bottom:0px\">\n<h6 class=\"wp-block-heading has-text-align-left\" id=\"my-story\" style=\"line-height:1\">Acad\u00e9mique<\/h6>\n\n\n\n<p class=\"has-text-align-left has-small-font-size\">Direction du master &#8220;Management de Projets Internationaux&#8221; \u00e0 l&#8217;Universit\u00e9 de Strasbourg<\/p>\n\n\n\n<p class=\"has-text-align-left has-small-font-size\">Enseignements en France et en Allemagne<\/p>\n\n\n\n<p class=\"has-small-font-size\">Dipl\u00f4m\u00e9 Master in Management, HEC Paris<\/p>\n\n\n\n<div class=\"wp-block-buttons is-layout-flex wp-block-buttons-is-layout-flex\">\n<div class=\"wp-block-button\"><a class=\"wp-block-button__link has-foreground-background-color has-background has-tiny-font-size has-custom-font-size wp-element-button\" href=\"https:\/\/arnaudgrob.com\/index.php\/fr_academique1\/\">PLUS D&#8217;INFOS<\/a><\/div>\n<\/div>\n<\/div>\n<\/div>\n\n\n\n<div class=\"wp-block-column has-foreground-color has-quaternary-background-color has-text-color has-background is-layout-flow wp-block-column-is-layout-flow\">\n<figure class=\"wp-block-image size-full has-custom-border\"><img loading=\"lazy\" decoding=\"async\" width=\"2560\" height=\"480\" src=\"http:\/\/arnaudgrob.com\/wp-content\/uploads\/2025\/12\/elearning2_banner.png\" alt=\"\" class=\"wp-image-582\" style=\"border-top-left-radius:0px;border-top-right-radius:0px;border-bottom-left-radius:0px;border-bottom-right-radius:0px\" srcset=\"https:\/\/arnaudgrob.com\/wp-content\/uploads\/2025\/12\/elearning2_banner.png 2560w, https:\/\/arnaudgrob.com\/wp-content\/uploads\/2025\/12\/elearning2_banner-300x56.png 300w, https:\/\/arnaudgrob.com\/wp-content\/uploads\/2025\/12\/elearning2_banner-1024x192.png 1024w, https:\/\/arnaudgrob.com\/wp-content\/uploads\/2025\/12\/elearning2_banner-768x144.png 768w, https:\/\/arnaudgrob.com\/wp-content\/uploads\/2025\/12\/elearning2_banner-1536x288.png 1536w, https:\/\/arnaudgrob.com\/wp-content\/uploads\/2025\/12\/elearning2_banner-2048x384.png 2048w\" sizes=\"auto, (max-width: 2560px) 100vw, 2560px\" \/><\/figure>\n\n\n\n<div class=\"wp-block-group has-quaternary-background-color has-background is-layout-flow wp-container-core-group-is-layout-8cfe5ef5 wp-block-group-is-layout-flow\" style=\"margin-top:0px;margin-bottom:0px\">\n<h6 class=\"wp-block-heading has-text-align-left\" id=\"my-story\" style=\"line-height:1\">e-learning<\/h6>\n\n\n\n<p class=\"has-text-align-left has-small-font-size\">Instructeur francophone LinkedIn Learning en management de projets (3 cours \/ 2 accr\u00e9dit\u00e9s par le Project Management Institute, &gt; 60.000 apprenants)<\/p>\n\n\n\n<ul class=\"wp-block-list\">\n<li class=\"has-tiny-font-size\">Les fondements de la gestion de projet (1h47&#8242;)<\/li>\n\n\n\n<li class=\"has-tiny-font-size\">Les fondements de la m\u00e9thode Scrum (1h03&#8242;) <\/li>\n\n\n\n<li class=\"has-tiny-font-size\">La gestion financi\u00e8re d&#8217;un projet (58&#8242;)<\/li>\n<\/ul>\n\n\n\n<div class=\"wp-block-buttons is-layout-flex wp-block-buttons-is-layout-flex\">\n<div class=\"wp-block-button\"><a class=\"wp-block-button__link has-foreground-background-color has-background has-tiny-font-size has-custom-font-size wp-element-button\" href=\"https:\/\/arnaudgrob.com\/index.php\/fr_elearning\/\">PLUS D&#8217;INFOS<\/a><\/div>\n<\/div>\n<\/div>\n<\/div>\n<\/div>\n\n\n\n<div class=\"wp-block-columns alignwide is-layout-flex wp-container-core-columns-is-layout-28f84493 wp-block-columns-is-layout-flex\">\n<div class=\"wp-block-column has-foreground-color has-quaternary-background-color has-text-color has-background is-layout-flow wp-block-column-is-layout-flow\">\n<figure class=\"wp-block-image size-full has-custom-border\"><img loading=\"lazy\" decoding=\"async\" width=\"2560\" height=\"480\" src=\"http:\/\/arnaudgrob.com\/wp-content\/uploads\/2025\/12\/livre2.png\" alt=\"\" class=\"wp-image-692\" style=\"border-top-left-radius:0px;border-top-right-radius:0px;border-bottom-left-radius:0px;border-bottom-right-radius:0px\" srcset=\"https:\/\/arnaudgrob.com\/wp-content\/uploads\/2025\/12\/livre2.png 2560w, https:\/\/arnaudgrob.com\/wp-content\/uploads\/2025\/12\/livre2-300x56.png 300w, https:\/\/arnaudgrob.com\/wp-content\/uploads\/2025\/12\/livre2-1024x192.png 1024w, https:\/\/arnaudgrob.com\/wp-content\/uploads\/2025\/12\/livre2-768x144.png 768w, https:\/\/arnaudgrob.com\/wp-content\/uploads\/2025\/12\/livre2-1536x288.png 1536w, https:\/\/arnaudgrob.com\/wp-content\/uploads\/2025\/12\/livre2-2048x384.png 2048w\" sizes=\"auto, (max-width: 2560px) 100vw, 2560px\" \/><\/figure>\n\n\n\n<div class=\"wp-block-group has-quaternary-background-color has-background is-layout-flow wp-container-core-group-is-layout-8cfe5ef5 wp-block-group-is-layout-flow\" style=\"margin-top:0px;margin-bottom:0px\">\n<h6 class=\"wp-block-heading has-text-align-left\" id=\"my-story\" style=\"line-height:1\">Manuel<\/h6>\n\n\n\n<p class=\"has-text-align-left has-small-font-size\"><em>Management de projet : concepts, m\u00e9thodes et outils<\/em> paru en 2020 aux \u00e9ditions Vuibert<\/p>\n\n\n\n<p class=\"has-text-align-left has-small-font-size\">Ouvrage de r\u00e9f\u00e9rence francophone<\/p>\n\n\n\n<div class=\"wp-block-buttons is-layout-flex wp-block-buttons-is-layout-flex\">\n<div class=\"wp-block-button\"><a class=\"wp-block-button__link has-foreground-background-color has-background has-tiny-font-size has-custom-font-size wp-element-button\" href=\"https:\/\/arnaudgrob.com\/index.php\/fr_livre\/\">PLUS D&#8217;INFOS<\/a><\/div>\n<\/div>\n<\/div>\n<\/div>\n\n\n\n<div class=\"wp-block-column has-foreground-color has-quaternary-background-color has-text-color has-background is-layout-flow wp-block-column-is-layout-flow\">\n<figure class=\"wp-block-image size-full has-custom-border\"><img loading=\"lazy\" decoding=\"async\" width=\"1536\" height=\"312\" src=\"http:\/\/arnaudgrob.com\/wp-content\/uploads\/2026\/01\/banner_ressources.png\" alt=\"\" class=\"wp-image-731\" style=\"border-top-left-radius:0px;border-top-right-radius:0px;border-bottom-left-radius:0px;border-bottom-right-radius:0px\" srcset=\"https:\/\/arnaudgrob.com\/wp-content\/uploads\/2026\/01\/banner_ressources.png 1536w, https:\/\/arnaudgrob.com\/wp-content\/uploads\/2026\/01\/banner_ressources-300x61.png 300w, https:\/\/arnaudgrob.com\/wp-content\/uploads\/2026\/01\/banner_ressources-1024x208.png 1024w, https:\/\/arnaudgrob.com\/wp-content\/uploads\/2026\/01\/banner_ressources-768x156.png 768w\" sizes=\"auto, (max-width: 1536px) 100vw, 1536px\" \/><\/figure>\n\n\n\n<div class=\"wp-block-group has-quaternary-background-color has-background is-layout-flow wp-container-core-group-is-layout-8cfe5ef5 wp-block-group-is-layout-flow\" style=\"margin-top:0px;margin-bottom:0px\">\n<h6 class=\"wp-block-heading has-text-align-left\" id=\"my-story\" style=\"line-height:1\">Ressources<\/h6>\n\n\n\n<p class=\"has-text-align-left has-small-font-size\">Standards en management de projets<\/p>\n\n\n\n<p class=\"has-text-align-left has-small-font-size\">Logiciels libres sp\u00e9cialis\u00e9s<\/p>\n\n\n\n<p class=\"has-text-align-left has-small-font-size\">Revues acad\u00e9miques et professionnelles<\/p>\n\n\n\n<div class=\"wp-block-buttons is-layout-flex wp-block-buttons-is-layout-flex\">\n<div class=\"wp-block-button\"><a class=\"wp-block-button__link has-foreground-background-color has-background has-tiny-font-size has-custom-font-size wp-element-button\" href=\"https:\/\/arnaudgrob.com\/index.php\/fr_ressources\/\">PLUS d&#8217;infos<\/a><\/div>\n<\/div>\n<\/div>\n<\/div>\n<\/div>\n\n\n<\/div>\n<p><!-- \/wp:post-content --><\/p>","protected":false},"excerpt":{"rendered":"<p>fran\u00e7ais \/ english \/ deutsch Arnaud Grobconsultant senior, formateur &amp; universitaire en management de projets project management expertise. 20+ years. Dipl\u00f4m\u00e9 d&#8217;HEC Paris et fondateur du cabinet O\u00efkos Consulting &amp; Training, je conseille des entreprises et forme des professionnels en management de projets depuis plus de vingt ans, en Europe et \u00e0 l&#8217;international (Chine, Etats-Unis). [&hellip;]<\/p>\n","protected":false},"author":1,"featured_media":0,"parent":0,"menu_order":0,"comment_status":"closed","ping_status":"closed","template":"wp-custom-template-pages-fr","meta":{"footnotes":""},"class_list":["post-635","page","type-page","status-publish","hentry"],"_links":{"self":[{"href":"https:\/\/arnaudgrob.com\/index.php\/wp-json\/wp\/v2\/pages\/635","targetHints":{"allow":["GET"]}}],"collection":[{"href":"https:\/\/arnaudgrob.com\/index.php\/wp-json\/wp\/v2\/pages"}],"about":[{"href":"https:\/\/arnaudgrob.com\/index.php\/wp-json\/wp\/v2\/types\/page"}],"author":[{"embeddable":true,"href":"https:\/\/arnaudgrob.com\/index.php\/wp-json\/wp\/v2\/users\/1"}],"replies":[{"embeddable":true,"href":"https:\/\/arnaudgrob.com\/index.php\/wp-json\/wp\/v2\/comments?post=635"}],"version-history":[{"count":112,"href":"https:\/\/arnaudgrob.com\/index.php\/wp-json\/wp\/v2\/pages\/635\/revisions"}],"predecessor-version":[{"id":2228,"href":"https:\/\/arnaudgrob.com\/index.php\/wp-json\/wp\/v2\/pages\/635\/revisions\/2228"}],"wp:attachment":[{"href":"https:\/\/arnaudgrob.com\/index.php\/wp-json\/wp\/v2\/media?parent=635"}],"curies":[{"name":"wp","href":"https:\/\/api.w.org\/{rel}","templated":true}]}}