{"id":542,"date":"2025-12-19T17:19:59","date_gmt":"2025-12-19T16:19:59","guid":{"rendered":"https:\/\/arnaudgrob.com\/?page_id=542"},"modified":"2026-03-02T07:59:43","modified_gmt":"2026-03-02T06:59:43","slug":"fr_livre","status":"publish","type":"page","link":"https:\/\/arnaudgrob.com\/index.php\/fr_livre\/","title":{"rendered":"Manuel"},"content":{"rendered":"\n<div class=\"wp-block-group alignwide has-foreground-color has-text-color is-layout-flow wp-container-core-group-is-layout-87c8ae1d wp-block-group-is-layout-flow\" style=\"padding-top:0vh;padding-right:var(--wp--preset--spacing--20);padding-bottom:0vh;padding-left:var(--wp--preset--spacing--20)\">\n<p class=\"has-text-align-right has-foreground-color has-text-color has-link-color\"><strong>fran\u00e7ais<\/strong> \/ <a href=\"https:\/\/arnaudgrob.com\/index.php\/en_livre\/\" data-type=\"page\" data-id=\"1406\">english<\/a> \/ <a href=\"https:\/\/arnaudgrob.com\/index.php\/de_livre\/\" data-type=\"page\" data-id=\"1451\">deutsch<\/a><\/p>\n\n\n\n<div class=\"wp-block-cover alignwide is-light\" style=\"border-radius:28px;padding-top:0vh;padding-right:0vh;padding-bottom:0vh;padding-left:0vh;min-height:294px;aspect-ratio:unset;\"><img loading=\"lazy\" decoding=\"async\" width=\"2560\" height=\"480\" class=\"wp-block-cover__image-background wp-image-692 size-full\" alt=\"\" src=\"http:\/\/arnaudgrob.com\/wp-content\/uploads\/2025\/12\/livre2.png\" style=\"object-position:83% 66%\" data-object-fit=\"cover\" data-object-position=\"83% 66%\" srcset=\"https:\/\/arnaudgrob.com\/wp-content\/uploads\/2025\/12\/livre2.png 2560w, https:\/\/arnaudgrob.com\/wp-content\/uploads\/2025\/12\/livre2-300x56.png 300w, https:\/\/arnaudgrob.com\/wp-content\/uploads\/2025\/12\/livre2-1024x192.png 1024w, https:\/\/arnaudgrob.com\/wp-content\/uploads\/2025\/12\/livre2-768x144.png 768w, https:\/\/arnaudgrob.com\/wp-content\/uploads\/2025\/12\/livre2-1536x288.png 1536w, https:\/\/arnaudgrob.com\/wp-content\/uploads\/2025\/12\/livre2-2048x384.png 2048w\" sizes=\"auto, (max-width: 2560px) 100vw, 2560px\" \/><span aria-hidden=\"true\" class=\"wp-block-cover__background has-quaternary-background-color has-background-dim-0 has-background-dim\"><\/span><div class=\"wp-block-cover__inner-container is-layout-flow wp-block-cover-is-layout-flow\">\n<div class=\"wp-block-group alignwide has-foreground-color has-text-color is-layout-flow wp-container-core-group-is-layout-c0b943fb wp-block-group-is-layout-flow\" style=\"padding-top:0vh;padding-right:var(--wp--preset--spacing--20);padding-bottom:0vh;padding-left:var(--wp--preset--spacing--20)\">\n<p><br><br><br><br><br><br><\/p>\n<\/div>\n<\/div><\/div>\n\n\n\n<hr class=\"wp-block-separator has-text-color has-tertiary-color has-alpha-channel-opacity has-tertiary-background-color has-background is-style-bjork-angled-separator-wide\"\/>\n\n\n\n<h2 class=\"wp-block-heading has-text-align-left has-extra-large-font-size\" id=\"conseil_organisation\">Manuel<\/h2>\n\n\n\n<div class=\"wp-block-columns alignwide is-layout-flex wp-container-core-columns-is-layout-28f84493 wp-block-columns-is-layout-flex\">\n<div class=\"wp-block-column has-foreground-color has-quaternary-background-color has-text-color has-background is-layout-flow wp-block-column-is-layout-flow\">\n<div class=\"wp-block-group has-quaternary-background-color has-background is-layout-flow wp-container-core-group-is-layout-8cfe5ef5 wp-block-group-is-layout-flow\" style=\"margin-top:0px;margin-bottom:0px\">\n<div class=\"wp-block-columns is-layout-flex wp-container-core-columns-is-layout-28f84493 wp-block-columns-is-layout-flex\">\n<div class=\"wp-block-column is-layout-flow wp-block-column-is-layout-flow\" style=\"flex-basis:20%\">\n<figure class=\"wp-block-image size-large\"><img loading=\"lazy\" decoding=\"async\" width=\"680\" height=\"1024\" src=\"http:\/\/arnaudgrob.com\/wp-content\/uploads\/2025\/12\/couverture_GROB_vuibert-680x1024.png\" alt=\"\" class=\"wp-image-673\" srcset=\"https:\/\/arnaudgrob.com\/wp-content\/uploads\/2025\/12\/couverture_GROB_vuibert-680x1024.png 680w, https:\/\/arnaudgrob.com\/wp-content\/uploads\/2025\/12\/couverture_GROB_vuibert-199x300.png 199w, https:\/\/arnaudgrob.com\/wp-content\/uploads\/2025\/12\/couverture_GROB_vuibert-768x1157.png 768w, https:\/\/arnaudgrob.com\/wp-content\/uploads\/2025\/12\/couverture_GROB_vuibert-1020x1536.png 1020w, https:\/\/arnaudgrob.com\/wp-content\/uploads\/2025\/12\/couverture_GROB_vuibert-1360x2048.png 1360w, https:\/\/arnaudgrob.com\/wp-content\/uploads\/2025\/12\/couverture_GROB_vuibert-scaled.png 1700w\" sizes=\"auto, (max-width: 680px) 100vw, 680px\" \/><\/figure>\n<\/div>\n\n\n\n<div class=\"wp-block-column is-layout-flow wp-block-column-is-layout-flow\" style=\"flex-basis:80%\">\n<ul class=\"wp-block-list\">\n<li>Comment structurer et organiser un projet avec rigueur ?<\/li>\n\n\n\n<li>Quelles notions faut-il absolument ma\u00eetriser en management de projet ?<\/li>\n\n\n\n<li>Quelles sont les m\u00e9thodes incontournables \u00e0 conna\u00eetre ?<\/li>\n\n\n\n<li>Quels sont les outils les plus efficaces pour mener \u00e0 bien un projet ?<\/li>\n<\/ul>\n\n\n\n<p>Mon livre <strong><em>Management de projet : concepts, m\u00e9thodes et outils<\/em><\/strong>, publi\u00e9 en 2020 aux \u00e9ditions Vuibert (ISBN : 978-2-311-40696-2), apporte au lecteur francophone des r\u00e9ponses concr\u00e8tes \u00e0 l&#8217;ensemble de ces questions.<\/p>\n<\/div>\n<\/div>\n<\/div>\n<\/div>\n<\/div>\n\n\n\n<div class=\"wp-block-columns alignwide is-layout-flex wp-container-core-columns-is-layout-993ff0e8 wp-block-columns-is-layout-flex\" style=\"padding-top:0vh;padding-bottom:0vh\">\n<div class=\"wp-block-column is-layout-flow wp-block-column-is-layout-flow\">\n<p>Fruit de nombreuses ann\u00e9es d\u2019exp\u00e9rience professionnelle et d&#8217;enseignement, ce manuel propose une vision actuelle des pratiques du management de projet. Il aborde, sans les opposer, les approches traditionnelles et agiles. Il introduit \u00e9galement les concepts majeurs des grands standards internationaux (PMI, PRINCE2, Scrum) et constitue ainsi une lecture pr\u00e9alable \u00e0 ceux qui souhaitent s&#8217;engager dans une d\u00e9marche de certification individuelle.<\/p>\n\n\n\n<blockquote class=\"wp-block-quote is-layout-flow wp-block-quote-is-layout-flow\">\n<p>Un ouvrage riche et complet sur le management de projet d&#8217;aujourd&#8217;hui, con\u00e7u pour accompagner \u00e9tudiants et professionnels dans la ma\u00eetrise des fondamentaux et des pratiques avanc\u00e9es de cette discipline.<\/p>\n<\/blockquote>\n\n\n\n<div style=\"height:30px\" aria-hidden=\"true\" class=\"wp-block-spacer\"><\/div>\n\n\n\n<div class=\"wp-block-buttons is-content-justification-center is-layout-flex wp-container-core-buttons-is-layout-a89b3969 wp-block-buttons-is-layout-flex\">\n<div class=\"wp-block-button is-style-outline is-style-outline--2\"><a class=\"wp-block-button__link has-foreground-color has-background-background-color has-text-color has-background has-link-color wp-element-button\" href=\"https:\/\/www.vuibert.fr\/livre\/9782311406962-management-de-projet\">SITE DE L&#8217;\u00c9DITEUR<\/a><\/div>\n\n\n\n<div class=\"wp-block-button is-style-outline is-style-outline--3\"><a class=\"wp-block-button__link has-foreground-color has-background-background-color has-text-color has-background has-link-color wp-element-button\" href=\"https:\/\/www.amazon.fr\/Management-projet-Concepts-m%C3%A9thodes-outils\/dp\/2311406965\">commander SUR AMAZON<\/a><\/div>\n<\/div>\n<\/div>\n<\/div>\n<\/div>\n","protected":false},"excerpt":{"rendered":"<p>fran\u00e7ais \/ english \/ deutsch Manuel Mon livre Management de projet : concepts, m\u00e9thodes et outils, publi\u00e9 en 2020 aux \u00e9ditions Vuibert (ISBN : 978-2-311-40696-2), apporte au lecteur francophone des r\u00e9ponses concr\u00e8tes \u00e0 l&#8217;ensemble de ces questions. Fruit de nombreuses ann\u00e9es d\u2019exp\u00e9rience professionnelle et d&#8217;enseignement, ce manuel propose une vision actuelle des pratiques du management [&hellip;]<\/p>\n","protected":false},"author":1,"featured_media":0,"parent":0,"menu_order":0,"comment_status":"closed","ping_status":"closed","template":"wp-custom-template-pages-fr","meta":{"footnotes":""},"class_list":["post-542","page","type-page","status-publish","hentry"],"_links":{"self":[{"href":"https:\/\/arnaudgrob.com\/index.php\/wp-json\/wp\/v2\/pages\/542","targetHints":{"allow":["GET"]}}],"collection":[{"href":"https:\/\/arnaudgrob.com\/index.php\/wp-json\/wp\/v2\/pages"}],"about":[{"href":"https:\/\/arnaudgrob.com\/index.php\/wp-json\/wp\/v2\/types\/page"}],"author":[{"embeddable":true,"href":"https:\/\/arnaudgrob.com\/index.php\/wp-json\/wp\/v2\/users\/1"}],"replies":[{"embeddable":true,"href":"https:\/\/arnaudgrob.com\/index.php\/wp-json\/wp\/v2\/comments?post=542"}],"version-history":[{"count":59,"href":"https:\/\/arnaudgrob.com\/index.php\/wp-json\/wp\/v2\/pages\/542\/revisions"}],"predecessor-version":[{"id":2126,"href":"https:\/\/arnaudgrob.com\/index.php\/wp-json\/wp\/v2\/pages\/542\/revisions\/2126"}],"wp:attachment":[{"href":"https:\/\/arnaudgrob.com\/index.php\/wp-json\/wp\/v2\/media?parent=542"}],"curies":[{"name":"wp","href":"https:\/\/api.w.org\/{rel}","templated":true}]}}