{"id":510,"date":"2025-12-19T08:43:56","date_gmt":"2025-12-19T07:43:56","guid":{"rendered":"https:\/\/arnaudgrob.com\/?page_id=510"},"modified":"2026-03-02T07:58:27","modified_gmt":"2026-03-02T06:58:27","slug":"fr_academique2","status":"publish","type":"page","link":"https:\/\/arnaudgrob.com\/index.php\/fr_academique2\/","title":{"rendered":"Enseignements"},"content":{"rendered":"\n<div class=\"wp-block-group alignwide has-foreground-color has-text-color is-layout-flow wp-container-core-group-is-layout-87c8ae1d wp-block-group-is-layout-flow\" style=\"padding-top:0vh;padding-right:var(--wp--preset--spacing--20);padding-bottom:0vh;padding-left:var(--wp--preset--spacing--20)\">\n<p class=\"has-text-align-right has-foreground-color has-text-color has-link-color\"><strong>fran\u00e7ais<\/strong> \/ <a href=\"https:\/\/arnaudgrob.com\/index.php\/en_academique2\/\" data-type=\"page\" data-id=\"1396\">english<\/a> \/ <a href=\"https:\/\/arnaudgrob.com\/index.php\/de_academique2\/\" data-type=\"page\" data-id=\"1441\">deutsch<\/a><\/p>\n\n\n\n<div class=\"wp-block-cover alignwide\" style=\"border-radius:28px;padding-top:0vh;padding-right:0vh;padding-bottom:0vh;padding-left:0vh;min-height:294px;aspect-ratio:unset;\"><img loading=\"lazy\" decoding=\"async\" width=\"2560\" height=\"1491\" class=\"wp-block-cover__image-background wp-image-526 size-full\" alt=\"\" src=\"http:\/\/arnaudgrob.com\/wp-content\/uploads\/2025\/12\/academique2_hd-scaled.jpeg\" style=\"object-position:90% 20%\" data-object-fit=\"cover\" data-object-position=\"90% 20%\" srcset=\"https:\/\/arnaudgrob.com\/wp-content\/uploads\/2025\/12\/academique2_hd-scaled.jpeg 2560w, https:\/\/arnaudgrob.com\/wp-content\/uploads\/2025\/12\/academique2_hd-300x175.jpeg 300w, https:\/\/arnaudgrob.com\/wp-content\/uploads\/2025\/12\/academique2_hd-1024x596.jpeg 1024w, https:\/\/arnaudgrob.com\/wp-content\/uploads\/2025\/12\/academique2_hd-768x447.jpeg 768w, https:\/\/arnaudgrob.com\/wp-content\/uploads\/2025\/12\/academique2_hd-1536x895.jpeg 1536w, https:\/\/arnaudgrob.com\/wp-content\/uploads\/2025\/12\/academique2_hd-2048x1193.jpeg 2048w\" sizes=\"auto, (max-width: 2560px) 100vw, 2560px\" \/><span aria-hidden=\"true\" class=\"wp-block-cover__background has-quaternary-background-color has-background-dim-0 has-background-dim\"><\/span><div class=\"wp-block-cover__inner-container is-layout-flow wp-block-cover-is-layout-flow\">\n<div class=\"wp-block-group alignwide has-foreground-color has-text-color is-layout-flow wp-container-core-group-is-layout-87c8ae1d wp-block-group-is-layout-flow\" style=\"padding-top:0vh;padding-right:var(--wp--preset--spacing--20);padding-bottom:0vh;padding-left:var(--wp--preset--spacing--20)\">\n<div class=\"wp-block-buttons has-custom-font-size has-tiny-font-size is-content-justification-right is-layout-flex wp-container-core-buttons-is-layout-d36ff9ae wp-block-buttons-is-layout-flex\" style=\"padding-right:0;padding-left:0\">\n<div class=\"wp-block-button is-style-fill\"><a class=\"wp-block-button__link has-background-color has-foreground-background-color has-text-color has-background has-link-color has-tiny-font-size has-custom-font-size wp-element-button\" href=\"https:\/\/arnaudgrob.com\/index.php\/fr_academique1\/\">direction de master<\/a><\/div>\n<\/div>\n\n\n\n<div class=\"wp-block-buttons has-custom-font-size has-tiny-font-size is-content-justification-right is-layout-flex wp-container-core-buttons-is-layout-d445cf74 wp-block-buttons-is-layout-flex\">\n<div class=\"wp-block-button is-style-outline is-style-outline--1\"><a class=\"wp-block-button__link has-foreground-color has-background-background-color has-text-color has-background has-link-color wp-element-button\" style=\"padding-right:var(--wp--preset--spacing--30);padding-left:var(--wp--preset--spacing--30)\">enseignements<\/a><\/div>\n<\/div>\n\n\n\n<div class=\"wp-block-buttons has-custom-font-size has-tiny-font-size is-content-justification-right is-layout-flex wp-container-core-buttons-is-layout-d445cf74 wp-block-buttons-is-layout-flex\">\n<div class=\"wp-block-button\"><a class=\"wp-block-button__link wp-element-button\" href=\"https:\/\/arnaudgrob.com\/index.php\/fr_academique3\/\">formation acad\u00e9mique<\/a><\/div>\n<\/div>\n<\/div>\n<\/div><\/div>\n\n\n\n<hr class=\"wp-block-separator has-text-color has-tertiary-color has-alpha-channel-opacity has-tertiary-background-color has-background is-style-bjork-angled-separator-wide\"\/>\n\n\n\n<h2 class=\"wp-block-heading has-text-align-left has-extra-large-font-size\" id=\"conseil_organisation\">Enseignements<\/h2>\n\n\n\n<div class=\"wp-block-columns alignwide is-layout-flex wp-container-core-columns-is-layout-993ff0e8 wp-block-columns-is-layout-flex\" style=\"padding-top:0vh;padding-bottom:0vh\">\n<div class=\"wp-block-column is-layout-flow wp-block-column-is-layout-flow\">\n<p class=\"has-text-align-left has-large-font-size\">Ma\u00eetre de conf\u00e9rences associ\u00e9 (PAST) \u00e0 l&#8217;Universit\u00e9 de Strasbourg depuis 2011, j&#8217;interviens dans l&#8217;enseignement sup\u00e9rieur en France et en Allemagne, principalement au niveau master. Je con\u00e7ois et dispense des enseignements trilingues (anglais, fran\u00e7ais, allemand) en management de projets dans le cadre de parcours pluridisciplinaires, avec une expertise \u00e9tablie en management international et en sciences de gestion.<\/p>\n<\/div>\n<\/div>\n\n\n\n<div class=\"wp-block-columns alignwide is-layout-flex wp-container-core-columns-is-layout-28f84493 wp-block-columns-is-layout-flex\">\n<div class=\"wp-block-column has-foreground-color has-quaternary-background-color has-text-color has-background is-layout-flow wp-block-column-is-layout-flow\">\n<div class=\"wp-block-group has-quaternary-background-color has-background is-layout-flow wp-container-core-group-is-layout-8cfe5ef5 wp-block-group-is-layout-flow\" style=\"margin-top:0px;margin-bottom:0px\">\n<h6 class=\"wp-block-heading has-text-align-left\" id=\"my-story\" style=\"line-height:1\"><strong><strong>Parcours &amp; institutions<\/strong><\/strong><\/h6>\n\n\n\n<p class=\"has-text-align-left\"><strong>Parcours sp\u00e9cialis\u00e9s en management international<\/strong><\/p>\n\n\n\n<div class=\"wp-block-columns is-layout-flex wp-container-core-columns-is-layout-28f84493 wp-block-columns-is-layout-flex\">\n<div class=\"wp-block-column is-layout-flow wp-block-column-is-layout-flow\">\n<p class=\"has-small-font-size\"><img loading=\"lazy\" decoding=\"async\" width=\"16\" height=\"13\" class=\"wp-image-1158\" style=\"width: 16px;\" src=\"http:\/\/arnaudgrob.com\/wp-content\/uploads\/2026\/01\/puce2.png\" alt=\"\"> Master Management des projets internationaux<br><em>2011 &#8211; pr\u00e9sent<\/em><br>Facult\u00e9 des Sciences \u00c9conomiques et de Gestion<br>Universit\u00e9 de Strasbourg<\/p>\n<\/div>\n\n\n\n<div class=\"wp-block-column is-layout-flow wp-block-column-is-layout-flow\">\n<p class=\"has-small-font-size\"><img loading=\"lazy\" decoding=\"async\" width=\"16\" height=\"13\" class=\"wp-image-1158\" style=\"width: 16px;\" src=\"http:\/\/arnaudgrob.com\/wp-content\/uploads\/2026\/01\/puce2.png\" alt=\"\"> M.A. Internationale Wirtschaftsbeziehungen<br>Management international de l&#8217;innovation <br><em>2017 &#8211; pr\u00e9sent<\/em><br>double dipl\u00f4me franco-allemand<br>Universit\u00e4t Freiburg \/ Universit\u00e9 de Strasbourg<\/p>\n<\/div>\n<\/div>\n\n\n\n<div class=\"wp-block-columns is-layout-flex wp-container-core-columns-is-layout-28f84493 wp-block-columns-is-layout-flex\">\n<div class=\"wp-block-column is-layout-flow wp-block-column-is-layout-flow\">\n<p class=\"has-small-font-size\"><img loading=\"lazy\" decoding=\"async\" width=\"16\" height=\"13\" class=\"wp-image-1158\" style=\"width: 16px;\" src=\"http:\/\/arnaudgrob.com\/wp-content\/uploads\/2026\/01\/puce2.png\" alt=\"\"> Bachelorstudiengang BWL &#8211; Deutsch-franz\u00f6sisches Management <em>(arr\u00eat\u00e9)<\/em><br><em>2021 &#8211; 2024<\/em><br>Duale Hochschule Baden-W\u00fcrttemberg (DHBW), Karlsruhe<\/p>\n<\/div>\n\n\n\n<div class=\"wp-block-column is-layout-flow wp-block-column-is-layout-flow\">\n<p class=\"has-small-font-size\"><img loading=\"lazy\" decoding=\"async\" width=\"16\" height=\"13\" class=\"wp-image-1158\" style=\"width: 16px;\" src=\"http:\/\/arnaudgrob.com\/wp-content\/uploads\/2026\/01\/puce2.png\" alt=\"\"> Master Intelligence \u00e9conomique et d\u00e9veloppement international<br><em>2017 &#8211; pr\u00e9sent<\/em><br>Institut des Relations Internationales de l&#8217;Universit\u00e9 de Strasbourg (IRIUS)<\/p>\n<\/div>\n<\/div>\n\n\n\n<p class=\"has-text-align-left\"><strong>Parcours sp\u00e9cialis\u00e9s en sciences de gestion<\/strong><\/p>\n\n\n\n<div class=\"wp-block-columns is-layout-flex wp-container-core-columns-is-layout-28f84493 wp-block-columns-is-layout-flex\">\n<div class=\"wp-block-column is-layout-flow wp-block-column-is-layout-flow\">\n<p class=\"has-small-font-size\"><img loading=\"lazy\" decoding=\"async\" width=\"16\" height=\"13\" class=\"wp-image-1158\" style=\"width: 16px;\" src=\"http:\/\/arnaudgrob.com\/wp-content\/uploads\/2026\/01\/puce2.png\" alt=\"\"> Master Management de projet et d&#8217;affaires<br><em>2022 &#8211; pr\u00e9sent<\/em><br>Conservatoire National des Arts et M\u00e9tiers<br>(CNAM Grand-Est)<\/p>\n<\/div>\n\n\n\n<div class=\"wp-block-column is-layout-flow wp-block-column-is-layout-flow\">\n<p class=\"has-small-font-size\"><img loading=\"lazy\" decoding=\"async\" width=\"16\" height=\"13\" class=\"wp-image-1158\" style=\"width: 16px;\" src=\"http:\/\/arnaudgrob.com\/wp-content\/uploads\/2026\/01\/puce2.png\" alt=\"\"> Licence \u00c9conomie-Gestion<br><em>2024 &#8211; pr\u00e9sent<\/em><br>Facult\u00e9 des Sciences \u00c9conomiques et de Gestion<br>Universit\u00e9 de Strasbourg<\/p>\n<\/div>\n<\/div>\n\n\n\n<p class=\"has-text-align-left\"><strong>Autres sp\u00e9cialit\u00e9s<\/strong><\/p>\n\n\n\n<div class=\"wp-block-columns is-layout-flex wp-container-core-columns-is-layout-28f84493 wp-block-columns-is-layout-flex\">\n<div class=\"wp-block-column is-layout-flow wp-block-column-is-layout-flow\">\n<p class=\"has-small-font-size\"><img loading=\"lazy\" decoding=\"async\" width=\"16\" height=\"13\" class=\"wp-image-1158\" style=\"width: 16px;\" src=\"http:\/\/arnaudgrob.com\/wp-content\/uploads\/2026\/01\/puce2.png\" alt=\"\"> Master Gestion industrielle et innovation<br><em>2017 &#8211; pr\u00e9sent<\/em><br>dipl\u00f4me en formation continue<br>Institut Universitaire Technologique, Haguenau<\/p>\n<\/div>\n\n\n\n<div class=\"wp-block-column is-layout-flow wp-block-column-is-layout-flow\">\n<p class=\"has-small-font-size\"><img loading=\"lazy\" decoding=\"async\" width=\"16\" height=\"13\" class=\"wp-image-1158\" style=\"width: 16px;\" src=\"http:\/\/arnaudgrob.com\/wp-content\/uploads\/2026\/01\/puce2.png\" alt=\"\"> Master Didactique des langues &#8211; Fran\u00e7ais langue \u00e9trang\u00e8re, seconde, d&#8217;int\u00e9gration<br><em>2024 &#8211; pr\u00e9sent<\/em><br>Facult\u00e9 des Langues<br>Universit\u00e9 de Strasbourg<\/p>\n<\/div>\n<\/div>\n\n\n\n<div class=\"wp-block-columns is-layout-flex wp-container-core-columns-is-layout-28f84493 wp-block-columns-is-layout-flex\">\n<div class=\"wp-block-column is-layout-flow wp-block-column-is-layout-flow\">\n<p class=\"has-small-font-size\"><img loading=\"lazy\" decoding=\"async\" width=\"16\" height=\"13\" class=\"wp-image-1158\" style=\"width: 16px;\" src=\"http:\/\/arnaudgrob.com\/wp-content\/uploads\/2026\/01\/puce2.png\" alt=\"\"> Master Assurance et gestion des risques<br><em>2017 &#8211; pr\u00e9sent<\/em><br>Facult\u00e9 des Sciences \u00c9conomiques et de Gestion<br>Universit\u00e9 de Strasbourg<\/p>\n<\/div>\n\n\n\n<div class=\"wp-block-column is-layout-flow wp-block-column-is-layout-flow\">\n<p class=\"has-small-font-size\"><img loading=\"lazy\" decoding=\"async\" width=\"16\" height=\"13\" class=\"wp-image-1158\" style=\"width: 16px;\" src=\"http:\/\/arnaudgrob.com\/wp-content\/uploads\/2026\/01\/puce2.png\" alt=\"\"> Formation des administrateurs territoriaux<br>2011 &#8211; 2022<br>Institut National des \u00c9tudes Territoriales (INET), Strasbourg<\/p>\n<\/div>\n<\/div>\n<\/div>\n<\/div>\n<\/div>\n\n\n\n<div class=\"wp-block-columns alignwide is-layout-flex wp-container-core-columns-is-layout-28f84493 wp-block-columns-is-layout-flex\">\n<div class=\"wp-block-column has-foreground-color has-quaternary-background-color has-text-color has-background is-layout-flow wp-block-column-is-layout-flow\">\n<div class=\"wp-block-group has-quaternary-background-color has-background is-layout-flow wp-container-core-group-is-layout-8cfe5ef5 wp-block-group-is-layout-flow\" style=\"margin-top:0px;margin-bottom:0px\">\n<h6 class=\"wp-block-heading has-text-align-left\" id=\"my-story\" style=\"line-height:1\"><strong>Enseignements dispens\u00e9s<\/strong><\/h6>\n\n\n\n<p class=\"has-text-align-left\">Mes enseignements allient <strong>rigueur acad\u00e9mique<\/strong> et <strong>expertise professionnelle<\/strong>. S&#8217;appuyant sur les <strong>standards de r\u00e9f\u00e9rence (PMI, PRINCE2, IPMA, Scrum)<\/strong>, int\u00e9grant de <strong>nombreux cas r\u00e9els<\/strong> et proposant une ouverture \u00e0 des <strong>probl\u00e9matiques actuelles de recherche<\/strong>, ils permettent aux \u00e9tudiants d&#8217;acqu\u00e9rir des comp\u00e9tences op\u00e9rationnelles \u00e9prouv\u00e9es, imm\u00e9diatement mobilisables dans des <strong>environnements professionnels exigeants<\/strong>.<\/p>\n\n\n\n<p>Cours fondamentaux en management de projets<\/p>\n\n\n\n<ul class=\"wp-block-list\">\n<li class=\"has-small-font-size\">Fondamentaux en management de projets | 21h<\/li>\n\n\n\n<li class=\"has-small-font-size\">Introduction au management de projet agile | 9h<\/li>\n<\/ul>\n\n\n\n<p>Cours avanc\u00e9s en management de projets<\/p>\n\n\n\n<ul class=\"wp-block-list\">\n<li class=\"has-small-font-size\">Standards m\u00e9thodologiques en management de projets : PRINCE2, Scrum | 18h<\/li>\n\n\n\n<li class=\"has-small-font-size\">Gestion de portefeuilles de projets et de programmes | 12h<\/li>\n\n\n\n<li class=\"has-small-font-size\">Management des co\u00fbts d\u2019un projet | 12h<\/li>\n\n\n\n<li class=\"has-small-font-size\">Conduite de projets et outils informatiques | 12h<\/li>\n\n\n\n<li class=\"has-small-font-size\">Management des exigences et de la qualit\u00e9 dans les projets | 9h<\/li>\n<\/ul>\n\n\n\n<p>Cycle complet de cours en management de projets | 63h<\/p>\n<\/div>\n<\/div>\n<\/div>\n<\/div>\n","protected":false},"excerpt":{"rendered":"<p>fran\u00e7ais \/ english \/ deutsch Enseignements Ma\u00eetre de conf\u00e9rences associ\u00e9 (PAST) \u00e0 l&#8217;Universit\u00e9 de Strasbourg depuis 2011, j&#8217;interviens dans l&#8217;enseignement sup\u00e9rieur en France et en Allemagne, principalement au niveau master. Je con\u00e7ois et dispense des enseignements trilingues (anglais, fran\u00e7ais, allemand) en management de projets dans le cadre de parcours pluridisciplinaires, avec une expertise \u00e9tablie en [&hellip;]<\/p>\n","protected":false},"author":1,"featured_media":0,"parent":0,"menu_order":0,"comment_status":"closed","ping_status":"closed","template":"wp-custom-template-pages-fr","meta":{"footnotes":""},"class_list":["post-510","page","type-page","status-publish","hentry"],"_links":{"self":[{"href":"https:\/\/arnaudgrob.com\/index.php\/wp-json\/wp\/v2\/pages\/510","targetHints":{"allow":["GET"]}}],"collection":[{"href":"https:\/\/arnaudgrob.com\/index.php\/wp-json\/wp\/v2\/pages"}],"about":[{"href":"https:\/\/arnaudgrob.com\/index.php\/wp-json\/wp\/v2\/types\/page"}],"author":[{"embeddable":true,"href":"https:\/\/arnaudgrob.com\/index.php\/wp-json\/wp\/v2\/users\/1"}],"replies":[{"embeddable":true,"href":"https:\/\/arnaudgrob.com\/index.php\/wp-json\/wp\/v2\/comments?post=510"}],"version-history":[{"count":51,"href":"https:\/\/arnaudgrob.com\/index.php\/wp-json\/wp\/v2\/pages\/510\/revisions"}],"predecessor-version":[{"id":2123,"href":"https:\/\/arnaudgrob.com\/index.php\/wp-json\/wp\/v2\/pages\/510\/revisions\/2123"}],"wp:attachment":[{"href":"https:\/\/arnaudgrob.com\/index.php\/wp-json\/wp\/v2\/media?parent=510"}],"curies":[{"name":"wp","href":"https:\/\/api.w.org\/{rel}","templated":true}]}}