{"id":479,"date":"2025-12-01T17:18:03","date_gmt":"2025-12-01T16:18:03","guid":{"rendered":"https:\/\/arnaudgrob.com\/?page_id=479"},"modified":"2026-03-02T07:57:24","modified_gmt":"2026-03-02T06:57:24","slug":"fr_formation2","status":"publish","type":"page","link":"https:\/\/arnaudgrob.com\/index.php\/fr_formation2\/","title":{"rendered":"D\u00e9veloppement e-learning"},"content":{"rendered":"\n<div class=\"wp-block-group alignwide has-foreground-color has-text-color is-layout-flow wp-container-core-group-is-layout-87c8ae1d wp-block-group-is-layout-flow\" style=\"padding-top:0vh;padding-right:var(--wp--preset--spacing--20);padding-bottom:0vh;padding-left:var(--wp--preset--spacing--20)\">\n<p class=\"has-text-align-right has-foreground-color has-text-color has-link-color\"><strong>fran\u00e7ais<\/strong> \/ <a href=\"https:\/\/arnaudgrob.com\/index.php\/en_formation2\/\" data-type=\"page\" data-id=\"1404\">english<\/a> \/ <a href=\"https:\/\/arnaudgrob.com\/index.php\/de_formation2\/\" data-type=\"page\" data-id=\"1449\">deutsch<\/a><\/p>\n\n\n\n<div class=\"wp-block-cover alignwide is-light\" style=\"border-radius:28px;padding-top:0vh;padding-right:0vh;padding-bottom:0vh;padding-left:0vh;min-height:294px;aspect-ratio:unset;\"><img loading=\"lazy\" decoding=\"async\" width=\"2560\" height=\"480\" class=\"wp-block-cover__image-background wp-image-476 size-full\" alt=\"\" src=\"http:\/\/arnaudgrob.com\/wp-content\/uploads\/2024\/12\/training-scaled.png\" style=\"object-position:70% 50%\" data-object-fit=\"cover\" data-object-position=\"70% 50%\" srcset=\"https:\/\/arnaudgrob.com\/wp-content\/uploads\/2024\/12\/training-scaled.png 2560w, https:\/\/arnaudgrob.com\/wp-content\/uploads\/2024\/12\/training-300x56.png 300w, https:\/\/arnaudgrob.com\/wp-content\/uploads\/2024\/12\/training-1024x192.png 1024w, https:\/\/arnaudgrob.com\/wp-content\/uploads\/2024\/12\/training-768x144.png 768w, https:\/\/arnaudgrob.com\/wp-content\/uploads\/2024\/12\/training-1536x288.png 1536w, https:\/\/arnaudgrob.com\/wp-content\/uploads\/2024\/12\/training-2048x384.png 2048w\" sizes=\"auto, (max-width: 2560px) 100vw, 2560px\" \/><span aria-hidden=\"true\" class=\"wp-block-cover__background has-quaternary-background-color has-background-dim-0 has-background-dim\"><\/span><div class=\"wp-block-cover__inner-container is-layout-flow wp-block-cover-is-layout-flow\">\n<div class=\"wp-block-group alignwide has-foreground-color has-text-color is-layout-flow wp-container-core-group-is-layout-87c8ae1d wp-block-group-is-layout-flow\" style=\"padding-top:0vh;padding-right:var(--wp--preset--spacing--20);padding-bottom:0vh;padding-left:var(--wp--preset--spacing--20)\">\n<div class=\"wp-block-buttons has-custom-font-size has-tiny-font-size is-content-justification-right is-layout-flex wp-container-core-buttons-is-layout-d36ff9ae wp-block-buttons-is-layout-flex\" style=\"padding-right:0;padding-left:0\">\n<div class=\"wp-block-button is-style-fill\"><a class=\"wp-block-button__link has-background-color has-foreground-background-color has-text-color has-background has-link-color has-tiny-font-size has-custom-font-size wp-element-button\" href=\"https:\/\/arnaudgrob.com\/index.php\/fr_formation1\/\">intra-entreprise<\/a><\/div>\n<\/div>\n\n\n\n<div class=\"wp-block-buttons has-custom-font-size has-tiny-font-size is-content-justification-right is-layout-flex wp-container-core-buttons-is-layout-d445cf74 wp-block-buttons-is-layout-flex\">\n<div class=\"wp-block-button is-style-outline is-style-outline--1\"><a class=\"wp-block-button__link has-foreground-color has-background-background-color has-text-color has-background has-link-color wp-element-button\" style=\"padding-right:var(--wp--preset--spacing--30);padding-left:var(--wp--preset--spacing--30)\">d\u00e9veloppement e-learning<\/a><\/div>\n<\/div>\n\n\n\n<div class=\"wp-block-buttons has-custom-font-size has-tiny-font-size is-content-justification-right is-layout-flex wp-container-core-buttons-is-layout-d445cf74 wp-block-buttons-is-layout-flex\">\n<div class=\"wp-block-button\"><a class=\"wp-block-button__link wp-element-button\" href=\"https:\/\/arnaudgrob.com\/index.php\/fr_formation3\/\">FORMATIONS TRILINGUES<\/a><\/div>\n<\/div>\n<\/div>\n<\/div><\/div>\n\n\n\n<hr class=\"wp-block-separator has-text-color has-tertiary-color has-alpha-channel-opacity has-tertiary-background-color has-background is-style-bjork-angled-separator-wide\"\/>\n\n\n\n<h2 class=\"wp-block-heading has-text-align-left has-extra-large-font-size\" id=\"conseil_organisation\">D\u00e9veloppement e-learning<\/h2>\n\n\n\n<div class=\"wp-block-columns alignwide is-layout-flex wp-container-core-columns-is-layout-993ff0e8 wp-block-columns-is-layout-flex\" style=\"padding-top:0vh;padding-bottom:0vh\">\n<div class=\"wp-block-column is-layout-flow wp-block-column-is-layout-flow\">\n<p class=\"has-large-font-size\">Concepteur de contenus e-learning en management de projets depuis 2014, j&#8217;ai d\u00e9velopp\u00e9 plusieurs parcours de formation d&#8217;envergure pour le compte de grandes entreprises europ\u00e9ennes. Ces dispositifs enti\u00e8rement personnalis\u00e9s, qui repr\u00e9sentent plus de cent vid\u00e9os produites en environnement multilingue, se distinguent par leur int\u00e9gration compl\u00e8te dans les \u00e9cosyst\u00e8mes de formation de chaque organisation.<\/p>\n<\/div>\n<\/div>\n\n\n\n<div class=\"wp-block-columns alignwide is-layout-flex wp-container-core-columns-is-layout-28f84493 wp-block-columns-is-layout-flex\">\n<div class=\"wp-block-column has-foreground-color has-quaternary-background-color has-text-color has-background is-layout-flow wp-block-column-is-layout-flow\">\n<div class=\"wp-block-group has-quaternary-background-color has-background is-layout-flow wp-container-core-group-is-layout-8cfe5ef5 wp-block-group-is-layout-flow\" style=\"margin-top:0px;margin-bottom:0px\">\n<h6 class=\"wp-block-heading has-text-align-left\" id=\"my-story\" style=\"line-height:1\"><strong>Des parcours e-learning professionnalisants<\/strong><\/h6>\n\n\n\n<p class=\"has-text-align-left\">Les dispositifs e-learning que je d\u00e9veloppe visent \u00e0 professionnaliser les pratiques en management de projets en combinant <strong>contenus vid\u00e9o multilingues<\/strong>, <strong>exercices p\u00e9dagogiques diversifi\u00e9s<\/strong> et <strong>validation formelle des comp\u00e9tences acquises<\/strong>.<\/p>\n\n\n\n<div class=\"wp-block-columns is-layout-flex wp-container-core-columns-is-layout-28f84493 wp-block-columns-is-layout-flex\">\n<div class=\"wp-block-column is-layout-flow wp-block-column-is-layout-flow\">\n<p class=\"has-small-font-size\"><img loading=\"lazy\" decoding=\"async\" width=\"16\" height=\"13\" class=\"wp-image-1158\" style=\"width: 16px;\" src=\"http:\/\/arnaudgrob.com\/wp-content\/uploads\/2026\/01\/puce2.png\" alt=\"\"> Les modules propos\u00e9s comprennent g\u00e9n\u00e9ralement une dizaine de vid\u00e9os disponibles en plusieurs langues avec sous-titrage optionnel. Ces contenus expliquent les concepts-cl\u00e9s du management de projets en privil\u00e9giant l&#8217;approche retenue par chaque entreprise : organisation, gouvernance, cycle de vie, documents et outils.<\/p>\n<\/div>\n\n\n\n<div class=\"wp-block-column is-layout-flow wp-block-column-is-layout-flow\">\n<p class=\"has-small-font-size\"><img loading=\"lazy\" decoding=\"async\" width=\"16\" height=\"13\" class=\"wp-image-1158\" style=\"width: 16px;\" src=\"http:\/\/arnaudgrob.com\/wp-content\/uploads\/2026\/01\/puce2.png\" alt=\"\"> J&#8217;int\u00e8gre \u00e0 chaque module des exercices p\u00e9dagogiques s&#8217;appuyant sur de nombreux formats : textes \u00e0 trous, appariements, images cliquables, vrai\/faux, \u2026 Un quiz final de validation permet de v\u00e9rifier l&#8217;acquisition effective des connaissances par les apprenants.<\/p>\n<\/div>\n\n\n\n<div class=\"wp-block-column is-layout-flow wp-block-column-is-layout-flow\">\n<p class=\"has-small-font-size\"><img loading=\"lazy\" decoding=\"async\" width=\"16\" height=\"13\" class=\"wp-image-1158\" style=\"width: 16px;\" src=\"http:\/\/arnaudgrob.com\/wp-content\/uploads\/2026\/01\/puce2.png\" alt=\"\"> Valider l&#8217;int\u00e9gralit\u00e9 du parcours e-learning constitue g\u00e9n\u00e9ralement un pr\u00e9requis pour participer \u00e0 un projet dans l&#8217;entreprise ou pour acc\u00e9der \u00e0 des formations plus avanc\u00e9es dispens\u00e9es en pr\u00e9sentiel, garantissant ainsi l&#8217;homog\u00e9n\u00e9it\u00e9 des pratiques.<\/p>\n<\/div>\n<\/div>\n<\/div>\n<\/div>\n<\/div>\n\n\n\n<div class=\"wp-block-columns alignwide is-layout-flex wp-container-core-columns-is-layout-28f84493 wp-block-columns-is-layout-flex\">\n<div class=\"wp-block-column has-foreground-color has-quaternary-background-color has-text-color has-background is-layout-flow wp-block-column-is-layout-flow\">\n<div class=\"wp-block-group has-quaternary-background-color has-background is-layout-flow wp-container-core-group-is-layout-8cfe5ef5 wp-block-group-is-layout-flow\" style=\"margin-top:0px;margin-bottom:0px\">\n<h6 class=\"wp-block-heading has-text-align-left\" id=\"my-story\" style=\"line-height:1\"><strong>Un processus de production rigoureux<\/strong><\/h6>\n\n\n\n<p class=\"has-text-align-left\">M&#8217;appuyant sur une expertise confirm\u00e9e en d\u00e9veloppement de contenus e-learning, je pilote <strong>l&#8217;int\u00e9gralit\u00e9 du processus de production<\/strong> selon une <strong>d\u00e9marche rigoureuse comportant quatre phases<\/strong> :<\/p>\n\n\n\n<div class=\"wp-block-columns is-layout-flex wp-container-core-columns-is-layout-28f84493 wp-block-columns-is-layout-flex\">\n<div class=\"wp-block-column is-layout-flow wp-block-column-is-layout-flow\">\n<p class=\"has-small-font-size\"><img loading=\"lazy\" decoding=\"async\" width=\"16\" height=\"13\" class=\"wp-image-1158\" style=\"width: 16px;\" src=\"http:\/\/arnaudgrob.com\/wp-content\/uploads\/2026\/01\/puce2.png\" alt=\"\"> PHASE 1. Apr\u00e8s avoir cadr\u00e9 les besoins du client, une vid\u00e9o et des contenus de d\u00e9monstration int\u00e9grant son identit\u00e9 visuelle sont syst\u00e9matiquement r\u00e9alis\u00e9s, afin d&#8217;obtenir la validation formelle de l&#8217;ensemble des \u00e9l\u00e9ments graphiques \u00e0 d\u00e9ployer.<\/p>\n<\/div>\n\n\n\n<div class=\"wp-block-column is-layout-flow wp-block-column-is-layout-flow\">\n<p class=\"has-small-font-size\"><img loading=\"lazy\" decoding=\"async\" width=\"16\" height=\"13\" class=\"wp-image-1158\" style=\"width: 16px;\" src=\"http:\/\/arnaudgrob.com\/wp-content\/uploads\/2026\/01\/puce2.png\" alt=\"\"> PHASE 3. Le tournage est r\u00e9alis\u00e9 en studio professionnel et\/ou sur site chez le client. Le montage et la post-production sont assur\u00e9s par un partenaire audiovisuel disposant de plus de vingt ann\u00e9es d&#8217;exp\u00e9rience, garantissant un niveau de qualit\u00e9 optimal.<\/p>\n<\/div>\n<\/div>\n\n\n\n<div class=\"wp-block-columns is-layout-flex wp-container-core-columns-is-layout-28f84493 wp-block-columns-is-layout-flex\">\n<div class=\"wp-block-column is-layout-flow wp-block-column-is-layout-flow\">\n<p class=\"has-small-font-size\"><img loading=\"lazy\" decoding=\"async\" width=\"16\" height=\"13\" class=\"wp-image-1158\" style=\"width: 16px;\" src=\"http:\/\/arnaudgrob.com\/wp-content\/uploads\/2026\/01\/puce2.png\" alt=\"\"> PHASE 2. Je prends ensuite en charge la r\u00e9daction int\u00e9grale du storyboard et des scripts, la cr\u00e9ation des \u00e9l\u00e9ments graphiques, ainsi que la conception des exercices et du quiz final. L&#8217;ensemble fait l&#8217;objet d&#8217;une relecture approfondie et d&#8217;une validation conjointe avant passage en production.<\/p>\n<\/div>\n\n\n\n<div class=\"wp-block-column is-layout-flow wp-block-column-is-layout-flow\">\n<p class=\"has-small-font-size\"><img loading=\"lazy\" decoding=\"async\" width=\"16\" height=\"13\" class=\"wp-image-1158\" style=\"width: 16px;\" src=\"http:\/\/arnaudgrob.com\/wp-content\/uploads\/2026\/01\/puce2.png\" alt=\"\"> PHASE 4. Apr\u00e8s revue et modifications \u00e9ventuelles, je livre les contenus multim\u00e9dia finalis\u00e9s. Selon les cas, je collabore avec les \u00e9quipes de mon client pour cr\u00e9er des modules interactifs (ex. Articulate 360) et\/ou assurer leur int\u00e9gration dans la plateforme LMS choisie (ex. SuccessFactors).<\/p>\n<\/div>\n<\/div>\n<\/div>\n<\/div>\n<\/div>\n<\/div>\n","protected":false},"excerpt":{"rendered":"<p>fran\u00e7ais \/ english \/ deutsch D\u00e9veloppement e-learning Concepteur de contenus e-learning en management de projets depuis 2014, j&#8217;ai d\u00e9velopp\u00e9 plusieurs parcours de formation d&#8217;envergure pour le compte de grandes entreprises europ\u00e9ennes. Ces dispositifs enti\u00e8rement personnalis\u00e9s, qui repr\u00e9sentent plus de cent vid\u00e9os produites en environnement multilingue, se distinguent par leur int\u00e9gration compl\u00e8te dans les \u00e9cosyst\u00e8mes de [&hellip;]<\/p>\n","protected":false},"author":1,"featured_media":0,"parent":0,"menu_order":0,"comment_status":"closed","ping_status":"closed","template":"wp-custom-template-pages-fr","meta":{"footnotes":""},"class_list":["post-479","page","type-page","status-publish","hentry"],"_links":{"self":[{"href":"https:\/\/arnaudgrob.com\/index.php\/wp-json\/wp\/v2\/pages\/479","targetHints":{"allow":["GET"]}}],"collection":[{"href":"https:\/\/arnaudgrob.com\/index.php\/wp-json\/wp\/v2\/pages"}],"about":[{"href":"https:\/\/arnaudgrob.com\/index.php\/wp-json\/wp\/v2\/types\/page"}],"author":[{"embeddable":true,"href":"https:\/\/arnaudgrob.com\/index.php\/wp-json\/wp\/v2\/users\/1"}],"replies":[{"embeddable":true,"href":"https:\/\/arnaudgrob.com\/index.php\/wp-json\/wp\/v2\/comments?post=479"}],"version-history":[{"count":28,"href":"https:\/\/arnaudgrob.com\/index.php\/wp-json\/wp\/v2\/pages\/479\/revisions"}],"predecessor-version":[{"id":2118,"href":"https:\/\/arnaudgrob.com\/index.php\/wp-json\/wp\/v2\/pages\/479\/revisions\/2118"}],"wp:attachment":[{"href":"https:\/\/arnaudgrob.com\/index.php\/wp-json\/wp\/v2\/media?parent=479"}],"curies":[{"name":"wp","href":"https:\/\/api.w.org\/{rel}","templated":true}]}}