{"id":478,"date":"2025-12-01T17:17:32","date_gmt":"2025-12-01T16:17:32","guid":{"rendered":"https:\/\/arnaudgrob.com\/?page_id=478"},"modified":"2026-03-02T07:57:13","modified_gmt":"2026-03-02T06:57:13","slug":"fr_formation1","status":"publish","type":"page","link":"https:\/\/arnaudgrob.com\/index.php\/fr_formation1\/","title":{"rendered":"Intra-entreprise"},"content":{"rendered":"\n<div class=\"wp-block-group alignwide has-foreground-color has-text-color is-layout-flow wp-container-core-group-is-layout-87c8ae1d wp-block-group-is-layout-flow\" style=\"padding-top:0vh;padding-right:var(--wp--preset--spacing--20);padding-bottom:0vh;padding-left:var(--wp--preset--spacing--20)\">\n<p class=\"has-text-align-right has-foreground-color has-text-color has-link-color\"><strong>fran\u00e7ais<\/strong> \/ <a href=\"https:\/\/arnaudgrob.com\/index.php\/en_formation1\/\" data-type=\"page\" data-id=\"1403\">english<\/a> \/ <a href=\"https:\/\/arnaudgrob.com\/index.php\/de_formation1\/\" data-type=\"page\" data-id=\"1448\">deutsch<\/a><\/p>\n\n\n\n<div class=\"wp-block-cover alignwide is-light\" style=\"border-radius:28px;padding-top:0vh;padding-right:0vh;padding-bottom:0vh;padding-left:0vh;min-height:294px;aspect-ratio:unset;\"><img loading=\"lazy\" decoding=\"async\" width=\"2560\" height=\"480\" class=\"wp-block-cover__image-background wp-image-476 size-full\" alt=\"\" src=\"http:\/\/arnaudgrob.com\/wp-content\/uploads\/2024\/12\/training-scaled.png\" style=\"object-position:70% 50%\" data-object-fit=\"cover\" data-object-position=\"70% 50%\" srcset=\"https:\/\/arnaudgrob.com\/wp-content\/uploads\/2024\/12\/training-scaled.png 2560w, https:\/\/arnaudgrob.com\/wp-content\/uploads\/2024\/12\/training-300x56.png 300w, https:\/\/arnaudgrob.com\/wp-content\/uploads\/2024\/12\/training-1024x192.png 1024w, https:\/\/arnaudgrob.com\/wp-content\/uploads\/2024\/12\/training-768x144.png 768w, https:\/\/arnaudgrob.com\/wp-content\/uploads\/2024\/12\/training-1536x288.png 1536w, https:\/\/arnaudgrob.com\/wp-content\/uploads\/2024\/12\/training-2048x384.png 2048w\" sizes=\"auto, (max-width: 2560px) 100vw, 2560px\" \/><span aria-hidden=\"true\" class=\"wp-block-cover__background has-quaternary-background-color has-background-dim-0 has-background-dim\"><\/span><div class=\"wp-block-cover__inner-container is-layout-flow wp-block-cover-is-layout-flow\">\n<div class=\"wp-block-group alignwide has-foreground-color has-text-color is-layout-flow wp-container-core-group-is-layout-87c8ae1d wp-block-group-is-layout-flow\" style=\"padding-top:0vh;padding-right:var(--wp--preset--spacing--20);padding-bottom:0vh;padding-left:var(--wp--preset--spacing--20)\">\n<div class=\"wp-block-buttons has-custom-font-size has-tiny-font-size is-content-justification-right is-layout-flex wp-container-core-buttons-is-layout-d36ff9ae wp-block-buttons-is-layout-flex\" style=\"padding-right:0;padding-left:0\">\n<div class=\"wp-block-button is-style-outline is-style-outline--1\"><a class=\"wp-block-button__link has-foreground-color has-background-background-color has-text-color has-background has-link-color has-tiny-font-size has-custom-font-size wp-element-button\">INTRA-ENTREPRISE<\/a><\/div>\n<\/div>\n\n\n\n<div class=\"wp-block-buttons has-custom-font-size has-tiny-font-size is-content-justification-right is-layout-flex wp-container-core-buttons-is-layout-d445cf74 wp-block-buttons-is-layout-flex\">\n<div class=\"wp-block-button\"><a class=\"wp-block-button__link wp-element-button\" href=\"https:\/\/arnaudgrob.com\/index.php\/fr_formation2\" style=\"padding-right:var(--wp--preset--spacing--30);padding-left:var(--wp--preset--spacing--30)\">d\u00e9veloppement e-LEARNING<\/a><\/div>\n<\/div>\n\n\n\n<div class=\"wp-block-buttons has-custom-font-size has-tiny-font-size is-content-justification-right is-layout-flex wp-container-core-buttons-is-layout-d445cf74 wp-block-buttons-is-layout-flex\">\n<div class=\"wp-block-button\"><a class=\"wp-block-button__link wp-element-button\" href=\"https:\/\/arnaudgrob.com\/index.php\/fr_formation3\/\">FORMATIONS TRILINGUES<\/a><\/div>\n<\/div>\n<\/div>\n<\/div><\/div>\n\n\n\n<hr class=\"wp-block-separator has-text-color has-tertiary-color has-alpha-channel-opacity has-tertiary-background-color has-background is-style-bjork-angled-separator-wide\"\/>\n\n\n\n<h2 class=\"wp-block-heading has-text-align-left has-extra-large-font-size\" id=\"conseil_organisation\">Intra-entreprise<\/h2>\n\n\n\n<div class=\"wp-block-columns alignwide is-layout-flex wp-container-core-columns-is-layout-993ff0e8 wp-block-columns-is-layout-flex\" style=\"padding-top:0vh;padding-bottom:0vh\">\n<div class=\"wp-block-column is-layout-flow wp-block-column-is-layout-flow\">\n<p class=\"has-text-align-left has-large-font-size\">Sp\u00e9cialiste reconnu en formation intra-entreprise, j&#8217;accompagne des organisations dans la professionnalisation de leurs pratiques en management de projets depuis deux d\u00e9cennies. Je con\u00e7ois des dispositifs p\u00e9dagogiques sur mesure alliant parcours int\u00e9gr\u00e9s structur\u00e9s, modalit\u00e9s d&#8217;intervention flexibles et co-construction avec mes clients, garantissant ainsi une appropriation durable des comp\u00e9tences.<\/p>\n<\/div>\n<\/div>\n\n\n\n<div class=\"wp-block-columns alignwide is-layout-flex wp-container-core-columns-is-layout-28f84493 wp-block-columns-is-layout-flex\">\n<div class=\"wp-block-column has-foreground-color has-quaternary-background-color has-text-color has-background is-layout-flow wp-block-column-is-layout-flow\">\n<div class=\"wp-block-group has-quaternary-background-color has-background is-layout-flow wp-container-core-group-is-layout-8cfe5ef5 wp-block-group-is-layout-flow\" style=\"margin-top:0px;margin-bottom:0px\">\n<h6 class=\"wp-block-heading has-text-align-left\" id=\"my-story\" style=\"line-height:1\"><strong>Des parcours totalement int\u00e9gr\u00e9s, de la sensibilisation \u00e0 l&#8217;expertise<\/strong><\/h6>\n\n\n\n<p class=\"has-text-align-left\">Expert dans la conception et l&#8217;animation de <strong>parcours de formation int\u00e9gr\u00e9s en management de projets<\/strong>, ma philosophie repose sur une <strong>progression structur\u00e9e<\/strong> <strong>visant \u00e0 accompagner la mont\u00e9e en comp\u00e9tences de chaque apprenant<\/strong>, des fondamentaux jusqu&#8217;\u00e0 l&#8217;expertise.<\/p>\n\n\n\n<div class=\"wp-block-columns is-layout-flex wp-container-core-columns-is-layout-28f84493 wp-block-columns-is-layout-flex\">\n<div class=\"wp-block-column is-layout-flow wp-block-column-is-layout-flow\">\n<p class=\"has-small-font-size\"><img loading=\"lazy\" decoding=\"async\" width=\"16\" height=\"13\" class=\"wp-image-1158\" style=\"width: 16px;\" src=\"http:\/\/arnaudgrob.com\/wp-content\/uploads\/2026\/01\/puce2.png\" alt=\"\"> <strong>1. FONDAMENTAUX<\/strong><br> Socle m\u00e9thodologique indispensable pour tout collaborateur impliqu\u00e9 dans un projet, les formations aux fondamentaux permettent d&#8217;acqu\u00e9rir une compr\u00e9hension claire des lignes directrices du management de projets, de s&#8217;approprier un langage commun et de distinguer les r\u00f4les et responsabilit\u00e9s de chacun. L&#8217;objectif est de forger une culture projet partag\u00e9e, fondement de toute collaboration efficace.<\/p>\n<\/div>\n\n\n\n<div class=\"wp-block-column is-layout-flow wp-block-column-is-layout-flow\">\n<p class=\"has-small-font-size\"><img loading=\"lazy\" decoding=\"async\" width=\"16\" height=\"13\" class=\"wp-image-1158\" style=\"width: 16px;\" src=\"http:\/\/arnaudgrob.com\/wp-content\/uploads\/2026\/01\/puce2.png\" alt=\"\"> <strong>2. PRATICIEN<\/strong><br> Au niveau praticien, l&#8217;objectif consiste \u00e0 d\u00e9velopper la ma\u00eetrise op\u00e9rationnelle de m\u00e9thodes et d&#8217;outils professionnels en management de projets. Les participants apprennent \u00e0 structurer, planifier et piloter efficacement leurs projets en utilisant de mani\u00e8re appropri\u00e9e les standards de r\u00e9f\u00e9rence (PMI, PRINCE2, IPMA, Scrum), tout en d\u00e9veloppant les comp\u00e9tences comportementales n\u00e9cessaires \u00e0 l&#8217;animation d&#8217;\u00e9quipes transverses.<\/p>\n<\/div>\n\n\n\n<div class=\"wp-block-column is-layout-flow wp-block-column-is-layout-flow\">\n<p class=\"has-small-font-size\"><img loading=\"lazy\" decoding=\"async\" width=\"16\" height=\"13\" class=\"wp-image-1158\" style=\"width: 16px;\" src=\"http:\/\/arnaudgrob.com\/wp-content\/uploads\/2026\/01\/puce2.png\" alt=\"\"> <strong>3. EXPERT<\/strong><br> Exclusivement destin\u00e9es aux chefs de projets exp\u00e9riment\u00e9s et aux responsables de programmes, les modules de niveau expert permettent d&#8217;approfondir des probl\u00e9matiques avanc\u00e9es (gestion financi\u00e8re, pilotage de portefeuilles, leadership interculturel\u2026). Ces modules renforcent les comp\u00e9tences techniques et comportementales requises pour intervenir efficacement dans des environnements complexes.<\/p>\n<\/div>\n<\/div>\n<\/div>\n<\/div>\n<\/div>\n\n\n\n<div class=\"wp-block-columns alignwide is-layout-flex wp-container-core-columns-is-layout-28f84493 wp-block-columns-is-layout-flex\">\n<div class=\"wp-block-column has-foreground-color has-quaternary-background-color has-text-color has-background is-layout-flow wp-block-column-is-layout-flow\">\n<div class=\"wp-block-group has-quaternary-background-color has-background is-layout-flow wp-container-core-group-is-layout-8cfe5ef5 wp-block-group-is-layout-flow\" style=\"margin-top:0px;margin-bottom:0px\">\n<h6 class=\"wp-block-heading has-text-align-left\" id=\"my-story\" style=\"line-height:1\"><strong>Des modalit\u00e9s d&#8217;intervention adapt\u00e9es aux enjeux<\/strong><\/h6>\n\n\n\n<p class=\"has-text-align-left\">Mes modalit\u00e9s d&#8217;intervention s&#8217;adaptent aux besoins sp\u00e9cifiques de chaque client : <strong>formations en pr\u00e9sentiel ou distanciel<\/strong>, <strong>apprentissage en situation<\/strong> (on the job training), <strong>coaching individuel ou collectif<\/strong>. Cette flexibilit\u00e9 garantit l&#8217;efficacit\u00e9 p\u00e9dagogique et le transfert imm\u00e9diat des acquis dans la pratique professionnelle. <\/p>\n\n\n\n<div class=\"wp-block-columns is-layout-flex wp-container-core-columns-is-layout-28f84493 wp-block-columns-is-layout-flex\">\n<div class=\"wp-block-column is-layout-flow wp-block-column-is-layout-flow\">\n<p class=\"has-small-font-size\"><img loading=\"lazy\" decoding=\"async\" width=\"16\" height=\"13\" class=\"wp-image-1158\" style=\"width: 16px;\" src=\"http:\/\/arnaudgrob.com\/wp-content\/uploads\/2026\/01\/puce2.png\" alt=\"\"> <strong>FORMATIONS CLASSIQUES<\/strong><br>Les formations que je dispense s&#8217;organisent en pr\u00e9sentiel sur site, en distanciel ou selon un format hybride. Lorsque le distanciel est privil\u00e9gi\u00e9, je con\u00e7ois syst\u00e9matiquement des ateliers en ligne courts et interactifs (1h30-2h), assurant ainsi dynamisme p\u00e9dagogique et maintien de l&#8217;engagement des participants tout au long du parcours.<\/p>\n<\/div>\n\n\n\n<div class=\"wp-block-column is-layout-flow wp-block-column-is-layout-flow\">\n<p class=\"has-small-font-size\"><img loading=\"lazy\" decoding=\"async\" width=\"16\" height=\"13\" class=\"wp-image-1158\" style=\"width: 16px;\" src=\"http:\/\/arnaudgrob.com\/wp-content\/uploads\/2026\/01\/puce2.png\" alt=\"\"> <strong>ON THE JOB TRAINING<\/strong><br>L&#8217;apprentissage en situation constitue souvent l&#8217;approche la plus efficace pour les projets ou programmes \u00e0 forts enjeux. Depuis de nombreuses ann\u00e9es, je con\u00e7ois des parcours modulaires enti\u00e8rement personnalis\u00e9s o\u00f9 m\u00e9thodes et outils sont transmis au moment opportun, en r\u00e9ponse directe aux probl\u00e9matiques rencontr\u00e9es par les \u00e9quipes.<\/p>\n<\/div>\n\n\n\n<div class=\"wp-block-column is-layout-flow wp-block-column-is-layout-flow\">\n<p class=\"has-small-font-size\"><img loading=\"lazy\" decoding=\"async\" width=\"16\" height=\"13\" class=\"wp-image-1158\" style=\"width: 16px;\" src=\"http:\/\/arnaudgrob.com\/wp-content\/uploads\/2026\/01\/puce2.png\" alt=\"\"> <strong>COACHING<\/strong><br>Lorsque la personnalisation de l&#8217;apprentissage est essentielle, je propose deux modalit\u00e9s de coaching. Le coaching individuel se concentre sur un projet sp\u00e9cifique, selon un calendrier align\u00e9 sur les jalons cl\u00e9s. Le coaching d&#8217;\u00e9quipe privil\u00e9gie le partage d&#8217;exp\u00e9riences et l&#8217;\u00e9mergence de bonnes pratiques collectives lors d&#8217;ateliers r\u00e9guliers.<\/p>\n<\/div>\n<\/div>\n<\/div>\n<\/div>\n<\/div>\n\n\n\n<div class=\"wp-block-columns alignwide is-layout-flex wp-container-core-columns-is-layout-28f84493 wp-block-columns-is-layout-flex\">\n<div class=\"wp-block-column has-foreground-color has-quaternary-background-color has-text-color has-background is-layout-flow wp-block-column-is-layout-flow\">\n<div class=\"wp-block-group has-quaternary-background-color has-background is-layout-flow wp-container-core-group-is-layout-8cfe5ef5 wp-block-group-is-layout-flow\" style=\"margin-top:0px;margin-bottom:0px\">\n<h6 class=\"wp-block-heading has-text-align-left\" id=\"my-story\" style=\"line-height:1\"><strong>Une approche de co-construction, au service de l&#8217;op\u00e9rationnel<\/strong><\/h6>\n\n\n\n<p class=\"has-text-align-left\">Mes formations s&#8217;appuient sur une <strong>ing\u00e9nierie p\u00e9dagogique collaborative<\/strong> et un <strong>ancrage op\u00e9rationnel fort<\/strong>, garantissant leur <strong>int\u00e9gration imm\u00e9diate dans<\/strong> <strong>l&#8217;environnement m\u00e9tier des apprenants<\/strong>.<\/p>\n\n\n\n<div class=\"wp-block-columns is-layout-flex wp-container-core-columns-is-layout-28f84493 wp-block-columns-is-layout-flex\">\n<div class=\"wp-block-column is-layout-flow wp-block-column-is-layout-flow\">\n<p class=\"has-small-font-size\"><img loading=\"lazy\" decoding=\"async\" width=\"16\" height=\"13\" class=\"wp-image-1158\" style=\"width: 16px;\" src=\"http:\/\/arnaudgrob.com\/wp-content\/uploads\/2026\/01\/puce2.png\" alt=\"\"> Mes interventions impliquent une collaboration \u00e9troite avec mes clients : diagnostic participatif des besoins, co-construction rigoureuse des contenus p\u00e9dagogiques, et, dans certains cas, co-animation avec des membres du PMO ou des champions internes en management de projets.<\/p>\n<\/div>\n\n\n\n<div class=\"wp-block-column is-layout-flow wp-block-column-is-layout-flow\">\n<p class=\"has-small-font-size\"><img loading=\"lazy\" decoding=\"async\" width=\"16\" height=\"13\" class=\"wp-image-1158\" style=\"width: 16px;\" src=\"http:\/\/arnaudgrob.com\/wp-content\/uploads\/2026\/01\/puce2.png\" alt=\"\"> Privil\u00e9giant r\u00e9solument la pratique, mes formations d\u00e9passent la simple transmission de savoirs pour d\u00e9velopper des comp\u00e9tences imm\u00e9diatement transposables : \u00e9tudes de cas contextualis\u00e9es, mises en situation professionnelles, r\u00e9solution de probl\u00e9matiques concr\u00e8tes rencontr\u00e9es au quotidien.<\/p>\n<\/div>\n\n\n\n<div class=\"wp-block-column is-layout-flow wp-block-column-is-layout-flow\">\n<p class=\"has-small-font-size\"><img loading=\"lazy\" decoding=\"async\" width=\"16\" height=\"13\" class=\"wp-image-1158\" style=\"width: 16px;\" src=\"http:\/\/arnaudgrob.com\/wp-content\/uploads\/2026\/01\/puce2.png\" alt=\"\"> Les outils m\u00e9tiers, les solutions logicielles ainsi que les documents projets propres \u00e0 chaque entreprise sont syst\u00e9matiquement int\u00e9gr\u00e9s aux dispositifs p\u00e9dagogiques que je d\u00e9ploie, cr\u00e9ant ainsi un lien direct avec l&#8217;environnement de travail des participants.<\/p>\n<\/div>\n<\/div>\n<\/div>\n<\/div>\n<\/div>\n<\/div>\n","protected":false},"excerpt":{"rendered":"<p>fran\u00e7ais \/ english \/ deutsch Intra-entreprise Sp\u00e9cialiste reconnu en formation intra-entreprise, j&#8217;accompagne des organisations dans la professionnalisation de leurs pratiques en management de projets depuis deux d\u00e9cennies. Je con\u00e7ois des dispositifs p\u00e9dagogiques sur mesure alliant parcours int\u00e9gr\u00e9s structur\u00e9s, modalit\u00e9s d&#8217;intervention flexibles et co-construction avec mes clients, garantissant ainsi une appropriation durable des comp\u00e9tences. Des parcours [&hellip;]<\/p>\n","protected":false},"author":1,"featured_media":0,"parent":0,"menu_order":0,"comment_status":"closed","ping_status":"closed","template":"wp-custom-template-pages-fr","meta":{"footnotes":""},"class_list":["post-478","page","type-page","status-publish","hentry"],"_links":{"self":[{"href":"https:\/\/arnaudgrob.com\/index.php\/wp-json\/wp\/v2\/pages\/478","targetHints":{"allow":["GET"]}}],"collection":[{"href":"https:\/\/arnaudgrob.com\/index.php\/wp-json\/wp\/v2\/pages"}],"about":[{"href":"https:\/\/arnaudgrob.com\/index.php\/wp-json\/wp\/v2\/types\/page"}],"author":[{"embeddable":true,"href":"https:\/\/arnaudgrob.com\/index.php\/wp-json\/wp\/v2\/users\/1"}],"replies":[{"embeddable":true,"href":"https:\/\/arnaudgrob.com\/index.php\/wp-json\/wp\/v2\/comments?post=478"}],"version-history":[{"count":54,"href":"https:\/\/arnaudgrob.com\/index.php\/wp-json\/wp\/v2\/pages\/478\/revisions"}],"predecessor-version":[{"id":2117,"href":"https:\/\/arnaudgrob.com\/index.php\/wp-json\/wp\/v2\/pages\/478\/revisions\/2117"}],"wp:attachment":[{"href":"https:\/\/arnaudgrob.com\/index.php\/wp-json\/wp\/v2\/media?parent=478"}],"curies":[{"name":"wp","href":"https:\/\/api.w.org\/{rel}","templated":true}]}}