{"id":419,"date":"2025-12-01T13:39:23","date_gmt":"2025-12-01T12:39:23","guid":{"rendered":"https:\/\/arnaudgrob.com\/?page_id=419"},"modified":"2026-03-02T07:56:16","modified_gmt":"2026-03-02T06:56:16","slug":"fr_conseil2","status":"publish","type":"page","link":"https:\/\/arnaudgrob.com\/index.php\/fr_conseil2\/","title":{"rendered":"Accompagnement projet"},"content":{"rendered":"\n<div class=\"wp-block-group alignwide has-foreground-color has-text-color is-layout-flow wp-container-core-group-is-layout-87c8ae1d wp-block-group-is-layout-flow\" style=\"padding-top:0vh;padding-right:var(--wp--preset--spacing--20);padding-bottom:0vh;padding-left:var(--wp--preset--spacing--20)\">\n<p class=\"has-text-align-right has-foreground-color has-text-color has-link-color\"><strong>fran\u00e7ais<\/strong> \/ <a href=\"https:\/\/arnaudgrob.com\/index.php\/en_conseil2\/\" data-type=\"page\" data-id=\"1400\">english<\/a> \/ <a href=\"https:\/\/arnaudgrob.com\/index.php\/de_conseil2\/\" data-type=\"page\" data-id=\"1445\">deutsch<\/a><\/p>\n\n\n\n<div class=\"wp-block-cover alignwide is-light\" style=\"border-radius:28px;padding-top:0vh;padding-right:0vh;padding-bottom:0vh;padding-left:0vh;min-height:294px;aspect-ratio:unset;\"><img loading=\"lazy\" decoding=\"async\" width=\"2560\" height=\"480\" class=\"wp-block-cover__image-background wp-image-469 size-full\" alt=\"\" src=\"http:\/\/arnaudgrob.com\/wp-content\/uploads\/2025\/12\/sommet_HD-scaled.png\" style=\"object-position:10% 70%\" data-object-fit=\"cover\" data-object-position=\"10% 70%\" srcset=\"https:\/\/arnaudgrob.com\/wp-content\/uploads\/2025\/12\/sommet_HD-scaled.png 2560w, https:\/\/arnaudgrob.com\/wp-content\/uploads\/2025\/12\/sommet_HD-300x56.png 300w, https:\/\/arnaudgrob.com\/wp-content\/uploads\/2025\/12\/sommet_HD-1024x192.png 1024w, https:\/\/arnaudgrob.com\/wp-content\/uploads\/2025\/12\/sommet_HD-768x144.png 768w, https:\/\/arnaudgrob.com\/wp-content\/uploads\/2025\/12\/sommet_HD-1536x288.png 1536w, https:\/\/arnaudgrob.com\/wp-content\/uploads\/2025\/12\/sommet_HD-2048x384.png 2048w\" sizes=\"auto, (max-width: 2560px) 100vw, 2560px\" \/><span aria-hidden=\"true\" class=\"wp-block-cover__background has-quaternary-background-color has-background-dim-0 has-background-dim\"><\/span><div class=\"wp-block-cover__inner-container is-layout-flow wp-block-cover-is-layout-flow\">\n<div class=\"wp-block-group alignwide has-foreground-color has-text-color is-layout-flow wp-container-core-group-is-layout-87c8ae1d wp-block-group-is-layout-flow\" style=\"padding-top:0vh;padding-right:var(--wp--preset--spacing--20);padding-bottom:0vh;padding-left:var(--wp--preset--spacing--20)\">\n<div class=\"wp-block-buttons has-custom-font-size has-tiny-font-size is-content-justification-right is-layout-flex wp-container-core-buttons-is-layout-d36ff9ae wp-block-buttons-is-layout-flex\" style=\"padding-right:0;padding-left:0\">\n<div class=\"wp-block-button is-style-fill\"><a class=\"wp-block-button__link has-background-color has-foreground-background-color has-text-color has-background has-link-color has-tiny-font-size has-custom-font-size wp-element-button\" href=\"https:\/\/arnaudgrob.com\/index.php\/fr_conseil\/\">CONSEIL EN ORGANISATION<\/a><\/div>\n<\/div>\n\n\n\n<div class=\"wp-block-buttons has-custom-font-size has-tiny-font-size is-content-justification-right is-layout-flex wp-container-core-buttons-is-layout-d445cf74 wp-block-buttons-is-layout-flex\">\n<div class=\"wp-block-button is-style-outline is-style-outline--1\"><a class=\"wp-block-button__link has-foreground-color has-background-background-color has-text-color has-background has-link-color wp-element-button\" style=\"padding-right:var(--wp--preset--spacing--30);padding-left:var(--wp--preset--spacing--30)\">ACCOMPAGNEMENT<\/a><\/div>\n<\/div>\n\n\n\n<div class=\"wp-block-buttons has-custom-font-size has-tiny-font-size is-content-justification-right is-layout-flex wp-container-core-buttons-is-layout-d445cf74 wp-block-buttons-is-layout-flex\">\n<div class=\"wp-block-button\"><a class=\"wp-block-button__link wp-element-button\" href=\"https:\/\/arnaudgrob.com\/index.php\/fr_conseil3\/\">international<\/a><\/div>\n<\/div>\n<\/div>\n<\/div><\/div>\n\n\n\n<hr class=\"wp-block-separator has-text-color has-tertiary-color has-alpha-channel-opacity has-tertiary-background-color has-background is-style-bjork-angled-separator-wide\"\/>\n\n\n\n<h2 class=\"wp-block-heading has-text-align-left has-extra-large-font-size\" id=\"conseil_organisation\">Accompagnement<\/h2>\n\n\n\n<div class=\"wp-block-columns alignwide is-layout-flex wp-container-core-columns-is-layout-993ff0e8 wp-block-columns-is-layout-flex\" style=\"padding-top:0vh;padding-bottom:0vh\">\n<div class=\"wp-block-column is-layout-flow wp-block-column-is-layout-flow\">\n<p class=\"has-large-font-size\">Fort de plusieurs ann\u00e9es d&#8217;exp\u00e9rience en tant que chef de projet dans des secteurs exigeants (automobile, industrie spatiale), j&#8217;accompagne depuis 2010 de nombreux projets et programmes \u00e0 forts enjeux dans des environnements vari\u00e9s : R&amp;D, production, construction, IT, RH, &#8230; Lors de mes missions, je m&#8217;attache tout particuli\u00e8rement \u00e0 mettre en \u0153uvre des solutions pragmatiques, ainsi qu&#8217;\u00e0 transf\u00e9rer durablement savoir et savoir-faire.<\/p>\n<\/div>\n<\/div>\n\n\n\n<div class=\"wp-block-columns alignwide is-layout-flex wp-container-core-columns-is-layout-28f84493 wp-block-columns-is-layout-flex\">\n<div class=\"wp-block-column has-foreground-color has-quaternary-background-color has-text-color has-background is-layout-flow wp-block-column-is-layout-flow\">\n<div class=\"wp-block-group has-quaternary-background-color has-background is-layout-flow wp-container-core-group-is-layout-8cfe5ef5 wp-block-group-is-layout-flow\" style=\"margin-top:0px;margin-bottom:0px\">\n<h6 class=\"wp-block-heading has-text-align-left\" id=\"my-story\" style=\"line-height:1\"><strong>Accompagnement de projets<\/strong><\/h6>\n\n\n\n<p class=\"has-text-align-left\">Mon accompagnement repose sur une d\u00e9marche \u00e9prouv\u00e9e couvrant l&#8217;int\u00e9gralit\u00e9 du cycle de vie d&#8217;un projet, de son initiation jusqu&#8217;\u00e0 sa cl\u00f4ture. Il consiste principalement \u00e0 <strong>apporter des connaissances m\u00e9thodologiques cibl\u00e9es<\/strong>, \u00e0 <strong>mettre en place des m\u00e9thodes et outils adapt\u00e9s<\/strong>, \u00e0 <strong>animer des s\u00e9ances de brainstorming ou de travail collaboratif<\/strong> avec le chef de projet et son \u00e9quipe, ainsi qu&#8217;\u00e0 <strong>formaliser en commun les livrables structurants<\/strong>.<\/p>\n\n\n\n<div class=\"wp-block-columns is-layout-flex wp-container-core-columns-is-layout-28f84493 wp-block-columns-is-layout-flex\">\n<div class=\"wp-block-column is-layout-flow wp-block-column-is-layout-flow\">\n<p class=\"has-small-font-size\"><img loading=\"lazy\" decoding=\"async\" width=\"16\" height=\"13\" class=\"wp-image-1158\" style=\"width: 16px;\" src=\"http:\/\/arnaudgrob.com\/wp-content\/uploads\/2026\/01\/puce2.png\" alt=\"\"> En phase d&#8217;initiation, mes interventions permettent de cadrer rigoureusement les initiatives, de structurer l&#8217;\u00e9quipe et les instances de gouvernance, d&#8217;organiser le travail \u00e0 r\u00e9aliser, de construire des plannings d\u00e9taill\u00e9s et r\u00e9alistes, ou encore d&#8217;anticiper les risques potentiels. Selon la nature du projet, je pr\u00e9conise une approche pr\u00e9dictive, agile ou hybride et s\u00e9lectionne le r\u00e9f\u00e9rentiel m\u00e9thodologique le plus pertinent.<\/p>\n<\/div>\n\n\n\n<div class=\"wp-block-column is-layout-flow wp-block-column-is-layout-flow\">\n<p class=\"has-small-font-size\"><img loading=\"lazy\" decoding=\"async\" width=\"16\" height=\"13\" class=\"wp-image-1158\" style=\"width: 16px;\" src=\"http:\/\/arnaudgrob.com\/wp-content\/uploads\/2026\/01\/puce2.png\" alt=\"\"> Afin de d\u00e9marrer les r\u00e9alisations sur des bases solides, j&#8217;aide \u00e0 la mise en place de routines d&#8217;animation et de pilotage, ainsi qu&#8217;au choix et au param\u00e9trage des solutions informatiques de suivi (MS Project, MS Planner, Jira, Azure DevOps, &#8230;). <\/p>\n<\/div>\n\n\n\n<div class=\"wp-block-column is-layout-flow wp-block-column-is-layout-flow\">\n<p class=\"has-small-font-size\"><img loading=\"lazy\" decoding=\"async\" width=\"16\" height=\"13\" class=\"wp-image-1158\" style=\"width: 16px;\" src=\"http:\/\/arnaudgrob.com\/wp-content\/uploads\/2026\/01\/puce2.png\" alt=\"\"> Dans la plupart des cas, mes missions s&#8217;ach\u00e8vent une fois que le projet est \u00ab sur les rails \u00bb. Dans certaines situations, je peux cependant \u00eatre sollicit\u00e9 pour animer des points d&#8217;\u00e9tapes-cl\u00e9s ou pour accompagner un retour d&#8217;exp\u00e9riences lors de la cl\u00f4ture du projet.<\/p>\n<\/div>\n<\/div>\n<\/div>\n<\/div>\n<\/div>\n\n\n\n<div class=\"wp-block-columns alignwide is-layout-flex wp-container-core-columns-is-layout-28f84493 wp-block-columns-is-layout-flex\">\n<div class=\"wp-block-column has-foreground-color has-quaternary-background-color has-text-color has-background is-layout-flow wp-block-column-is-layout-flow\">\n<div class=\"wp-block-group has-quaternary-background-color has-background is-layout-flow wp-container-core-group-is-layout-8cfe5ef5 wp-block-group-is-layout-flow\" style=\"margin-top:0px;margin-bottom:0px\">\n<h6 class=\"wp-block-heading has-text-align-left\" id=\"my-story\" style=\"line-height:1\"><strong>Accompagnement de programmes<\/strong><\/h6>\n\n\n\n<p class=\"has-text-align-left\">Ce type de prestations s&#8217;adresse aux organisations pilotant des <strong>initiatives complexes et multi-projets requ\u00e9rant une gouvernance structur\u00e9e et une vision strat\u00e9gique \u00e0 long terme. &nbsp;<\/strong><\/p>\n\n\n\n<div class=\"wp-block-columns is-layout-flex wp-container-core-columns-is-layout-28f84493 wp-block-columns-is-layout-flex\">\n<div class=\"wp-block-column is-layout-flow wp-block-column-is-layout-flow\">\n<p class=\"has-small-font-size\"><img loading=\"lazy\" decoding=\"async\" width=\"16\" height=\"13\" class=\"wp-image-1158\" style=\"width: 16px;\" src=\"http:\/\/arnaudgrob.com\/wp-content\/uploads\/2026\/01\/puce2.png\" alt=\"\"> Mes domaines d\u2019intervention sp\u00e9cifiques \u00e0 la gestion d\u2019un programme portent g\u00e9n\u00e9ralement sur la d\u00e9composition en projets et th\u00e8mes transverses coh\u00e9rents, la mise en place d\u2019\u00e9quipes et de structures de gouvernance multi-projets, l&#8217;\u00e9laboration de roadmaps incluant une d\u00e9finition claire des tranches temporelles et des points d&#8217;atterrissage, ou encore la conception de tableaux de bord consolid\u00e9s permettant un pilotage global des r\u00e9alisations. <\/p>\n<\/div>\n\n\n\n<div class=\"wp-block-column is-layout-flow wp-block-column-is-layout-flow\">\n<p class=\"has-small-font-size\"><img loading=\"lazy\" decoding=\"async\" width=\"16\" height=\"13\" class=\"wp-image-1158\" style=\"width: 16px;\" src=\"http:\/\/arnaudgrob.com\/wp-content\/uploads\/2026\/01\/puce2.png\" alt=\"\"> Dans le contexte exigeant des programmes, je m&#8217;appuie g\u00e9n\u00e9ralement sur les bonnes pratiques promues par le r\u00e9f\u00e9rentiel MSP (<em>Managing Successful Programmes<\/em>, 2021) de PRINCE2. Au niveau des outils informatiques employ\u00e9s, je m\u2019attache tout particuli\u00e8rement \u00e0 la structuration pr\u00e9alable des donn\u00e9es, \u00e9tape indispensable lorsqu&#8217;il s&#8217;agit de g\u00e9rer plusieurs centaines d&#8217;activit\u00e9s, de documents, et de ressources.<\/p>\n<\/div>\n<\/div>\n<\/div>\n<\/div>\n<\/div>\n<\/div>\n","protected":false},"excerpt":{"rendered":"<p>fran\u00e7ais \/ english \/ deutsch Accompagnement Fort de plusieurs ann\u00e9es d&#8217;exp\u00e9rience en tant que chef de projet dans des secteurs exigeants (automobile, industrie spatiale), j&#8217;accompagne depuis 2010 de nombreux projets et programmes \u00e0 forts enjeux dans des environnements vari\u00e9s : R&amp;D, production, construction, IT, RH, &#8230; Lors de mes missions, je m&#8217;attache tout particuli\u00e8rement \u00e0 [&hellip;]<\/p>\n","protected":false},"author":1,"featured_media":0,"parent":0,"menu_order":0,"comment_status":"closed","ping_status":"closed","template":"wp-custom-template-pages-fr","meta":{"footnotes":""},"class_list":["post-419","page","type-page","status-publish","hentry"],"_links":{"self":[{"href":"https:\/\/arnaudgrob.com\/index.php\/wp-json\/wp\/v2\/pages\/419","targetHints":{"allow":["GET"]}}],"collection":[{"href":"https:\/\/arnaudgrob.com\/index.php\/wp-json\/wp\/v2\/pages"}],"about":[{"href":"https:\/\/arnaudgrob.com\/index.php\/wp-json\/wp\/v2\/types\/page"}],"author":[{"embeddable":true,"href":"https:\/\/arnaudgrob.com\/index.php\/wp-json\/wp\/v2\/users\/1"}],"replies":[{"embeddable":true,"href":"https:\/\/arnaudgrob.com\/index.php\/wp-json\/wp\/v2\/comments?post=419"}],"version-history":[{"count":25,"href":"https:\/\/arnaudgrob.com\/index.php\/wp-json\/wp\/v2\/pages\/419\/revisions"}],"predecessor-version":[{"id":2114,"href":"https:\/\/arnaudgrob.com\/index.php\/wp-json\/wp\/v2\/pages\/419\/revisions\/2114"}],"wp:attachment":[{"href":"https:\/\/arnaudgrob.com\/index.php\/wp-json\/wp\/v2\/media?parent=419"}],"curies":[{"name":"wp","href":"https:\/\/api.w.org\/{rel}","templated":true}]}}