{"id":1450,"date":"2026-02-04T18:36:29","date_gmt":"2026-02-04T17:36:29","guid":{"rendered":"https:\/\/arnaudgrob.com\/?page_id=1450"},"modified":"2026-03-02T08:04:10","modified_gmt":"2026-03-02T07:04:10","slug":"de_formation3","status":"publish","type":"page","link":"https:\/\/arnaudgrob.com\/index.php\/de_formation3\/","title":{"rendered":"Mehrsprachige Trainings"},"content":{"rendered":"\n<div class=\"wp-block-group alignwide has-foreground-color has-text-color is-layout-flow wp-container-core-group-is-layout-87c8ae1d wp-block-group-is-layout-flow\" style=\"padding-top:0vh;padding-right:var(--wp--preset--spacing--20);padding-bottom:0vh;padding-left:var(--wp--preset--spacing--20)\">\n<p class=\"has-text-align-right has-foreground-color has-text-color has-link-color\"><a href=\"https:\/\/arnaudgrob.com\/index.php\/fr_formation3\/\" data-type=\"page\" data-id=\"480\">fran\u00e7ais<\/a> \/ <a href=\"https:\/\/arnaudgrob.com\/index.php\/en_formation3\/\" data-type=\"page\" data-id=\"1405\">english<\/a> \/ <strong>deutsch<\/strong><\/p>\n\n\n\n<div class=\"wp-block-cover alignwide is-light\" style=\"border-radius:28px;padding-top:0vh;padding-right:0vh;padding-bottom:0vh;padding-left:0vh;min-height:294px;aspect-ratio:unset;\"><img loading=\"lazy\" decoding=\"async\" width=\"2560\" height=\"480\" class=\"wp-block-cover__image-background wp-image-476 size-full\" alt=\"\" src=\"http:\/\/arnaudgrob.com\/wp-content\/uploads\/2024\/12\/training-scaled.png\" style=\"object-position:70% 50%\" data-object-fit=\"cover\" data-object-position=\"70% 50%\" srcset=\"https:\/\/arnaudgrob.com\/wp-content\/uploads\/2024\/12\/training-scaled.png 2560w, https:\/\/arnaudgrob.com\/wp-content\/uploads\/2024\/12\/training-300x56.png 300w, https:\/\/arnaudgrob.com\/wp-content\/uploads\/2024\/12\/training-1024x192.png 1024w, https:\/\/arnaudgrob.com\/wp-content\/uploads\/2024\/12\/training-768x144.png 768w, https:\/\/arnaudgrob.com\/wp-content\/uploads\/2024\/12\/training-1536x288.png 1536w, https:\/\/arnaudgrob.com\/wp-content\/uploads\/2024\/12\/training-2048x384.png 2048w\" sizes=\"auto, (max-width: 2560px) 100vw, 2560px\" \/><span aria-hidden=\"true\" class=\"wp-block-cover__background has-quaternary-background-color has-background-dim-0 has-background-dim\"><\/span><div class=\"wp-block-cover__inner-container is-layout-flow wp-block-cover-is-layout-flow\">\n<div class=\"wp-block-group alignwide has-foreground-color has-text-color is-layout-flow wp-container-core-group-is-layout-87c8ae1d wp-block-group-is-layout-flow\" style=\"padding-top:0vh;padding-right:var(--wp--preset--spacing--20);padding-bottom:0vh;padding-left:var(--wp--preset--spacing--20)\">\n<div class=\"wp-block-buttons has-custom-font-size has-tiny-font-size is-content-justification-right is-layout-flex wp-container-core-buttons-is-layout-d36ff9ae wp-block-buttons-is-layout-flex\" style=\"padding-right:0;padding-left:0\">\n<div class=\"wp-block-button is-style-fill\"><a class=\"wp-block-button__link has-background-color has-foreground-background-color has-text-color has-background has-link-color has-tiny-font-size has-custom-font-size wp-element-button\" href=\"https:\/\/arnaudgrob.com\/index.php\/de_formation1\/\">inhouse-schulungen<\/a><\/div>\n<\/div>\n\n\n\n<div class=\"wp-block-buttons has-custom-font-size has-tiny-font-size is-content-justification-right is-layout-flex wp-container-core-buttons-is-layout-d445cf74 wp-block-buttons-is-layout-flex\">\n<div class=\"wp-block-button\"><a class=\"wp-block-button__link wp-element-button\" href=\"https:\/\/arnaudgrob.com\/index.php\/de_formation2\/\" style=\"padding-right:var(--wp--preset--spacing--30);padding-left:var(--wp--preset--spacing--30)\">e-learning-entwicklung<\/a><\/div>\n<\/div>\n\n\n\n<div class=\"wp-block-buttons has-custom-font-size has-tiny-font-size is-content-justification-right is-layout-flex wp-container-core-buttons-is-layout-d445cf74 wp-block-buttons-is-layout-flex\">\n<div class=\"wp-block-button is-style-outline is-style-outline--1\"><a class=\"wp-block-button__link has-foreground-color has-background-background-color has-text-color has-background has-link-color wp-element-button\">MEHRsprachige TRAININGS<\/a><\/div>\n<\/div>\n<\/div>\n<\/div><\/div>\n\n\n\n<hr class=\"wp-block-separator has-text-color has-tertiary-color has-alpha-channel-opacity has-tertiary-background-color has-background is-style-bjork-angled-separator-wide\"\/>\n\n\n\n<h2 class=\"wp-block-heading has-text-align-left has-extra-large-font-size\" id=\"conseil_organisation\">Mehrsprachige Trainings<\/h2>\n\n\n\n<div class=\"wp-block-columns alignwide is-layout-flex wp-container-core-columns-is-layout-28f84493 wp-block-columns-is-layout-flex\">\n<div class=\"wp-block-column has-foreground-color has-quaternary-background-color has-text-color has-background is-layout-flow wp-block-column-is-layout-flow\">\n<div class=\"wp-block-group has-quaternary-background-color has-background is-layout-flow wp-container-core-group-is-layout-8cfe5ef5 wp-block-group-is-layout-flow\" style=\"margin-top:0px;margin-bottom:0px\">\n<div class=\"wp-block-columns is-layout-flex wp-container-core-columns-is-layout-28f84493 wp-block-columns-is-layout-flex\">\n<div class=\"wp-block-column is-layout-flow wp-block-column-is-layout-flow\" style=\"flex-basis:20%\">\n<figure class=\"wp-block-image size-large\"><img loading=\"lazy\" decoding=\"async\" width=\"683\" height=\"1024\" src=\"https:\/\/arnaudgrob.com\/wp-content\/uploads\/2026\/01\/monde-683x1024.jpeg\" alt=\"\" class=\"wp-image-1075\" srcset=\"https:\/\/arnaudgrob.com\/wp-content\/uploads\/2026\/01\/monde-683x1024.jpeg 683w, https:\/\/arnaudgrob.com\/wp-content\/uploads\/2026\/01\/monde-200x300.jpeg 200w, https:\/\/arnaudgrob.com\/wp-content\/uploads\/2026\/01\/monde-768x1152.jpeg 768w, https:\/\/arnaudgrob.com\/wp-content\/uploads\/2026\/01\/monde-1024x1536.jpeg 1024w, https:\/\/arnaudgrob.com\/wp-content\/uploads\/2026\/01\/monde-1365x2048.jpeg 1365w, https:\/\/arnaudgrob.com\/wp-content\/uploads\/2026\/01\/monde-scaled.jpeg 1707w\" sizes=\"auto, (max-width: 683px) 100vw, 683px\" \/><\/figure>\n<\/div>\n\n\n\n<div class=\"wp-block-column is-layout-flow wp-block-column-is-layout-flow\" style=\"flex-basis:80%\">\n<p class=\"has-large-font-size\">Mit professioneller Sprachkompetenz in drei Arbeitssprachen \u2013 Deutsch, Englisch und Franz\u00f6sisch \u2013 bin ich in internationalen Unternehmen als Trainer t\u00e4tig.<\/p>\n\n\n\n<p>Mein Angebot umfasst vielf\u00e4ltige Formate der betrieblichen Weiterbildung: Konzeption und Erstellung von Lernmaterialien, E-Learning-Entwicklung, Pr\u00e4senz- und virtuelle Workshops sowie Einzel- und Teamcoaching. Meine sprachliche Flexibilit\u00e4t bietet Unternehmen einen entscheidenden Vorteil beim Rollout globaler Schulungsprogramme.<\/p>\n<\/div>\n<\/div>\n<\/div>\n<\/div>\n<\/div>\n<\/div>\n","protected":false},"excerpt":{"rendered":"<p>fran\u00e7ais \/ english \/ deutsch Mehrsprachige Trainings Mit professioneller Sprachkompetenz in drei Arbeitssprachen \u2013 Deutsch, Englisch und Franz\u00f6sisch \u2013 bin ich in internationalen Unternehmen als Trainer t\u00e4tig. Mein Angebot umfasst vielf\u00e4ltige Formate der betrieblichen Weiterbildung: Konzeption und Erstellung von Lernmaterialien, E-Learning-Entwicklung, Pr\u00e4senz- und virtuelle Workshops sowie Einzel- und Teamcoaching. Meine sprachliche Flexibilit\u00e4t bietet Unternehmen einen [&hellip;]<\/p>\n","protected":false},"author":1,"featured_media":0,"parent":0,"menu_order":0,"comment_status":"closed","ping_status":"closed","template":"wp-custom-template-page-en","meta":{"footnotes":""},"class_list":["post-1450","page","type-page","status-publish","hentry"],"_links":{"self":[{"href":"https:\/\/arnaudgrob.com\/index.php\/wp-json\/wp\/v2\/pages\/1450","targetHints":{"allow":["GET"]}}],"collection":[{"href":"https:\/\/arnaudgrob.com\/index.php\/wp-json\/wp\/v2\/pages"}],"about":[{"href":"https:\/\/arnaudgrob.com\/index.php\/wp-json\/wp\/v2\/types\/page"}],"author":[{"embeddable":true,"href":"https:\/\/arnaudgrob.com\/index.php\/wp-json\/wp\/v2\/users\/1"}],"replies":[{"embeddable":true,"href":"https:\/\/arnaudgrob.com\/index.php\/wp-json\/wp\/v2\/comments?post=1450"}],"version-history":[{"count":9,"href":"https:\/\/arnaudgrob.com\/index.php\/wp-json\/wp\/v2\/pages\/1450\/revisions"}],"predecessor-version":[{"id":2133,"href":"https:\/\/arnaudgrob.com\/index.php\/wp-json\/wp\/v2\/pages\/1450\/revisions\/2133"}],"wp:attachment":[{"href":"https:\/\/arnaudgrob.com\/index.php\/wp-json\/wp\/v2\/media?parent=1450"}],"curies":[{"name":"wp","href":"https:\/\/api.w.org\/{rel}","templated":true}]}}