{"id":1449,"date":"2026-02-04T18:35:39","date_gmt":"2026-02-04T17:35:39","guid":{"rendered":"https:\/\/arnaudgrob.com\/?page_id=1449"},"modified":"2026-03-02T08:04:01","modified_gmt":"2026-03-02T07:04:01","slug":"de_formation2","status":"publish","type":"page","link":"https:\/\/arnaudgrob.com\/index.php\/de_formation2\/","title":{"rendered":"E-Learning-Entwicklung"},"content":{"rendered":"\n<div class=\"wp-block-group alignwide has-foreground-color has-text-color is-layout-flow wp-container-core-group-is-layout-87c8ae1d wp-block-group-is-layout-flow\" style=\"padding-top:0vh;padding-right:var(--wp--preset--spacing--20);padding-bottom:0vh;padding-left:var(--wp--preset--spacing--20)\">\n<p class=\"has-text-align-right has-foreground-color has-text-color has-link-color\"><a href=\"https:\/\/arnaudgrob.com\/index.php\/fr_formation2\/\" data-type=\"page\" data-id=\"479\">fran\u00e7ais<\/a> \/ <a href=\"https:\/\/arnaudgrob.com\/index.php\/en_formation2\/\" data-type=\"page\" data-id=\"1404\">english<\/a> \/ <strong>deutsch<\/strong><\/p>\n\n\n\n<div class=\"wp-block-cover alignwide is-light\" style=\"border-radius:28px;padding-top:0vh;padding-right:0vh;padding-bottom:0vh;padding-left:0vh;min-height:294px;aspect-ratio:unset;\"><img loading=\"lazy\" decoding=\"async\" width=\"2560\" height=\"480\" class=\"wp-block-cover__image-background wp-image-476 size-full\" alt=\"\" src=\"http:\/\/arnaudgrob.com\/wp-content\/uploads\/2024\/12\/training-scaled.png\" style=\"object-position:70% 50%\" data-object-fit=\"cover\" data-object-position=\"70% 50%\" srcset=\"https:\/\/arnaudgrob.com\/wp-content\/uploads\/2024\/12\/training-scaled.png 2560w, https:\/\/arnaudgrob.com\/wp-content\/uploads\/2024\/12\/training-300x56.png 300w, https:\/\/arnaudgrob.com\/wp-content\/uploads\/2024\/12\/training-1024x192.png 1024w, https:\/\/arnaudgrob.com\/wp-content\/uploads\/2024\/12\/training-768x144.png 768w, https:\/\/arnaudgrob.com\/wp-content\/uploads\/2024\/12\/training-1536x288.png 1536w, https:\/\/arnaudgrob.com\/wp-content\/uploads\/2024\/12\/training-2048x384.png 2048w\" sizes=\"auto, (max-width: 2560px) 100vw, 2560px\" \/><span aria-hidden=\"true\" class=\"wp-block-cover__background has-quaternary-background-color has-background-dim-0 has-background-dim\"><\/span><div class=\"wp-block-cover__inner-container is-layout-flow wp-block-cover-is-layout-flow\">\n<div class=\"wp-block-group alignwide has-foreground-color has-text-color is-layout-flow wp-container-core-group-is-layout-87c8ae1d wp-block-group-is-layout-flow\" style=\"padding-top:0vh;padding-right:var(--wp--preset--spacing--20);padding-bottom:0vh;padding-left:var(--wp--preset--spacing--20)\">\n<div class=\"wp-block-buttons has-custom-font-size has-tiny-font-size is-content-justification-right is-layout-flex wp-container-core-buttons-is-layout-d36ff9ae wp-block-buttons-is-layout-flex\" style=\"padding-right:0;padding-left:0\">\n<div class=\"wp-block-button is-style-fill\"><a class=\"wp-block-button__link has-background-color has-foreground-background-color has-text-color has-background has-link-color has-tiny-font-size has-custom-font-size wp-element-button\" href=\"https:\/\/arnaudgrob.com\/index.php\/de_formation1\/\">inhouse-schulungen<\/a><\/div>\n<\/div>\n\n\n\n<div class=\"wp-block-buttons has-custom-font-size has-tiny-font-size is-content-justification-right is-layout-flex wp-container-core-buttons-is-layout-d445cf74 wp-block-buttons-is-layout-flex\">\n<div class=\"wp-block-button is-style-outline is-style-outline--1\"><a class=\"wp-block-button__link has-foreground-color has-background-background-color has-text-color has-background has-link-color wp-element-button\" style=\"padding-right:var(--wp--preset--spacing--30);padding-left:var(--wp--preset--spacing--30)\">e-learning-Entwicklung<\/a><\/div>\n<\/div>\n\n\n\n<div class=\"wp-block-buttons has-custom-font-size has-tiny-font-size is-content-justification-right is-layout-flex wp-container-core-buttons-is-layout-d445cf74 wp-block-buttons-is-layout-flex\">\n<div class=\"wp-block-button\"><a class=\"wp-block-button__link wp-element-button\" href=\"https:\/\/arnaudgrob.com\/index.php\/de_formation3\/\">mehrsprachige trainings<\/a><\/div>\n<\/div>\n<\/div>\n<\/div><\/div>\n\n\n\n<hr class=\"wp-block-separator has-text-color has-tertiary-color has-alpha-channel-opacity has-tertiary-background-color has-background is-style-bjork-angled-separator-wide\"\/>\n\n\n\n<h2 class=\"wp-block-heading has-text-align-left has-extra-large-font-size\" id=\"conseil_organisation\">E-Learning-Entwicklung<\/h2>\n\n\n\n<div class=\"wp-block-columns alignwide is-layout-flex wp-container-core-columns-is-layout-993ff0e8 wp-block-columns-is-layout-flex\" style=\"padding-top:0vh;padding-bottom:0vh\">\n<div class=\"wp-block-column is-layout-flow wp-block-column-is-layout-flow\">\n<p class=\"has-large-font-size\">Seit 2014 entwickle ich umfangreiche digitale Lernprogramme im Projektmanagement f\u00fcr f\u00fchrende europ\u00e4ische Unternehmen. Diese individuell konzipierten Kurse \u2013 mit \u00fcber 100 Videos in mehreren Sprachen \u2013 lassen sich direkt in die bestehende Lerninfrastruktur jedes Unternehmens integrieren.<\/p>\n<\/div>\n<\/div>\n\n\n\n<div class=\"wp-block-columns alignwide is-layout-flex wp-container-core-columns-is-layout-28f84493 wp-block-columns-is-layout-flex\">\n<div class=\"wp-block-column has-foreground-color has-quaternary-background-color has-text-color has-background is-layout-flow wp-block-column-is-layout-flow\">\n<div class=\"wp-block-group has-quaternary-background-color has-background is-layout-flow wp-container-core-group-is-layout-8cfe5ef5 wp-block-group-is-layout-flow\" style=\"margin-top:0px;margin-bottom:0px\">\n<h6 class=\"wp-block-heading has-text-align-left\" id=\"my-story\" style=\"line-height:1\"><strong><strong>Strukturierte digitale Lernpfade f\u00fcr nachhaltige PM-Kompetenz<\/strong><\/strong><\/h6>\n\n\n\n<p class=\"has-text-align-left\">Meine E-Learning-Programme st\u00e4rken die Projektmanagementpraxis nachhaltig \u2013 durch <strong>mehrsprachige Video-Inhalte<\/strong>, vielf\u00e4ltige <strong>interaktive Lernaktivit\u00e4ten<\/strong> und eine <strong>formale Kompetenzbewertung<\/strong>.<\/p>\n\n\n\n<div class=\"wp-block-columns is-layout-flex wp-container-core-columns-is-layout-28f84493 wp-block-columns-is-layout-flex\">\n<div class=\"wp-block-column is-layout-flow wp-block-column-is-layout-flow\">\n<p class=\"has-small-font-size\"><img loading=\"lazy\" decoding=\"async\" width=\"16\" height=\"13\" class=\"wp-image-1158\" style=\"width: 16px;\" src=\"http:\/\/arnaudgrob.com\/wp-content\/uploads\/2026\/01\/puce2.png\" alt=\"\"> Jedes Modul umfasst in der Regel etwa zehn kurze Videos, verf\u00fcgbar in mehreren Sprachen und mit optionalen Untertiteln. Die Inhalte erl\u00e4utern die Grundlagen des Projektmanagements und spiegeln gleichzeitig die unternehmensspezifische PM-Methodik wider \u2013 von Governance-Strukturen \u00fcber den Projektlebenszyklus bis hin zu Dokumentation und eingesetzten Tools.<\/p>\n<\/div>\n\n\n\n<div class=\"wp-block-column is-layout-flow wp-block-column-is-layout-flow\">\n<p class=\"has-small-font-size\"><img loading=\"lazy\" decoding=\"async\" width=\"16\" height=\"13\" class=\"wp-image-1158\" style=\"width: 16px;\" src=\"http:\/\/arnaudgrob.com\/wp-content\/uploads\/2026\/01\/puce2.png\" alt=\"\"> Jedes Modul beinhaltet interaktive Lernaktivit\u00e4ten in unterschiedlichen Formaten: L\u00fcckentexte, Drag-and-Drop-\u00dcbungen, anklickbare Grafiken, Zuordnungsaufgaben sowie Wahr\/Falsch-Fragen. Eine abschlie\u00dfende Wissens\u00fcberpr\u00fcfung erm\u00f6glicht den Lernenden, ihren Lernfortschritt zu \u00fcberpr\u00fcfen und das Gelernte zu festigen.<\/p>\n<\/div>\n\n\n\n<div class=\"wp-block-column is-layout-flow wp-block-column-is-layout-flow\">\n<p class=\"has-small-font-size\"><img loading=\"lazy\" decoding=\"async\" width=\"16\" height=\"13\" class=\"wp-image-1158\" style=\"width: 16px;\" src=\"http:\/\/arnaudgrob.com\/wp-content\/uploads\/2026\/01\/puce2.png\" alt=\"\"> Das erfolgreiche Absolvieren des gesamten Lernpfads gilt h\u00e4ufig als Voraussetzung f\u00fcr die Mitarbeit in Unternehmensprojekten oder die Teilnahme an aufbauenden Pr\u00e4senzschulungen \u2013 und gew\u00e4hrleistet damit ein einheitliches Kompetenzniveau im gesamten Unternehmen.<\/p>\n<\/div>\n<\/div>\n<\/div>\n<\/div>\n<\/div>\n\n\n\n<div class=\"wp-block-columns alignwide is-layout-flex wp-container-core-columns-is-layout-28f84493 wp-block-columns-is-layout-flex\">\n<div class=\"wp-block-column has-foreground-color has-quaternary-background-color has-text-color has-background is-layout-flow wp-block-column-is-layout-flow\">\n<div class=\"wp-block-group has-quaternary-background-color has-background is-layout-flow wp-container-core-group-is-layout-8cfe5ef5 wp-block-group-is-layout-flow\" style=\"margin-top:0px;margin-bottom:0px\">\n<h6 class=\"wp-block-heading has-text-align-left\" id=\"my-story\" style=\"line-height:1\"><strong><strong>Ein erprobter Vier-Phasen-Produktionsworkflow<\/strong><\/strong><\/h6>\n\n\n\n<p class=\"has-text-align-left\">Dank meiner umfassenden Erfahrung im Instructional Design und in der Medienerstellung steuere ich <strong>den gesamten Produktionsablauf<\/strong> in <strong>vier klar strukturierten Phasen<\/strong>:<\/p>\n\n\n\n<div class=\"wp-block-columns is-layout-flex wp-container-core-columns-is-layout-28f84493 wp-block-columns-is-layout-flex\">\n<div class=\"wp-block-column is-layout-flow wp-block-column-is-layout-flow\">\n<p class=\"has-small-font-size\"><img loading=\"lazy\" decoding=\"async\" width=\"16\" height=\"13\" class=\"wp-image-1158\" style=\"width: 16px;\" src=\"http:\/\/arnaudgrob.com\/wp-content\/uploads\/2026\/01\/puce2.png\" alt=\"\"> 1. PHASE &#8211; Nach einer Bedarfsanalyse werden ein Mustervideo und erg\u00e4nzende Demomaterialien entwickelt, die das Corporate Design des Kunden aufgreifen \u2013 zur formellen Abnahme s\u00e4mtlicher visueller Komponenten.<\/p>\n<\/div>\n\n\n\n<div class=\"wp-block-column is-layout-flow wp-block-column-is-layout-flow\">\n<p class=\"has-small-font-size\"><img loading=\"lazy\" decoding=\"async\" width=\"16\" height=\"13\" class=\"wp-image-1158\" style=\"width: 16px;\" src=\"http:\/\/arnaudgrob.com\/wp-content\/uploads\/2026\/01\/puce2.png\" alt=\"\"> 3. PHASE &#8211; Die Aufnahmen finden in einem professionellen Studio oder beim Kunden vor Ort statt. Schnitt, Ton und Postproduktion \u00fcbernimmt ein erfahrener AV-Partner mit \u00fcber zwanzig Jahren Know-how \u2013 f\u00fcr Ergebnisse auf h\u00f6chstem Qualit\u00e4tsniveau.<\/p>\n<\/div>\n<\/div>\n\n\n\n<div class=\"wp-block-columns is-layout-flex wp-container-core-columns-is-layout-28f84493 wp-block-columns-is-layout-flex\">\n<div class=\"wp-block-column is-layout-flow wp-block-column-is-layout-flow\">\n<p class=\"has-small-font-size\"><img loading=\"lazy\" decoding=\"async\" width=\"16\" height=\"13\" class=\"wp-image-1158\" style=\"width: 16px;\" src=\"http:\/\/arnaudgrob.com\/wp-content\/uploads\/2026\/01\/puce2.png\" alt=\"\"> 2. PHASE &#8211; Ich erarbeite ausf\u00fchrliche Drehb\u00fccher und Storyboards, erstelle die didaktischen Grafiken und konzipiere die Lernaktivit\u00e4ten einschlie\u00dflich der abschlie\u00dfenden Wissens\u00fcberpr\u00fcfung. Alle Materialien werden vor Produktionsbeginn gemeinsam mit dem Kunden gepr\u00fcft und freigegeben.<\/p>\n<\/div>\n\n\n\n<div class=\"wp-block-column is-layout-flow wp-block-column-is-layout-flow\">\n<p class=\"has-small-font-size\"><img loading=\"lazy\" decoding=\"async\" width=\"16\" height=\"13\" class=\"wp-image-1158\" style=\"width: 16px;\" src=\"http:\/\/arnaudgrob.com\/wp-content\/uploads\/2026\/01\/puce2.png\" alt=\"\"> 4. PHASE &#8211; Nach finaler Qualit\u00e4tspr\u00fcfung und erforderlichen Anpassungen erfolgt die Bereitstellung der finalen Mediendaten. Bei Bedarf arbeite ich eng mit den Kundenteams zusammen, um interaktive SCORM-Module (z. B. in Articulate 360) zu entwickeln und in bestehende LMS-Plattformen (z. B. SuccessFactors) zu integrieren.<\/p>\n<\/div>\n<\/div>\n<\/div>\n<\/div>\n<\/div>\n<\/div>\n","protected":false},"excerpt":{"rendered":"<p>fran\u00e7ais \/ english \/ deutsch E-Learning-Entwicklung Seit 2014 entwickle ich umfangreiche digitale Lernprogramme im Projektmanagement f\u00fcr f\u00fchrende europ\u00e4ische Unternehmen. Diese individuell konzipierten Kurse \u2013 mit \u00fcber 100 Videos in mehreren Sprachen \u2013 lassen sich direkt in die bestehende Lerninfrastruktur jedes Unternehmens integrieren. Strukturierte digitale Lernpfade f\u00fcr nachhaltige PM-Kompetenz Meine E-Learning-Programme st\u00e4rken die Projektmanagementpraxis nachhaltig \u2013 [&hellip;]<\/p>\n","protected":false},"author":1,"featured_media":0,"parent":0,"menu_order":0,"comment_status":"closed","ping_status":"closed","template":"wp-custom-template-page-en","meta":{"footnotes":""},"class_list":["post-1449","page","type-page","status-publish","hentry"],"_links":{"self":[{"href":"https:\/\/arnaudgrob.com\/index.php\/wp-json\/wp\/v2\/pages\/1449","targetHints":{"allow":["GET"]}}],"collection":[{"href":"https:\/\/arnaudgrob.com\/index.php\/wp-json\/wp\/v2\/pages"}],"about":[{"href":"https:\/\/arnaudgrob.com\/index.php\/wp-json\/wp\/v2\/types\/page"}],"author":[{"embeddable":true,"href":"https:\/\/arnaudgrob.com\/index.php\/wp-json\/wp\/v2\/users\/1"}],"replies":[{"embeddable":true,"href":"https:\/\/arnaudgrob.com\/index.php\/wp-json\/wp\/v2\/comments?post=1449"}],"version-history":[{"count":10,"href":"https:\/\/arnaudgrob.com\/index.php\/wp-json\/wp\/v2\/pages\/1449\/revisions"}],"predecessor-version":[{"id":2132,"href":"https:\/\/arnaudgrob.com\/index.php\/wp-json\/wp\/v2\/pages\/1449\/revisions\/2132"}],"wp:attachment":[{"href":"https:\/\/arnaudgrob.com\/index.php\/wp-json\/wp\/v2\/media?parent=1449"}],"curies":[{"name":"wp","href":"https:\/\/api.w.org\/{rel}","templated":true}]}}