{"id":1448,"date":"2026-02-04T18:35:10","date_gmt":"2026-02-04T17:35:10","guid":{"rendered":"https:\/\/arnaudgrob.com\/?page_id=1448"},"modified":"2026-03-02T08:03:45","modified_gmt":"2026-03-02T07:03:45","slug":"de_formation1","status":"publish","type":"page","link":"https:\/\/arnaudgrob.com\/index.php\/de_formation1\/","title":{"rendered":"Inhouse-Schulungen"},"content":{"rendered":"\n<div class=\"wp-block-group alignwide has-foreground-color has-text-color is-layout-flow wp-container-core-group-is-layout-87c8ae1d wp-block-group-is-layout-flow\" style=\"padding-top:0vh;padding-right:var(--wp--preset--spacing--20);padding-bottom:0vh;padding-left:var(--wp--preset--spacing--20)\">\n<p class=\"has-text-align-right has-foreground-color has-text-color has-link-color\"><a href=\"https:\/\/arnaudgrob.com\/index.php\/fr_formation1\/\" data-type=\"page\" data-id=\"478\">fran\u00e7ais<\/a> \/ <a href=\"https:\/\/arnaudgrob.com\/index.php\/en_formation1\/\" data-type=\"page\" data-id=\"1403\">english<\/a> \/ <strong>deutsch<\/strong><\/p>\n\n\n\n<div class=\"wp-block-cover alignwide is-light\" style=\"border-radius:28px;padding-top:0vh;padding-right:0vh;padding-bottom:0vh;padding-left:0vh;min-height:294px;aspect-ratio:unset;\"><img loading=\"lazy\" decoding=\"async\" width=\"2560\" height=\"480\" class=\"wp-block-cover__image-background wp-image-476 size-full\" alt=\"\" src=\"http:\/\/arnaudgrob.com\/wp-content\/uploads\/2024\/12\/training-scaled.png\" style=\"object-position:70% 50%\" data-object-fit=\"cover\" data-object-position=\"70% 50%\" srcset=\"https:\/\/arnaudgrob.com\/wp-content\/uploads\/2024\/12\/training-scaled.png 2560w, https:\/\/arnaudgrob.com\/wp-content\/uploads\/2024\/12\/training-300x56.png 300w, https:\/\/arnaudgrob.com\/wp-content\/uploads\/2024\/12\/training-1024x192.png 1024w, https:\/\/arnaudgrob.com\/wp-content\/uploads\/2024\/12\/training-768x144.png 768w, https:\/\/arnaudgrob.com\/wp-content\/uploads\/2024\/12\/training-1536x288.png 1536w, https:\/\/arnaudgrob.com\/wp-content\/uploads\/2024\/12\/training-2048x384.png 2048w\" sizes=\"auto, (max-width: 2560px) 100vw, 2560px\" \/><span aria-hidden=\"true\" class=\"wp-block-cover__background has-quaternary-background-color has-background-dim-0 has-background-dim\"><\/span><div class=\"wp-block-cover__inner-container is-layout-flow wp-block-cover-is-layout-flow\">\n<div class=\"wp-block-group alignwide has-foreground-color has-text-color is-layout-flow wp-container-core-group-is-layout-87c8ae1d wp-block-group-is-layout-flow\" style=\"padding-top:0vh;padding-right:var(--wp--preset--spacing--20);padding-bottom:0vh;padding-left:var(--wp--preset--spacing--20)\">\n<div class=\"wp-block-buttons has-custom-font-size has-tiny-font-size is-content-justification-right is-layout-flex wp-container-core-buttons-is-layout-d36ff9ae wp-block-buttons-is-layout-flex\" style=\"padding-right:0;padding-left:0\">\n<div class=\"wp-block-button is-style-outline is-style-outline--1\"><a class=\"wp-block-button__link has-foreground-color has-background-background-color has-text-color has-background has-link-color has-tiny-font-size has-custom-font-size wp-element-button\">INHOUSE-SCHULUNGEN<\/a><\/div>\n<\/div>\n\n\n\n<div class=\"wp-block-buttons has-custom-font-size has-tiny-font-size is-content-justification-right is-layout-flex wp-container-core-buttons-is-layout-d445cf74 wp-block-buttons-is-layout-flex\">\n<div class=\"wp-block-button\"><a class=\"wp-block-button__link wp-element-button\" href=\"https:\/\/arnaudgrob.com\/index.php\/de_formation2\" style=\"padding-right:var(--wp--preset--spacing--30);padding-left:var(--wp--preset--spacing--30)\">e-LEARNING-ENTWICKLUNG<\/a><\/div>\n<\/div>\n\n\n\n<div class=\"wp-block-buttons has-custom-font-size has-tiny-font-size is-content-justification-right is-layout-flex wp-container-core-buttons-is-layout-d445cf74 wp-block-buttons-is-layout-flex\">\n<div class=\"wp-block-button\"><a class=\"wp-block-button__link wp-element-button\" href=\"https:\/\/arnaudgrob.com\/index.php\/de_formation3\/\">MEHRsprachige TRAININGS<\/a><\/div>\n<\/div>\n<\/div>\n<\/div><\/div>\n\n\n\n<hr class=\"wp-block-separator has-text-color has-tertiary-color has-alpha-channel-opacity has-tertiary-background-color has-background is-style-bjork-angled-separator-wide\"\/>\n\n\n\n<h2 class=\"wp-block-heading has-text-align-left has-extra-large-font-size\" id=\"conseil_organisation\">Inhouse-Schulungen<\/h2>\n\n\n\n<div class=\"wp-block-columns alignwide is-layout-flex wp-container-core-columns-is-layout-993ff0e8 wp-block-columns-is-layout-flex\" style=\"padding-top:0vh;padding-bottom:0vh\">\n<div class=\"wp-block-column is-layout-flow wp-block-column-is-layout-flow\">\n<p class=\"has-text-align-left has-large-font-size\">Mit \u00fcber 20 Jahren Erfahrung in der betrieblichen Weiterbildung unterst\u00fctze ich Unternehmen dabei, ihre Projektmanagementkompetenzen gezielt weiterzuentwickeln. Ich konzipiere und begleite ma\u00dfgeschneiderte Lernprogramme, die einen klar strukturierten Aufbau, flexible Lernformate und eine enge Zusammenarbeit mit meinen Kunden vereinen \u2013 sodass neues Wissen und K\u00f6nnen nachhaltig verankert und im Arbeitsalltag angewendet werden kann.<\/p>\n<\/div>\n<\/div>\n\n\n\n<div class=\"wp-block-columns alignwide is-layout-flex wp-container-core-columns-is-layout-28f84493 wp-block-columns-is-layout-flex\">\n<div class=\"wp-block-column has-foreground-color has-quaternary-background-color has-text-color has-background is-layout-flow wp-block-column-is-layout-flow\">\n<div class=\"wp-block-group has-quaternary-background-color has-background is-layout-flow wp-container-core-group-is-layout-8cfe5ef5 wp-block-group-is-layout-flow\" style=\"margin-top:0px;margin-bottom:0px\">\n<h6 class=\"wp-block-heading has-text-align-left\" id=\"my-story\" style=\"line-height:1\"><strong>Ein klarer Lernpfad \u2013 von den Grundlagen zur Expertise<\/strong><\/h6>\n\n\n\n<p class=\"has-text-align-left\">Meine Lernarchitektur basiert auf einem <strong>strukturierten, progressiven Ansatz<\/strong> \u2013 gest\u00fctzt auf langj\u00e4hrige Erfahrung in der <strong>Konzeption und Durchf\u00fchrung integrierter Projektmanagementprogramme<\/strong>. Sie f\u00fchrt jeden Teilnehmenden systematisch <strong>von den Grundlagen bis zur Expertenstufe<\/strong>.<\/p>\n\n\n\n<div class=\"wp-block-columns is-layout-flex wp-container-core-columns-is-layout-28f84493 wp-block-columns-is-layout-flex\">\n<div class=\"wp-block-column is-layout-flow wp-block-column-is-layout-flow\">\n<p class=\"has-small-font-size\"><img loading=\"lazy\" decoding=\"async\" width=\"16\" height=\"13\" class=\"wp-image-1158\" style=\"width: 16px;\" src=\"http:\/\/arnaudgrob.com\/wp-content\/uploads\/2026\/01\/puce2.png\" alt=\"\"> <strong>1. GRUNDLAGEN<\/strong><br>Die Basismodule legen das fachliche Fundament f\u00fcr alle Projektbeteiligten. Die Teilnehmenden entwickeln ein gemeinsames Verst\u00e4ndnis der Kernprinzipien des Projektmanagements, der Rollen und Verantwortlichkeiten im Projektumfeld \u2013 und erarbeiten sich eine einheitliche Fachsprache. Ziel ist der Aufbau einer konsistenten Projektkultur als Basis f\u00fcr effektive Zusammenarbeit.<\/p>\n<\/div>\n\n\n\n<div class=\"wp-block-column is-layout-flow wp-block-column-is-layout-flow\">\n<p class=\"has-small-font-size\"><img loading=\"lazy\" decoding=\"async\" width=\"16\" height=\"13\" class=\"wp-image-1158\" style=\"width: 16px;\" src=\"http:\/\/arnaudgrob.com\/wp-content\/uploads\/2026\/01\/puce2.png\" alt=\"\"> <strong>2. PRAKTIKER<\/strong><br>Auf der Praktiker-Ebene steht die Entwicklung handlungsorientierter Kompetenz in bew\u00e4hrten PM-Methoden und -Tools im Mittelpunkt. Die Teilnehmenden arbeiten mit internationalen Standards (PMI, PRINCE2, IPMA, Scrum), um Projekte strukturiert zu planen und sicher zu steuern \u2013 und vertiefen gleichzeitig ihre F\u00fchrungskompetenz f\u00fcr interdisziplin\u00e4re Teams.<\/p>\n<\/div>\n\n\n\n<div class=\"wp-block-column is-layout-flow wp-block-column-is-layout-flow\">\n<p class=\"has-small-font-size\"><img loading=\"lazy\" decoding=\"async\" width=\"16\" height=\"13\" class=\"wp-image-1158\" style=\"width: 16px;\" src=\"http:\/\/arnaudgrob.com\/wp-content\/uploads\/2026\/01\/puce2.png\" alt=\"\"> <strong>3. EXPERTE<\/strong><br> Die Expertenmodule richten sich an erfahrene Projekt- und Programmleiter. Sie vertiefen anspruchsvolle Themen wie Projektfinanzmanagement, Multiprojektsteuerung oder interkulturelle F\u00fchrung \u2013 und sch\u00e4rfen die fachliche wie pers\u00f6nliche F\u00fchrungsst\u00e4rke f\u00fcr den Erfolg in anspruchsvollen Projektumfeldern.<\/p>\n<\/div>\n<\/div>\n<\/div>\n<\/div>\n<\/div>\n\n\n\n<div class=\"wp-block-columns alignwide is-layout-flex wp-container-core-columns-is-layout-28f84493 wp-block-columns-is-layout-flex\">\n<div class=\"wp-block-column has-foreground-color has-quaternary-background-color has-text-color has-background is-layout-flow wp-block-column-is-layout-flow\">\n<div class=\"wp-block-group has-quaternary-background-color has-background is-layout-flow wp-container-core-group-is-layout-8cfe5ef5 wp-block-group-is-layout-flow\" style=\"margin-top:0px;margin-bottom:0px\">\n<h6 class=\"wp-block-heading has-text-align-left\" id=\"my-story\" style=\"line-height:1\"><strong>Flexibel gestaltete Lernformate<\/strong><\/h6>\n\n\n\n<p class=\"has-text-align-left\">Meine Trainingsformate schneide ich auf die Bed\u00fcrfnisse meiner Kunden zu: <strong>Pr\u00e4senz-, Online- oder Blended Learning<\/strong>, <strong>transferbegleitendes Training<\/strong> sowie <strong>Einzel- oder Teamcoaching<\/strong>. Diese Flexibilit\u00e4t sorgt daf\u00fcr, dass Gelerntes wirkt, motiviert und im Arbeitsalltag ankommt.<\/p>\n\n\n\n<div class=\"wp-block-columns is-layout-flex wp-container-core-columns-is-layout-28f84493 wp-block-columns-is-layout-flex\">\n<div class=\"wp-block-column is-layout-flow wp-block-column-is-layout-flow\">\n<p class=\"has-small-font-size\"><img loading=\"lazy\" decoding=\"async\" width=\"16\" height=\"13\" class=\"wp-image-1158\" style=\"width: 16px;\" src=\"http:\/\/arnaudgrob.com\/wp-content\/uploads\/2026\/01\/puce2.png\" alt=\"\"> <strong>WORKSHOP-FORMATE<\/strong><br>Meine Workshops f\u00fchre ich in Pr\u00e4senz, online oder im Blended-Learning-Format durch. F\u00fcr Online-Sessions konzipiere ich kurze, interaktiv gestaltete Einheiten (90\u2013120 Minuten), die Konzentration und aktive Beteiligung f\u00f6rdern \u2013 und die Wissensverankerung nachhaltig st\u00e4rken.<\/p>\n<\/div>\n\n\n\n<div class=\"wp-block-column is-layout-flow wp-block-column-is-layout-flow\">\n<p class=\"has-small-font-size\"><img loading=\"lazy\" decoding=\"async\" width=\"16\" height=\"13\" class=\"wp-image-1158\" style=\"width: 16px;\" src=\"http:\/\/arnaudgrob.com\/wp-content\/uploads\/2026\/01\/puce2.png\" alt=\"\"> <strong>ON-THE-JOB-TRAINING<\/strong><br>Bei anspruchsvollen Projekten und Programmen zeigt praxisnahes Lernen die st\u00e4rkste Wirkung. Ich entwickle durchg\u00e4ngig personalisierte, modulare Lernpfade, in denen Methoden und Tools gezielt dann vermittelt werden, wenn sie gebraucht werden \u2013 abgestimmt auf die aktuellen Herausforderungen des Teams.<\/p>\n<\/div>\n\n\n\n<div class=\"wp-block-column is-layout-flow wp-block-column-is-layout-flow\">\n<p class=\"has-small-font-size\"><img loading=\"lazy\" decoding=\"async\" width=\"16\" height=\"13\" class=\"wp-image-1158\" style=\"width: 16px;\" src=\"http:\/\/arnaudgrob.com\/wp-content\/uploads\/2026\/01\/puce2.png\" alt=\"\"> <strong>COACHING<\/strong><br>Wenn individuelle F\u00f6rderung im Vordergrund steht, biete ich Einzel- und Teamcoaching an. Beim Einzelcoaching liegt der Fokus auf projektspezifischen Herausforderungen \u2013 orientiert an den jeweiligen Projektmeilensteinen. Das Teamcoaching f\u00f6rdert den Erfahrungsaustausch, die gemeinsame Probleml\u00f6sung und den Transfer von Best Practices im Rahmen regelm\u00e4\u00dfiger, moderierter Sitzungen.<\/p>\n<\/div>\n<\/div>\n<\/div>\n<\/div>\n<\/div>\n\n\n\n<div class=\"wp-block-columns alignwide is-layout-flex wp-container-core-columns-is-layout-28f84493 wp-block-columns-is-layout-flex\">\n<div class=\"wp-block-column has-foreground-color has-quaternary-background-color has-text-color has-background is-layout-flow wp-block-column-is-layout-flow\">\n<div class=\"wp-block-group has-quaternary-background-color has-background is-layout-flow wp-container-core-group-is-layout-8cfe5ef5 wp-block-group-is-layout-flow\" style=\"margin-top:0px;margin-bottom:0px\">\n<h6 class=\"wp-block-heading has-text-align-left\" id=\"my-story\" style=\"line-height:1\"><strong>Kollaborativ konzipiert \u2013 nah am Projektalltag<\/strong><\/h6>\n\n\n\n<p class=\"has-text-align-left\">Meine Schulungsprogramme basieren auf einer <strong>kollaborativen Lernkonzeption<\/strong> und einer klaren <strong>operativen Ausrichtung<\/strong> \u2013 f\u00fcr eine passgenaue <strong>Integration in den Arbeitsalltag der Teilnehmenden<\/strong>.<\/p>\n\n\n\n<div class=\"wp-block-columns is-layout-flex wp-container-core-columns-is-layout-28f84493 wp-block-columns-is-layout-flex\">\n<div class=\"wp-block-column is-layout-flow wp-block-column-is-layout-flow\">\n<p class=\"has-small-font-size\"><img loading=\"lazy\" decoding=\"async\" width=\"16\" height=\"13\" class=\"wp-image-1158\" style=\"width: 16px;\" src=\"http:\/\/arnaudgrob.com\/wp-content\/uploads\/2026\/01\/puce2.png\" alt=\"\"> Ich arbeite eng mit meinen Kunden zusammen: durch partizipative Bedarfserhebung, sorgf\u00e4ltige gemeinsame Inhaltsentwicklung und \u2013 bei Bedarf \u2013 Ko-Moderation mit PMO-Teams oder internen PM-Multiplikatoren.<\/p>\n<\/div>\n\n\n\n<div class=\"wp-block-column is-layout-flow wp-block-column-is-layout-flow\">\n<p class=\"has-small-font-size\"><img loading=\"lazy\" decoding=\"async\" width=\"16\" height=\"13\" class=\"wp-image-1158\" style=\"width: 16px;\" src=\"http:\/\/arnaudgrob.com\/wp-content\/uploads\/2026\/01\/puce2.png\" alt=\"\"> Mit einem klaren Fokus auf praktische Anwendung gehen meine Programme \u00fcber den reinen Wissenstransfer hinaus: Sie entwickeln nachhaltige Handlungskompetenz \u2013 durch kontextbezogene Fallstudien, praxisnahe Szenarien und die Bearbeitung realer Herausforderungen aus dem beruflichen Umfeld.<\/p>\n<\/div>\n\n\n\n<div class=\"wp-block-column is-layout-flow wp-block-column-is-layout-flow\">\n<p class=\"has-small-font-size\"><img loading=\"lazy\" decoding=\"async\" width=\"16\" height=\"13\" class=\"wp-image-1158\" style=\"width: 16px;\" src=\"http:\/\/arnaudgrob.com\/wp-content\/uploads\/2026\/01\/puce2.png\" alt=\"\"> Unternehmensspezifische Tools, Software und Projektunterlagen flie\u00dfen direkt in die Lernprogramme ein \u2013 so entsteht eine direkte Verbindung zwischen Lernen und gelebter Praxis.<\/p>\n<\/div>\n<\/div>\n<\/div>\n<\/div>\n<\/div>\n<\/div>\n","protected":false},"excerpt":{"rendered":"<p>fran\u00e7ais \/ english \/ deutsch Inhouse-Schulungen Mit \u00fcber 20 Jahren Erfahrung in der betrieblichen Weiterbildung unterst\u00fctze ich Unternehmen dabei, ihre Projektmanagementkompetenzen gezielt weiterzuentwickeln. Ich konzipiere und begleite ma\u00dfgeschneiderte Lernprogramme, die einen klar strukturierten Aufbau, flexible Lernformate und eine enge Zusammenarbeit mit meinen Kunden vereinen \u2013 sodass neues Wissen und K\u00f6nnen nachhaltig verankert und im Arbeitsalltag [&hellip;]<\/p>\n","protected":false},"author":1,"featured_media":0,"parent":0,"menu_order":0,"comment_status":"closed","ping_status":"closed","template":"wp-custom-template-page-en","meta":{"footnotes":""},"class_list":["post-1448","page","type-page","status-publish","hentry"],"_links":{"self":[{"href":"https:\/\/arnaudgrob.com\/index.php\/wp-json\/wp\/v2\/pages\/1448","targetHints":{"allow":["GET"]}}],"collection":[{"href":"https:\/\/arnaudgrob.com\/index.php\/wp-json\/wp\/v2\/pages"}],"about":[{"href":"https:\/\/arnaudgrob.com\/index.php\/wp-json\/wp\/v2\/types\/page"}],"author":[{"embeddable":true,"href":"https:\/\/arnaudgrob.com\/index.php\/wp-json\/wp\/v2\/users\/1"}],"replies":[{"embeddable":true,"href":"https:\/\/arnaudgrob.com\/index.php\/wp-json\/wp\/v2\/comments?post=1448"}],"version-history":[{"count":13,"href":"https:\/\/arnaudgrob.com\/index.php\/wp-json\/wp\/v2\/pages\/1448\/revisions"}],"predecessor-version":[{"id":2131,"href":"https:\/\/arnaudgrob.com\/index.php\/wp-json\/wp\/v2\/pages\/1448\/revisions\/2131"}],"wp:attachment":[{"href":"https:\/\/arnaudgrob.com\/index.php\/wp-json\/wp\/v2\/media?parent=1448"}],"curies":[{"name":"wp","href":"https:\/\/api.w.org\/{rel}","templated":true}]}}