{"id":1445,"date":"2026-02-04T18:33:38","date_gmt":"2026-02-04T17:33:38","guid":{"rendered":"https:\/\/arnaudgrob.com\/?page_id=1445"},"modified":"2026-03-02T08:03:20","modified_gmt":"2026-03-02T07:03:20","slug":"de_conseil2","status":"publish","type":"page","link":"https:\/\/arnaudgrob.com\/index.php\/de_conseil2\/","title":{"rendered":"Projektberatung"},"content":{"rendered":"\n<div class=\"wp-block-group alignwide has-foreground-color has-text-color is-layout-flow wp-container-core-group-is-layout-87c8ae1d wp-block-group-is-layout-flow\" style=\"padding-top:0vh;padding-right:var(--wp--preset--spacing--20);padding-bottom:0vh;padding-left:var(--wp--preset--spacing--20)\">\n<p class=\"has-text-align-right has-foreground-color has-text-color has-link-color\"><a href=\"https:\/\/arnaudgrob.com\/index.php\/fr_conseil2\/\" data-type=\"page\" data-id=\"419\">fran\u00e7ais<\/a> \/ <a href=\"https:\/\/arnaudgrob.com\/index.php\/en_conseil2\/\" data-type=\"page\" data-id=\"1400\">english<\/a> \/ <strong>deutsch<\/strong><\/p>\n\n\n\n<div class=\"wp-block-cover alignwide is-light\" style=\"border-radius:28px;padding-top:0vh;padding-right:0vh;padding-bottom:0vh;padding-left:0vh;min-height:294px;aspect-ratio:unset;\"><img loading=\"lazy\" decoding=\"async\" width=\"2560\" height=\"480\" class=\"wp-block-cover__image-background wp-image-469 size-full\" alt=\"\" src=\"http:\/\/arnaudgrob.com\/wp-content\/uploads\/2025\/12\/sommet_HD-scaled.png\" style=\"object-position:10% 70%\" data-object-fit=\"cover\" data-object-position=\"10% 70%\" srcset=\"https:\/\/arnaudgrob.com\/wp-content\/uploads\/2025\/12\/sommet_HD-scaled.png 2560w, https:\/\/arnaudgrob.com\/wp-content\/uploads\/2025\/12\/sommet_HD-300x56.png 300w, https:\/\/arnaudgrob.com\/wp-content\/uploads\/2025\/12\/sommet_HD-1024x192.png 1024w, https:\/\/arnaudgrob.com\/wp-content\/uploads\/2025\/12\/sommet_HD-768x144.png 768w, https:\/\/arnaudgrob.com\/wp-content\/uploads\/2025\/12\/sommet_HD-1536x288.png 1536w, https:\/\/arnaudgrob.com\/wp-content\/uploads\/2025\/12\/sommet_HD-2048x384.png 2048w\" sizes=\"auto, (max-width: 2560px) 100vw, 2560px\" \/><span aria-hidden=\"true\" class=\"wp-block-cover__background has-quaternary-background-color has-background-dim-0 has-background-dim\"><\/span><div class=\"wp-block-cover__inner-container is-layout-flow wp-block-cover-is-layout-flow\">\n<div class=\"wp-block-group alignwide has-foreground-color has-text-color is-layout-flow wp-container-core-group-is-layout-87c8ae1d wp-block-group-is-layout-flow\" style=\"padding-top:0vh;padding-right:var(--wp--preset--spacing--20);padding-bottom:0vh;padding-left:var(--wp--preset--spacing--20)\">\n<div class=\"wp-block-buttons has-custom-font-size has-tiny-font-size is-content-justification-right is-layout-flex wp-container-core-buttons-is-layout-d36ff9ae wp-block-buttons-is-layout-flex\" style=\"padding-right:0;padding-left:0\">\n<div class=\"wp-block-button is-style-fill\"><a class=\"wp-block-button__link has-background-color has-foreground-background-color has-text-color has-background has-link-color has-tiny-font-size has-custom-font-size wp-element-button\" href=\"https:\/\/arnaudgrob.com\/index.php\/de_conseil1\/\">organisationsberatung<\/a><\/div>\n<\/div>\n\n\n\n<div class=\"wp-block-buttons has-custom-font-size has-tiny-font-size is-content-justification-right is-layout-flex wp-container-core-buttons-is-layout-d445cf74 wp-block-buttons-is-layout-flex\">\n<div class=\"wp-block-button is-style-outline is-style-outline--1\"><a class=\"wp-block-button__link has-foreground-color has-background-background-color has-text-color has-background has-link-color wp-element-button\" style=\"padding-right:var(--wp--preset--spacing--30);padding-left:var(--wp--preset--spacing--30)\">projektbeRATUNG<\/a><\/div>\n<\/div>\n\n\n\n<div class=\"wp-block-buttons has-custom-font-size has-tiny-font-size is-content-justification-right is-layout-flex wp-container-core-buttons-is-layout-d445cf74 wp-block-buttons-is-layout-flex\">\n<div class=\"wp-block-button\"><a class=\"wp-block-button__link wp-element-button\" href=\"https:\/\/arnaudgrob.com\/index.php\/de_conseil3\/\">international<\/a><\/div>\n<\/div>\n<\/div>\n<\/div><\/div>\n\n\n\n<hr class=\"wp-block-separator has-text-color has-tertiary-color has-alpha-channel-opacity has-tertiary-background-color has-background is-style-bjork-angled-separator-wide\"\/>\n\n\n\n<h2 class=\"wp-block-heading has-text-align-left has-extra-large-font-size\" id=\"conseil_organisation\">Projektberatung<\/h2>\n\n\n\n<div class=\"wp-block-columns alignwide is-layout-flex wp-container-core-columns-is-layout-993ff0e8 wp-block-columns-is-layout-flex\" style=\"padding-top:0vh;padding-bottom:0vh\">\n<div class=\"wp-block-column is-layout-flow wp-block-column-is-layout-flow\">\n<p class=\"has-large-font-size\">Nach mehreren Jahren Erfahrung als Projektleiter in anspruchsvollen Branchen \u2013 insbesondere in der Automobil- sowie in der Luft- und Raumfahrtindustrie \u2013 begleite ich seit 2010 Projekte und Programme mit hohen Anforderungen in verschiedenen Fachbereichen wie F&amp;E, Produktion, Anlagenbau, IT und HR. Mein Ansatz zielt darauf ab, pragmatische L\u00f6sungen umzusetzen und Wissen sowie Methoden nachhaltig in den Teams zu verankern.<\/p>\n<\/div>\n<\/div>\n\n\n\n<div class=\"wp-block-columns alignwide is-layout-flex wp-container-core-columns-is-layout-28f84493 wp-block-columns-is-layout-flex\">\n<div class=\"wp-block-column has-foreground-color has-quaternary-background-color has-text-color has-background is-layout-flow wp-block-column-is-layout-flow\">\n<div class=\"wp-block-group has-quaternary-background-color has-background is-layout-flow wp-container-core-group-is-layout-8cfe5ef5 wp-block-group-is-layout-flow\" style=\"margin-top:0px;margin-bottom:0px\">\n<h6 class=\"wp-block-heading has-text-align-left\" id=\"my-story\" style=\"line-height:1\"><strong>Einzelprojektberatung<\/strong><\/h6>\n\n\n\n<p class=\"has-text-align-left\">Meine Begleitung basiert auf einem erprobten, flexiblen Vorgehensmodell, das den gesamten Projektlebenszyklus \u2013 von der Initiierung bis zum Abschluss \u2013 abdeckt. Sie umfasst <strong>gezielte methodische Unterst\u00fctzung<\/strong>, den <strong>Einsatz geeigneter Methoden und Tools<\/strong>, die <strong>Moderation von Arbeitsworkshops und Co-Creation-Workshops<\/strong> mit dem Projektteam sowie die <strong>gemeinsame Erarbeitung von Schl\u00fcsselergebnissen<\/strong>.<\/p>\n\n\n\n<div class=\"wp-block-columns is-layout-flex wp-container-core-columns-is-layout-28f84493 wp-block-columns-is-layout-flex\">\n<div class=\"wp-block-column is-layout-flow wp-block-column-is-layout-flow\">\n<p class=\"has-small-font-size\"><img loading=\"lazy\" decoding=\"async\" width=\"16\" height=\"13\" class=\"wp-image-1158\" style=\"width: 16px;\" src=\"http:\/\/arnaudgrob.com\/wp-content\/uploads\/2026\/01\/puce2.png\" alt=\"\"> In der Initiierungsphase unterst\u00fctze ich eine klare und realistische Zielsetzung, den Aufbau geeigneter Governance-Strukturen, die Strukturierung der Arbeitspakete und Verantwortlichkeiten, die Erstellung realistischer Zeit- und Ressourcenpl\u00e4ne sowie die fr\u00fchzeitige Identifikation und Bewertung von Risiken. Je nach Kontext empfehle ich die passende Methodik \u2013 pr\u00e4diktiv, agil oder hybrid \u2013 und w\u00e4hle das Rahmenwerk, das den Projektzielen und der Organisation am besten entspricht.<\/p>\n<\/div>\n\n\n\n<div class=\"wp-block-column is-layout-flow wp-block-column-is-layout-flow\">\n<p class=\"has-small-font-size\"><img loading=\"lazy\" decoding=\"async\" width=\"16\" height=\"13\" class=\"wp-image-1158\" style=\"width: 16px;\" src=\"http:\/\/arnaudgrob.com\/wp-content\/uploads\/2026\/01\/puce2.png\" alt=\"\"> Um die Projektumsetzung auf ein solides Fundament zu stellen, begleite ich die Einf\u00fchrung wirksamer Steuerungs- und Review-Routinen sowie die Auswahl und Einrichtung etablierter Projektmanagement-Software (z. B. MS Project, MS Planner, Jira, Azure DevOps u. a.). Die meisten meiner Auftr\u00e4ge enden, sobald das Projekt sicher l\u00e4uft. Bei Bedarf moderiere ich Meilenstein-Reviews, begleite Retrospektiven oder leite beim Projektabschluss einen strukturierten Lessons-Learned-Prozess.<\/p>\n<\/div>\n<\/div>\n<\/div>\n<\/div>\n<\/div>\n\n\n\n<div class=\"wp-block-columns alignwide is-layout-flex wp-container-core-columns-is-layout-28f84493 wp-block-columns-is-layout-flex\">\n<div class=\"wp-block-column has-foreground-color has-quaternary-background-color has-text-color has-background is-layout-flow wp-block-column-is-layout-flow\">\n<div class=\"wp-block-group has-quaternary-background-color has-background is-layout-flow wp-container-core-group-is-layout-8cfe5ef5 wp-block-group-is-layout-flow\" style=\"margin-top:0px;margin-bottom:0px\">\n<h6 class=\"wp-block-heading has-text-align-left\" id=\"my-story\" style=\"line-height:1\"><strong>Programmberatung<\/strong><\/h6>\n\n\n\n<p class=\"has-text-align-left\">Meine Leistungen im Programmmanagement richten sich an Organisationen, die komplexe <strong>Multi-Projekt-Initiativen mit strukturierter Governance und langfristiger strategischer Ausrichtung <\/strong>steuern.<\/p>\n\n\n\n<div class=\"wp-block-columns is-layout-flex wp-container-core-columns-is-layout-28f84493 wp-block-columns-is-layout-flex\">\n<div class=\"wp-block-column is-layout-flow wp-block-column-is-layout-flow\">\n<p class=\"has-small-font-size\"><img loading=\"lazy\" decoding=\"async\" width=\"16\" height=\"13\" class=\"wp-image-1158\" style=\"width: 16px;\" src=\"http:\/\/arnaudgrob.com\/wp-content\/uploads\/2026\/01\/puce2.png\" alt=\"\"> Meine Schwerpunkte umfassen die Zerlegung umfangreicher Programme in zusammenh\u00e4ngende Teilprojekte und Querschnittsbereiche, den Aufbau effektiver Governance-Strukturen, die Erarbeitung klarer Roadmaps mit definierten Phasen und Entscheidungspunkten sowie die Konzeption konsolidierter Steuerungsdashboards.<\/p>\n<\/div>\n\n\n\n<div class=\"wp-block-column is-layout-flow wp-block-column-is-layout-flow\">\n<p class=\"has-small-font-size\"><img loading=\"lazy\" decoding=\"async\" width=\"16\" height=\"13\" class=\"wp-image-1158\" style=\"width: 16px;\" src=\"http:\/\/arnaudgrob.com\/wp-content\/uploads\/2026\/01\/puce2.png\" alt=\"\"> Im Programmmanagement orientiere ich mich in der Regel am MSP-Framework (Managing Successful Programmes, PRINCE2 2021). Bei digitalen Tools lege ich besonderen Wert auf ein stabiles Datenmodell \u2013 der Schl\u00fcssel zum erfolgreichen Management von Hunderten Aktivit\u00e4ten, Dokumenten und Ressourcen \u00fcber Teams und Plattformen hinweg.<\/p>\n<\/div>\n<\/div>\n<\/div>\n<\/div>\n<\/div>\n<\/div>\n","protected":false},"excerpt":{"rendered":"<p>fran\u00e7ais \/ english \/ deutsch Projektberatung Nach mehreren Jahren Erfahrung als Projektleiter in anspruchsvollen Branchen \u2013 insbesondere in der Automobil- sowie in der Luft- und Raumfahrtindustrie \u2013 begleite ich seit 2010 Projekte und Programme mit hohen Anforderungen in verschiedenen Fachbereichen wie F&amp;E, Produktion, Anlagenbau, IT und HR. Mein Ansatz zielt darauf ab, pragmatische L\u00f6sungen umzusetzen [&hellip;]<\/p>\n","protected":false},"author":1,"featured_media":0,"parent":0,"menu_order":0,"comment_status":"closed","ping_status":"closed","template":"wp-custom-template-page-en","meta":{"footnotes":""},"class_list":["post-1445","page","type-page","status-publish","hentry"],"_links":{"self":[{"href":"https:\/\/arnaudgrob.com\/index.php\/wp-json\/wp\/v2\/pages\/1445","targetHints":{"allow":["GET"]}}],"collection":[{"href":"https:\/\/arnaudgrob.com\/index.php\/wp-json\/wp\/v2\/pages"}],"about":[{"href":"https:\/\/arnaudgrob.com\/index.php\/wp-json\/wp\/v2\/types\/page"}],"author":[{"embeddable":true,"href":"https:\/\/arnaudgrob.com\/index.php\/wp-json\/wp\/v2\/users\/1"}],"replies":[{"embeddable":true,"href":"https:\/\/arnaudgrob.com\/index.php\/wp-json\/wp\/v2\/comments?post=1445"}],"version-history":[{"count":13,"href":"https:\/\/arnaudgrob.com\/index.php\/wp-json\/wp\/v2\/pages\/1445\/revisions"}],"predecessor-version":[{"id":2129,"href":"https:\/\/arnaudgrob.com\/index.php\/wp-json\/wp\/v2\/pages\/1445\/revisions\/2129"}],"wp:attachment":[{"href":"https:\/\/arnaudgrob.com\/index.php\/wp-json\/wp\/v2\/media?parent=1445"}],"curies":[{"name":"wp","href":"https:\/\/api.w.org\/{rel}","templated":true}]}}