{"id":1443,"date":"2026-02-04T18:32:14","date_gmt":"2026-02-04T17:32:14","guid":{"rendered":"https:\/\/arnaudgrob.com\/?page_id=1443"},"modified":"2026-03-03T00:23:55","modified_gmt":"2026-03-02T23:23:55","slug":"de_accueil","status":"publish","type":"page","link":"https:\/\/arnaudgrob.com\/index.php\/de_accueil\/","title":{"rendered":"Startseite"},"content":{"rendered":"<div class=\"wp-block-cover alignwide is-light\" style=\"padding-top:0vh;padding-right:0vh;padding-bottom:0vh;padding-left:0vh;min-height:428px\"><span aria-hidden=\"true\" class=\"wp-block-cover__background has-quaternary-background-color has-background-dim-0 has-background-dim\"><\/span><\/p>\n<div class=\"wp-block-cover__inner-container\">\n\n\n<div class=\"wp-block-group alignwide has-foreground-color has-text-color is-layout-flow wp-container-core-group-is-layout-25a8d821 wp-block-group-is-layout-flow\" style=\"padding-top:0vh;padding-bottom:0vh\">\n<p class=\"has-text-align-right has-foreground-color has-text-color has-link-color wp-elements-730c9ed14d5581232b5eb763c3665f9b\"><a href=\"https:\/\/arnaudgrob.com\/index.php\/fr_accueil\/\" data-type=\"page\" data-id=\"635\">fran\u00e7ais<\/a> \/ <a href=\"https:\/\/arnaudgrob.com\/index.php\/en_accueil\/\" data-type=\"page\" data-id=\"1398\">english<\/a> \/ <strong>deutsch<\/strong><\/p>\n\n\n\n<h6 class=\"wp-block-heading\"><br><\/h6>\n\n\n\n<div class=\"wp-block-columns is-layout-flex wp-container-core-columns-is-layout-28f84493 wp-block-columns-is-layout-flex\">\n<div class=\"wp-block-column is-layout-flow wp-block-column-is-layout-flow\" style=\"flex-basis:60%\">\n<h2 class=\"wp-block-heading has-text-align-left has-heading-5-font-size\"><strong>Arnaud Grob<\/strong><br>Senior Projektmanagement-Berater, Trainer &amp; Dozent<\/h2>\n\n\n\n<p><em>project management expertise. 20+ years.<\/em><\/p>\n<\/div>\n\n\n\n<div class=\"wp-block-column is-layout-flow wp-block-column-is-layout-flow\" style=\"flex-basis:40%\">\n<figure class=\"wp-block-image aligncenter size-full is-resized\"><img loading=\"lazy\" decoding=\"async\" width=\"1980\" height=\"2560\" src=\"http:\/\/arnaudgrob.com\/wp-content\/uploads\/2025\/12\/photo_ag-scaled.jpg\" alt=\"\" class=\"wp-image-588\" style=\"width:155px;height:auto\" srcset=\"https:\/\/arnaudgrob.com\/wp-content\/uploads\/2025\/12\/photo_ag-scaled.jpg 1980w, https:\/\/arnaudgrob.com\/wp-content\/uploads\/2025\/12\/photo_ag-232x300.jpg 232w, https:\/\/arnaudgrob.com\/wp-content\/uploads\/2025\/12\/photo_ag-792x1024.jpg 792w, https:\/\/arnaudgrob.com\/wp-content\/uploads\/2025\/12\/photo_ag-768x993.jpg 768w, https:\/\/arnaudgrob.com\/wp-content\/uploads\/2025\/12\/photo_ag-1188x1536.jpg 1188w, https:\/\/arnaudgrob.com\/wp-content\/uploads\/2025\/12\/photo_ag-1584x2048.jpg 1584w\" sizes=\"auto, (max-width: 1980px) 100vw, 1980px\" \/><\/figure>\n<\/div>\n<\/div>\n<\/div>\n\n\n\n<hr class=\"wp-block-separator has-text-color has-tertiary-color has-alpha-channel-opacity has-tertiary-background-color has-background is-style-bjork-angled-separator-wide\" style=\"margin-top:var(--wp--preset--spacing--50);margin-bottom:var(--wp--preset--spacing--50)\"\/>\n\n\n\n<div class=\"wp-block-columns alignwide is-layout-flex wp-container-core-columns-is-layout-28f84493 wp-block-columns-is-layout-flex\">\n<div class=\"wp-block-column is-layout-flow wp-block-column-is-layout-flow\">\n<p>Als Absolvent der HEC Paris und Gr\u00fcnder von O\u00efkos Consulting &amp; Training berate ich seit \u00fcber zwanzig Jahren Organisationen und st\u00e4rke die Projektmanagementkompetenz von Fach- und F\u00fchrungskr\u00e4ften \u2013 in Europa, China und den Vereinigten Staaten.<\/p>\n\n\n\n<p>Mit ausgewiesener Expertise in international anerkannten Projektmanagement-Standards (PMI, PRINCE2, IPMA, Scrum) verbinde ich die Organisationsberatung (PM, PPM, PMO), die operative Beratung komplexer Projekte und Programme sowie die Entwicklung und Umsetzung kundenspezifischer Weiterbildungsprogramme.<\/p>\n\n\n\n<div class=\"wp-block-buttons is-content-justification-left is-layout-flex wp-container-core-buttons-is-layout-fc4fd283 wp-block-buttons-is-layout-flex\">\n<div class=\"wp-block-button is-style-outline is-style-outline--1\"><a class=\"wp-block-button__link has-foreground-color has-background-background-color has-text-color has-background has-link-color wp-element-button\" href=\"https:\/\/arnaudgrob.com\/index.php\/de_references1\/\">ausgew\u00e4hlte referenzen<\/a><\/div>\n<\/div>\n<\/div>\n\n\n\n<div class=\"wp-block-column is-layout-flow wp-container-core-column-is-layout-0d1bd4b5 wp-block-column-is-layout-flow\">\n<p>Seit 2011 bin ich Dozent (ma\u00eetre de conf\u00e9rences associ\u00e9*) an der Universit\u00e4t Stra\u00dfburg, wo ich den Masterstudiengang \u201eInternationales Projektmanagement\u201c leite. Dar\u00fcber hinaus unterrichte ich auf Deutsch, Englisch und Franz\u00f6sisch an mehreren Universit\u00e4ten und Hochschulen in Frankreich und Deutschland.<br><\/p>\n\n\n\n<p>Wissenstransfer liegt mir besonders am Herzen: 2020 ver\u00f6ffentlichte ich ein in Frankreich weit verbreitetes Referenzhandbuch beim Verlag Vuibert. Seit 2023 bin ich zudem franz\u00f6sischsprachiger LinkedIn-Learning-Trainer \u2013 meine drei Projektmanagement-Kurse haben bereits \u00fcber 60.000 Teilnehmende erreicht und z\u00e4hlen zu den beliebtesten und bestbewerteten Angeboten im Bereich Projektmanagement auf der Plattform (3.600 Likes | Durchschnittsbewertung 4,6\/5 | 2 PMI-akkreditierte Kurse).<\/p>\n<\/div>\n<\/div>\n\n\n\n<div class=\"wp-block-columns alignwide is-layout-flex wp-container-core-columns-is-layout-28f84493 wp-block-columns-is-layout-flex\">\n<div class=\"wp-block-column is-layout-flow wp-block-column-is-layout-flow\">\n<p class=\"has-tiny-font-size\">*ma\u00eetre de conf\u00e9rences associ\u00e9: Dauerhafter Lehrauftrag im franz\u00f6sischen Hochschulsystem, vergeben an erfahrene Praktiker mit nachgewiesener Expertise; entspricht der Stufe eines au\u00dferordentlichen Professors (ao. Prof.)<\/p>\n<\/div>\n<\/div>\n\n\n\n<hr class=\"wp-block-separator has-text-color has-tertiary-color has-alpha-channel-opacity has-tertiary-background-color has-background is-style-bjork-angled-separator-wide\" style=\"margin-top:var(--wp--preset--spacing--50);margin-bottom:var(--wp--preset--spacing--50)\"\/>\n\n\n\n<div class=\"wp-block-columns alignwide is-layout-flex wp-container-core-columns-is-layout-28f84493 wp-block-columns-is-layout-flex\">\n<div class=\"wp-block-column has-foreground-color has-quaternary-background-color has-text-color has-background is-layout-flow wp-block-column-is-layout-flow\">\n<figure class=\"wp-block-image size-full has-custom-border\"><img loading=\"lazy\" decoding=\"async\" width=\"2560\" height=\"480\" src=\"http:\/\/arnaudgrob.com\/wp-content\/uploads\/2025\/12\/sommet_HD-scaled.png\" alt=\"\" class=\"wp-image-469\" style=\"border-top-left-radius:0px;border-top-right-radius:0px;border-bottom-left-radius:0px;border-bottom-right-radius:0px\" srcset=\"https:\/\/arnaudgrob.com\/wp-content\/uploads\/2025\/12\/sommet_HD-scaled.png 2560w, https:\/\/arnaudgrob.com\/wp-content\/uploads\/2025\/12\/sommet_HD-300x56.png 300w, https:\/\/arnaudgrob.com\/wp-content\/uploads\/2025\/12\/sommet_HD-1024x192.png 1024w, https:\/\/arnaudgrob.com\/wp-content\/uploads\/2025\/12\/sommet_HD-768x144.png 768w, https:\/\/arnaudgrob.com\/wp-content\/uploads\/2025\/12\/sommet_HD-1536x288.png 1536w, https:\/\/arnaudgrob.com\/wp-content\/uploads\/2025\/12\/sommet_HD-2048x384.png 2048w\" sizes=\"auto, (max-width: 2560px) 100vw, 2560px\" \/><\/figure>\n\n\n\n<div class=\"wp-block-group has-quaternary-background-color has-background is-layout-flow wp-container-core-group-is-layout-e0ea0936 wp-block-group-is-layout-flow\" style=\"margin-top:0px;margin-bottom:0px\">\n<h6 class=\"wp-block-heading has-text-align-left\" id=\"my-story\" style=\"line-height:1\">Beratung<\/h6>\n\n\n\n<p class=\"has-text-align-left has-small-font-size\">Organisationsberatung (PM, PPM, PMO)<\/p>\n\n\n\n<p class=\"has-text-align-left has-small-font-size\">Projekt- und Programmberatung<\/p>\n\n\n\n<p class=\"has-text-align-left has-small-font-size\">Internationale Erfahrung<\/p>\n\n\n\n<div class=\"wp-block-buttons is-layout-flex wp-block-buttons-is-layout-flex\">\n<div class=\"wp-block-button\"><a class=\"wp-block-button__link has-foreground-background-color has-background has-tiny-font-size has-custom-font-size wp-element-button\" href=\"https:\/\/arnaudgrob.com\/index.php\/de_conseil1\/\">weitere informationen<\/a><\/div>\n<\/div>\n<\/div>\n<\/div>\n\n\n\n<div class=\"wp-block-column has-foreground-color has-quaternary-background-color has-text-color has-background is-layout-flow wp-block-column-is-layout-flow\">\n<figure class=\"wp-block-image size-full has-custom-border\"><img loading=\"lazy\" decoding=\"async\" width=\"2560\" height=\"480\" src=\"https:\/\/arnaudgrob.com\/wp-content\/uploads\/2024\/12\/training-scaled.png\" alt=\"\" class=\"wp-image-476\" style=\"border-top-left-radius:0px;border-top-right-radius:0px;border-bottom-left-radius:0px;border-bottom-right-radius:0px\" srcset=\"https:\/\/arnaudgrob.com\/wp-content\/uploads\/2024\/12\/training-scaled.png 2560w, https:\/\/arnaudgrob.com\/wp-content\/uploads\/2024\/12\/training-300x56.png 300w, https:\/\/arnaudgrob.com\/wp-content\/uploads\/2024\/12\/training-1024x192.png 1024w, https:\/\/arnaudgrob.com\/wp-content\/uploads\/2024\/12\/training-768x144.png 768w, https:\/\/arnaudgrob.com\/wp-content\/uploads\/2024\/12\/training-1536x288.png 1536w, https:\/\/arnaudgrob.com\/wp-content\/uploads\/2024\/12\/training-2048x384.png 2048w\" sizes=\"auto, (max-width: 2560px) 100vw, 2560px\" \/><\/figure>\n\n\n\n<div class=\"wp-block-group has-quaternary-background-color has-background is-layout-flow wp-container-core-group-is-layout-8cfe5ef5 wp-block-group-is-layout-flow\" style=\"margin-top:0px;margin-bottom:0px\">\n<h6 class=\"wp-block-heading has-text-align-left\" id=\"my-story\" style=\"line-height:1\">Weiterbildung<\/h6>\n\n\n\n<p class=\"has-text-align-left has-small-font-size\">Inhouse-Schulungen <\/p>\n\n\n\n<p class=\"has-text-align-left has-small-font-size\">E-Learning-Entwicklung<\/p>\n\n\n\n<p class=\"has-text-align-left has-small-font-size\">Mehrsprachige Trainings: Deutsch, Englisch, Franz\u00f6sisch<\/p>\n\n\n\n<div class=\"wp-block-buttons is-layout-flex wp-block-buttons-is-layout-flex\">\n<div class=\"wp-block-button\"><a class=\"wp-block-button__link has-foreground-background-color has-background has-tiny-font-size has-custom-font-size wp-element-button\" href=\"https:\/\/arnaudgrob.com\/index.php\/de_formation1\/\">weitere informationen<\/a><\/div>\n<\/div>\n<\/div>\n<\/div>\n<\/div>\n\n\n\n<div class=\"wp-block-columns alignwide is-layout-flex wp-container-core-columns-is-layout-28f84493 wp-block-columns-is-layout-flex\">\n<div class=\"wp-block-column has-foreground-color has-quaternary-background-color has-text-color has-background is-layout-flow wp-block-column-is-layout-flow\">\n<figure class=\"wp-block-image size-full has-custom-border\"><img loading=\"lazy\" decoding=\"async\" width=\"2560\" height=\"480\" src=\"http:\/\/arnaudgrob.com\/wp-content\/uploads\/2025\/12\/banner_academique-scaled.png\" alt=\"\" class=\"wp-image-536\" style=\"border-top-left-radius:0px;border-top-right-radius:0px;border-bottom-left-radius:0px;border-bottom-right-radius:0px\" srcset=\"https:\/\/arnaudgrob.com\/wp-content\/uploads\/2025\/12\/banner_academique-scaled.png 2560w, https:\/\/arnaudgrob.com\/wp-content\/uploads\/2025\/12\/banner_academique-300x56.png 300w, https:\/\/arnaudgrob.com\/wp-content\/uploads\/2025\/12\/banner_academique-1024x192.png 1024w, https:\/\/arnaudgrob.com\/wp-content\/uploads\/2025\/12\/banner_academique-768x144.png 768w, https:\/\/arnaudgrob.com\/wp-content\/uploads\/2025\/12\/banner_academique-1536x288.png 1536w, https:\/\/arnaudgrob.com\/wp-content\/uploads\/2025\/12\/banner_academique-2048x384.png 2048w\" sizes=\"auto, (max-width: 2560px) 100vw, 2560px\" \/><\/figure>\n\n\n\n<div class=\"wp-block-group has-quaternary-background-color has-background is-layout-flow wp-container-core-group-is-layout-e0ea0936 wp-block-group-is-layout-flow\" style=\"margin-top:0px;margin-bottom:0px\">\n<h6 class=\"wp-block-heading has-text-align-left\" id=\"my-story\" style=\"line-height:1\">Akademisch<\/h6>\n\n\n\n<p class=\"has-text-align-left has-small-font-size\">Studiengangsleitung: Master &#8220;Internationales Projektmanagement&#8221;, Universit\u00e4t Stra\u00dfburg<\/p>\n\n\n\n<p class=\"has-text-align-left has-small-font-size\">Lehrt\u00e4tigkeiten in Frankreich und Deutschland <\/p>\n\n\n\n<p class=\"has-small-font-size\">Studium: Master in Management, HEC Paris<\/p>\n\n\n\n<div class=\"wp-block-buttons is-layout-flex wp-block-buttons-is-layout-flex\">\n<div class=\"wp-block-button\"><a class=\"wp-block-button__link has-foreground-background-color has-background has-tiny-font-size has-custom-font-size wp-element-button\" href=\"https:\/\/arnaudgrob.com\/index.php\/de_academique1\/\">weitere informationen<\/a><\/div>\n<\/div>\n<\/div>\n<\/div>\n\n\n\n<div class=\"wp-block-column has-foreground-color has-quaternary-background-color has-text-color has-background is-layout-flow wp-block-column-is-layout-flow\">\n<figure class=\"wp-block-image size-full has-custom-border\"><img loading=\"lazy\" decoding=\"async\" width=\"2560\" height=\"480\" src=\"http:\/\/arnaudgrob.com\/wp-content\/uploads\/2025\/12\/elearning2_banner.png\" alt=\"\" class=\"wp-image-582\" style=\"border-top-left-radius:0px;border-top-right-radius:0px;border-bottom-left-radius:0px;border-bottom-right-radius:0px\" srcset=\"https:\/\/arnaudgrob.com\/wp-content\/uploads\/2025\/12\/elearning2_banner.png 2560w, https:\/\/arnaudgrob.com\/wp-content\/uploads\/2025\/12\/elearning2_banner-300x56.png 300w, https:\/\/arnaudgrob.com\/wp-content\/uploads\/2025\/12\/elearning2_banner-1024x192.png 1024w, https:\/\/arnaudgrob.com\/wp-content\/uploads\/2025\/12\/elearning2_banner-768x144.png 768w, https:\/\/arnaudgrob.com\/wp-content\/uploads\/2025\/12\/elearning2_banner-1536x288.png 1536w, https:\/\/arnaudgrob.com\/wp-content\/uploads\/2025\/12\/elearning2_banner-2048x384.png 2048w\" sizes=\"auto, (max-width: 2560px) 100vw, 2560px\" \/><\/figure>\n\n\n\n<div class=\"wp-block-group has-quaternary-background-color has-background is-layout-flow wp-container-core-group-is-layout-8cfe5ef5 wp-block-group-is-layout-flow\" style=\"margin-top:0px;margin-bottom:0px\">\n<h6 class=\"wp-block-heading has-text-align-left\" id=\"my-story\" style=\"line-height:1\">E-Learning<\/h6>\n\n\n\n<p class=\"has-text-align-left has-small-font-size\">Franz\u00f6sischsprachiger LinkedIn Learning-Trainer f\u00fcr Projektmanagement (3 Kurse \u2013 2 PMI-akkreditiert, \u00fcber 60.000 Lernende)<\/p>\n\n\n\n<ul class=\"wp-block-list\">\n<li class=\"has-tiny-font-size\">Les fondements de la gestion de projet (1:47 Std.)<\/li>\n\n\n\n<li class=\"has-tiny-font-size\">Les fondements de la m\u00e9thode Scrum (1:03 Std.)<\/li>\n\n\n\n<li class=\"has-tiny-font-size\">La gestion financi\u00e8re d&#8217;un projet (58 Min.)<\/li>\n<\/ul>\n\n\n\n<div class=\"wp-block-buttons is-layout-flex wp-block-buttons-is-layout-flex\">\n<div class=\"wp-block-button\"><a class=\"wp-block-button__link has-foreground-background-color has-background has-tiny-font-size has-custom-font-size wp-element-button\" href=\"https:\/\/arnaudgrob.com\/index.php\/de_elearning\/\">weitere informationen<\/a><\/div>\n<\/div>\n<\/div>\n<\/div>\n<\/div>\n\n\n\n<div class=\"wp-block-columns alignwide is-layout-flex wp-container-core-columns-is-layout-28f84493 wp-block-columns-is-layout-flex\">\n<div class=\"wp-block-column has-foreground-color has-quaternary-background-color has-text-color has-background is-layout-flow wp-block-column-is-layout-flow\">\n<figure class=\"wp-block-image size-full has-custom-border\"><img loading=\"lazy\" decoding=\"async\" width=\"2560\" height=\"480\" src=\"http:\/\/arnaudgrob.com\/wp-content\/uploads\/2025\/12\/livre2.png\" alt=\"\" class=\"wp-image-692\" style=\"border-top-left-radius:0px;border-top-right-radius:0px;border-bottom-left-radius:0px;border-bottom-right-radius:0px\" srcset=\"https:\/\/arnaudgrob.com\/wp-content\/uploads\/2025\/12\/livre2.png 2560w, https:\/\/arnaudgrob.com\/wp-content\/uploads\/2025\/12\/livre2-300x56.png 300w, https:\/\/arnaudgrob.com\/wp-content\/uploads\/2025\/12\/livre2-1024x192.png 1024w, https:\/\/arnaudgrob.com\/wp-content\/uploads\/2025\/12\/livre2-768x144.png 768w, https:\/\/arnaudgrob.com\/wp-content\/uploads\/2025\/12\/livre2-1536x288.png 1536w, https:\/\/arnaudgrob.com\/wp-content\/uploads\/2025\/12\/livre2-2048x384.png 2048w\" sizes=\"auto, (max-width: 2560px) 100vw, 2560px\" \/><\/figure>\n\n\n\n<div class=\"wp-block-group has-quaternary-background-color has-background is-layout-flow wp-container-core-group-is-layout-8cfe5ef5 wp-block-group-is-layout-flow\" style=\"margin-top:0px;margin-bottom:0px\">\n<h6 class=\"wp-block-heading has-text-align-left\" id=\"my-story\" style=\"line-height:1\">Handbuch<\/h6>\n\n\n\n<p class=\"has-text-align-left has-small-font-size\"><em>Management de projet : concepts, m\u00e9thodes et outils<\/em> erschienen 2020 beim Verlag Vuibert<\/p>\n\n\n\n<p class=\"has-text-align-left has-small-font-size\">Franz\u00f6sischsprachiges Referenzhandbuch<\/p>\n\n\n\n<div class=\"wp-block-buttons is-layout-flex wp-block-buttons-is-layout-flex\">\n<div class=\"wp-block-button\"><a class=\"wp-block-button__link has-foreground-background-color has-background has-tiny-font-size has-custom-font-size wp-element-button\" href=\"https:\/\/arnaudgrob.com\/index.php\/de_livre\/\">weitere informationen<\/a><\/div>\n<\/div>\n<\/div>\n<\/div>\n\n\n\n<div class=\"wp-block-column has-foreground-color has-quaternary-background-color has-text-color has-background is-layout-flow wp-block-column-is-layout-flow\">\n<figure class=\"wp-block-image size-full has-custom-border\"><img loading=\"lazy\" decoding=\"async\" width=\"1536\" height=\"312\" src=\"http:\/\/arnaudgrob.com\/wp-content\/uploads\/2026\/01\/banner_ressources.png\" alt=\"\" class=\"wp-image-731\" style=\"border-top-left-radius:0px;border-top-right-radius:0px;border-bottom-left-radius:0px;border-bottom-right-radius:0px\" srcset=\"https:\/\/arnaudgrob.com\/wp-content\/uploads\/2026\/01\/banner_ressources.png 1536w, https:\/\/arnaudgrob.com\/wp-content\/uploads\/2026\/01\/banner_ressources-300x61.png 300w, https:\/\/arnaudgrob.com\/wp-content\/uploads\/2026\/01\/banner_ressources-1024x208.png 1024w, https:\/\/arnaudgrob.com\/wp-content\/uploads\/2026\/01\/banner_ressources-768x156.png 768w\" sizes=\"auto, (max-width: 1536px) 100vw, 1536px\" \/><\/figure>\n\n\n\n<div class=\"wp-block-group has-quaternary-background-color has-background is-layout-flow wp-container-core-group-is-layout-8cfe5ef5 wp-block-group-is-layout-flow\" style=\"margin-top:0px;margin-bottom:0px\">\n<h6 class=\"wp-block-heading has-text-align-left\" id=\"my-story\" style=\"line-height:1\">Fachressourcen<\/h6>\n\n\n\n<p class=\"has-text-align-left has-small-font-size\">Projektmanagement-Standards<\/p>\n\n\n\n<p class=\"has-text-align-left has-small-font-size\">Open-Source-Software<\/p>\n\n\n\n<p class=\"has-text-align-left has-small-font-size\">Fachpublikationen<\/p>\n\n\n\n<div class=\"wp-block-buttons is-layout-flex wp-block-buttons-is-layout-flex\">\n<div class=\"wp-block-button\"><a class=\"wp-block-button__link has-foreground-background-color has-background has-tiny-font-size has-custom-font-size wp-element-button\" href=\"https:\/\/arnaudgrob.com\/index.php\/de_ressources\/\">weitere informationen<\/a><\/div>\n<\/div>\n<\/div>\n<\/div>\n<\/div>\n\n\n<\/div>\n<p><!-- \/wp:post-content --><\/p>","protected":false},"excerpt":{"rendered":"<p>fran\u00e7ais \/ english \/ deutsch Arnaud GrobSenior Projektmanagement-Berater, Trainer &amp; Dozent project management expertise. 20+ years. Als Absolvent der HEC Paris und Gr\u00fcnder von O\u00efkos Consulting &amp; Training berate ich seit \u00fcber zwanzig Jahren Organisationen und st\u00e4rke die Projektmanagementkompetenz von Fach- und F\u00fchrungskr\u00e4ften \u2013 in Europa, China und den Vereinigten Staaten. Mit ausgewiesener Expertise in [&hellip;]<\/p>\n","protected":false},"author":1,"featured_media":0,"parent":0,"menu_order":0,"comment_status":"closed","ping_status":"closed","template":"wp-custom-template-page-en","meta":{"footnotes":""},"class_list":["post-1443","page","type-page","status-publish","hentry"],"_links":{"self":[{"href":"https:\/\/arnaudgrob.com\/index.php\/wp-json\/wp\/v2\/pages\/1443","targetHints":{"allow":["GET"]}}],"collection":[{"href":"https:\/\/arnaudgrob.com\/index.php\/wp-json\/wp\/v2\/pages"}],"about":[{"href":"https:\/\/arnaudgrob.com\/index.php\/wp-json\/wp\/v2\/types\/page"}],"author":[{"embeddable":true,"href":"https:\/\/arnaudgrob.com\/index.php\/wp-json\/wp\/v2\/users\/1"}],"replies":[{"embeddable":true,"href":"https:\/\/arnaudgrob.com\/index.php\/wp-json\/wp\/v2\/comments?post=1443"}],"version-history":[{"count":33,"href":"https:\/\/arnaudgrob.com\/index.php\/wp-json\/wp\/v2\/pages\/1443\/revisions"}],"predecessor-version":[{"id":2225,"href":"https:\/\/arnaudgrob.com\/index.php\/wp-json\/wp\/v2\/pages\/1443\/revisions\/2225"}],"wp:attachment":[{"href":"https:\/\/arnaudgrob.com\/index.php\/wp-json\/wp\/v2\/media?parent=1443"}],"curies":[{"name":"wp","href":"https:\/\/api.w.org\/{rel}","templated":true}]}}