{"id":1441,"date":"2026-02-04T18:31:25","date_gmt":"2026-02-04T17:31:25","guid":{"rendered":"https:\/\/arnaudgrob.com\/?page_id=1441"},"modified":"2026-03-02T08:05:00","modified_gmt":"2026-03-02T07:05:00","slug":"de_academique2","status":"publish","type":"page","link":"https:\/\/arnaudgrob.com\/index.php\/de_academique2\/","title":{"rendered":"Lehrt\u00e4tigkeiten"},"content":{"rendered":"\n<div class=\"wp-block-group alignwide has-foreground-color has-text-color is-layout-flow wp-container-core-group-is-layout-87c8ae1d wp-block-group-is-layout-flow\" style=\"padding-top:0vh;padding-right:var(--wp--preset--spacing--20);padding-bottom:0vh;padding-left:var(--wp--preset--spacing--20)\">\n<p class=\"has-text-align-right has-foreground-color has-text-color has-link-color\"><a href=\"https:\/\/arnaudgrob.com\/index.php\/fr_academique1\/\" data-type=\"page\" data-id=\"509\">f<\/a><a href=\"https:\/\/arnaudgrob.com\/index.php\/fr_academique2\/\" data-type=\"page\" data-id=\"509\">ran\u00e7ais<\/a> \/ <a href=\"https:\/\/arnaudgrob.com\/index.php\/en_academique2\/\" data-type=\"page\" data-id=\"1396\">english<\/a> \/ <strong>deutsch<\/strong><\/p>\n\n\n\n<div class=\"wp-block-cover alignwide\" style=\"border-radius:28px;padding-top:0vh;padding-right:0vh;padding-bottom:0vh;padding-left:0vh;min-height:294px;aspect-ratio:unset;\"><img loading=\"lazy\" decoding=\"async\" width=\"2560\" height=\"1491\" class=\"wp-block-cover__image-background wp-image-526 size-full\" alt=\"\" src=\"http:\/\/arnaudgrob.com\/wp-content\/uploads\/2025\/12\/academique2_hd-scaled.jpeg\" style=\"object-position:90% 20%\" data-object-fit=\"cover\" data-object-position=\"90% 20%\" srcset=\"https:\/\/arnaudgrob.com\/wp-content\/uploads\/2025\/12\/academique2_hd-scaled.jpeg 2560w, https:\/\/arnaudgrob.com\/wp-content\/uploads\/2025\/12\/academique2_hd-300x175.jpeg 300w, https:\/\/arnaudgrob.com\/wp-content\/uploads\/2025\/12\/academique2_hd-1024x596.jpeg 1024w, https:\/\/arnaudgrob.com\/wp-content\/uploads\/2025\/12\/academique2_hd-768x447.jpeg 768w, https:\/\/arnaudgrob.com\/wp-content\/uploads\/2025\/12\/academique2_hd-1536x895.jpeg 1536w, https:\/\/arnaudgrob.com\/wp-content\/uploads\/2025\/12\/academique2_hd-2048x1193.jpeg 2048w\" sizes=\"auto, (max-width: 2560px) 100vw, 2560px\" \/><span aria-hidden=\"true\" class=\"wp-block-cover__background has-quaternary-background-color has-background-dim-0 has-background-dim\"><\/span><div class=\"wp-block-cover__inner-container is-layout-flow wp-block-cover-is-layout-flow\">\n<div class=\"wp-block-group alignwide has-foreground-color has-text-color is-layout-flow wp-container-core-group-is-layout-87c8ae1d wp-block-group-is-layout-flow\" style=\"padding-top:0vh;padding-right:var(--wp--preset--spacing--20);padding-bottom:0vh;padding-left:var(--wp--preset--spacing--20)\">\n<div class=\"wp-block-buttons has-custom-font-size has-tiny-font-size is-content-justification-right is-layout-flex wp-container-core-buttons-is-layout-d36ff9ae wp-block-buttons-is-layout-flex\" style=\"padding-right:0;padding-left:0\">\n<div class=\"wp-block-button is-style-fill\"><a class=\"wp-block-button__link has-background-color has-foreground-background-color has-text-color has-background has-link-color has-tiny-font-size has-custom-font-size wp-element-button\" href=\"https:\/\/arnaudgrob.com\/index.php\/de_academique1\/\">studiengangsleitung<\/a><\/div>\n<\/div>\n\n\n\n<div class=\"wp-block-buttons has-custom-font-size has-tiny-font-size is-content-justification-right is-layout-flex wp-container-core-buttons-is-layout-d445cf74 wp-block-buttons-is-layout-flex\">\n<div class=\"wp-block-button is-style-outline is-style-outline--1\"><a class=\"wp-block-button__link has-foreground-color has-background-background-color has-text-color has-background has-link-color wp-element-button\" style=\"padding-right:var(--wp--preset--spacing--30);padding-left:var(--wp--preset--spacing--30)\">Lehrt\u00e4tigkeiten<\/a><\/div>\n<\/div>\n\n\n\n<div class=\"wp-block-buttons has-custom-font-size has-tiny-font-size is-content-justification-right is-layout-flex wp-container-core-buttons-is-layout-d445cf74 wp-block-buttons-is-layout-flex\">\n<div class=\"wp-block-button\"><a class=\"wp-block-button__link wp-element-button\" href=\"https:\/\/arnaudgrob.com\/index.php\/de_academique3\/\">Studium<\/a><\/div>\n<\/div>\n<\/div>\n<\/div><\/div>\n\n\n\n<hr class=\"wp-block-separator has-text-color has-tertiary-color has-alpha-channel-opacity has-tertiary-background-color has-background is-style-bjork-angled-separator-wide\"\/>\n\n\n\n<h6 class=\"wp-block-heading has-text-align-left has-extra-large-font-size\" id=\"conseil_organisation\">Lehrt\u00e4tigkeiten<\/h6>\n\n\n\n<div class=\"wp-block-columns alignwide is-layout-flex wp-container-core-columns-is-layout-993ff0e8 wp-block-columns-is-layout-flex\" style=\"padding-top:0vh;padding-bottom:0vh\">\n<div class=\"wp-block-column is-layout-flow wp-block-column-is-layout-flow\">\n<p class=\"has-text-align-left has-large-font-size\">Seit 2011 bin ich Dozent (<em>ma\u00eetre de conf\u00e9rences associ\u00e9, PAST*<\/em>) an der Universit\u00e4t Stra\u00dfburg und lehre an Universit\u00e4ten sowie Hochschulen in Frankreich und Deutschland, vorwiegend im Masterbereich. Ich entwickle und halte dreisprachige Lehrveranstaltungen (Deutsch, Englisch, Franz\u00f6sisch) zu Projektmanagement in verschiedenen Studieng\u00e4ngen \u2013 auf der Grundlage meiner Expertise in internationalem Management und Managementwissenschaften.<\/p>\n\n\n\n<p class=\"has-text-align-left has-small-font-size\">* <em>ma\u00eetre de conf\u00e9rences associ\u00e9, PAST:<\/em> Dauerhafter Lehrauftrag im franz\u00f6sischen Hochschulsystem, vergeben an erfahrene Praktiker mit nachgewiesener Expertise \u2013 \u00e4quivalent zur Stufe des au\u00dferordentlichen Professors (ao. Prof.).<\/p>\n<\/div>\n<\/div>\n\n\n\n<div class=\"wp-block-columns alignwide is-layout-flex wp-container-core-columns-is-layout-28f84493 wp-block-columns-is-layout-flex\">\n<div class=\"wp-block-column has-foreground-color has-quaternary-background-color has-text-color has-background is-layout-flow wp-block-column-is-layout-flow\">\n<div class=\"wp-block-group has-quaternary-background-color has-background is-layout-flow wp-container-core-group-is-layout-8cfe5ef5 wp-block-group-is-layout-flow\" style=\"margin-top:0px;margin-bottom:0px\">\n<h6 class=\"wp-block-heading has-text-align-left\" id=\"my-story\" style=\"line-height:1\"><strong><strong><strong>Programme und Institutionen<\/strong><\/strong><\/strong><\/h6>\n\n\n\n<p class=\"has-text-align-left\"><strong><strong>Studieng\u00e4nge im internationalen Management<\/strong><\/strong><\/p>\n\n\n\n<div class=\"wp-block-columns is-layout-flex wp-container-core-columns-is-layout-28f84493 wp-block-columns-is-layout-flex\">\n<div class=\"wp-block-column is-layout-flow wp-block-column-is-layout-flow\">\n<p class=\"has-small-font-size\"><img loading=\"lazy\" decoding=\"async\" width=\"16\" height=\"13\" class=\"wp-image-1158\" style=\"width: 16px;\" src=\"http:\/\/arnaudgrob.com\/wp-content\/uploads\/2026\/01\/puce2.png\" alt=\"\"> Internationales Projektmanagement (Master)<br><em>2011 &#8211; heute<\/em><br>Fakult\u00e4t f\u00fcr Wirtschaftswissenschaften<br>Universit\u00e4t Stra\u00dfburg<\/p>\n<\/div>\n\n\n\n<div class=\"wp-block-column is-layout-flow wp-block-column-is-layout-flow\">\n<p class=\"has-small-font-size\"><img loading=\"lazy\" decoding=\"async\" width=\"16\" height=\"13\" class=\"wp-image-1158\" style=\"width: 16px;\" src=\"http:\/\/arnaudgrob.com\/wp-content\/uploads\/2026\/01\/puce2.png\" alt=\"\"> Internationales Innovationsmanagement (Master)<br><em>2017 &#8211; heute<\/em><br>Deutsch-franz\u00f6sischer Doppelabschluss<br>Universit\u00e4t Freiburg \/ Universit\u00e4t Stra\u00dfburg<\/p>\n<\/div>\n<\/div>\n\n\n\n<div class=\"wp-block-columns is-layout-flex wp-container-core-columns-is-layout-28f84493 wp-block-columns-is-layout-flex\">\n<div class=\"wp-block-column is-layout-flow wp-block-column-is-layout-flow\">\n<p class=\"has-small-font-size\"><img loading=\"lazy\" decoding=\"async\" width=\"16\" height=\"13\" class=\"wp-image-1158\" style=\"width: 16px;\" src=\"http:\/\/arnaudgrob.com\/wp-content\/uploads\/2026\/01\/puce2.png\" alt=\"\"> Betriebswirtschaftslehre: Deutsch-Franz\u00f6sisches Management (Bachelor; <em>eingestellt<\/em>)<br><em>2021 &#8211; 2024<\/em><br>Duale Hochschule Baden-W\u00fcrttemberg (DHBW), Karlsruhe<\/p>\n<\/div>\n\n\n\n<div class=\"wp-block-column is-layout-flow wp-block-column-is-layout-flow\">\n<p class=\"has-small-font-size\"><img loading=\"lazy\" decoding=\"async\" width=\"16\" height=\"13\" class=\"wp-image-1158\" style=\"width: 16px;\" src=\"http:\/\/arnaudgrob.com\/wp-content\/uploads\/2026\/01\/puce2.png\" alt=\"\"> Competitive Intelligence und internationales Entwicklungsmanagement (Master)<br><em>2017 &#8211; heute<\/em><br>Institut f\u00fcr Internationale Beziehungen, Universit\u00e4t Stra\u00dfburg (IRIUS)<\/p>\n<\/div>\n<\/div>\n\n\n\n<p class=\"has-text-align-left\"><strong>Studieng\u00e4nge in Managementwissenschaften<\/strong><\/p>\n\n\n\n<div class=\"wp-block-columns is-layout-flex wp-container-core-columns-is-layout-28f84493 wp-block-columns-is-layout-flex\">\n<div class=\"wp-block-column is-layout-flow wp-block-column-is-layout-flow\">\n<p class=\"has-small-font-size\"><img loading=\"lazy\" decoding=\"async\" width=\"16\" height=\"13\" class=\"wp-image-1158\" style=\"width: 16px;\" src=\"http:\/\/arnaudgrob.com\/wp-content\/uploads\/2026\/01\/puce2.png\" alt=\"\"> Projektmanagement und Business Engineering (Master)<br><em>2022 &#8211; heute<\/em><br>Conservatoire National des Arts et M\u00e9tiers (CNAM)<\/p>\n<\/div>\n\n\n\n<div class=\"wp-block-column is-layout-flow wp-block-column-is-layout-flow\">\n<p class=\"has-small-font-size\"><img loading=\"lazy\" decoding=\"async\" width=\"16\" height=\"13\" class=\"wp-image-1158\" style=\"width: 16px;\" src=\"http:\/\/arnaudgrob.com\/wp-content\/uploads\/2026\/01\/puce2.png\" alt=\"\"> BWL\/VWL (Bachelor)<br><em>2024 &#8211; heute<\/em><br>Fakult\u00e4t f\u00fcr Wirtschaftswissenschaften<br>Universit\u00e4t Stra\u00dfburg<\/p>\n<\/div>\n<\/div>\n\n\n\n<p class=\"has-text-align-left\"><strong>Weitere Studieng\u00e4nge<\/strong><\/p>\n\n\n\n<div class=\"wp-block-columns is-layout-flex wp-container-core-columns-is-layout-28f84493 wp-block-columns-is-layout-flex\">\n<div class=\"wp-block-column is-layout-flow wp-block-column-is-layout-flow\">\n<p class=\"has-small-font-size\"><img loading=\"lazy\" decoding=\"async\" width=\"16\" height=\"13\" class=\"wp-image-1158\" style=\"width: 16px;\" src=\"http:\/\/arnaudgrob.com\/wp-content\/uploads\/2026\/01\/puce2.png\" alt=\"\"> Produktionsmanagement und Innovation (Executive Master)<br><em>2017 &#8211; heute<\/em><br>Institut universitaire de technologie (IUT) Haguenau<\/p>\n<\/div>\n\n\n\n<div class=\"wp-block-column is-layout-flow wp-block-column-is-layout-flow\">\n<p class=\"has-small-font-size\"><img loading=\"lazy\" decoding=\"async\" width=\"16\" height=\"13\" class=\"wp-image-1158\" style=\"width: 16px;\" src=\"http:\/\/arnaudgrob.com\/wp-content\/uploads\/2026\/01\/puce2.png\" alt=\"\"> Franz\u00f6sisch als Fremd-, Zweit- und Integrationssprache (Master)<br><em>2024 &#8211; heute<\/em><br>Sprachenfakult\u00e4t (Neuphilologie)<br>Universit\u00e4t Stra\u00dfburg<\/p>\n<\/div>\n<\/div>\n\n\n\n<div class=\"wp-block-columns is-layout-flex wp-container-core-columns-is-layout-28f84493 wp-block-columns-is-layout-flex\">\n<div class=\"wp-block-column is-layout-flow wp-block-column-is-layout-flow\">\n<p class=\"has-small-font-size\"><img loading=\"lazy\" decoding=\"async\" width=\"16\" height=\"13\" class=\"wp-image-1158\" style=\"width: 16px;\" src=\"http:\/\/arnaudgrob.com\/wp-content\/uploads\/2026\/01\/puce2.png\" alt=\"\"> Risiko- und Versicherungswirtschaft (Master)<br><em>2017 &#8211; heute<\/em><br>Fakult\u00e4t f\u00fcr Wirtschaftswissenschaften<br>Universit\u00e4t Stra\u00dfburg<\/p>\n<\/div>\n\n\n\n<div class=\"wp-block-column is-layout-flow wp-block-column-is-layout-flow\">\n<p class=\"has-small-font-size\"><img loading=\"lazy\" decoding=\"async\" width=\"16\" height=\"13\" class=\"wp-image-1158\" style=\"width: 16px;\" src=\"http:\/\/arnaudgrob.com\/wp-content\/uploads\/2026\/01\/puce2.png\" alt=\"\"> Ausbildungsprogramm f\u00fcr F\u00fchrungskr\u00e4fte im \u00f6ffentlichen Dienst<br>2011 &#8211; 2022<br>Nationales Institut f\u00fcr Territorialstudien (INET), Stra\u00dfburg<\/p>\n<\/div>\n<\/div>\n<\/div>\n<\/div>\n<\/div>\n\n\n\n<div class=\"wp-block-columns alignwide is-layout-flex wp-container-core-columns-is-layout-28f84493 wp-block-columns-is-layout-flex\">\n<div class=\"wp-block-column has-foreground-color has-quaternary-background-color has-text-color has-background is-layout-flow wp-block-column-is-layout-flow\">\n<div class=\"wp-block-group has-quaternary-background-color has-background is-layout-flow wp-container-core-group-is-layout-8cfe5ef5 wp-block-group-is-layout-flow\" style=\"margin-top:0px;margin-bottom:0px\">\n<h6 class=\"wp-block-heading has-text-align-left\" id=\"my-story\" style=\"line-height:1\"><strong>Kursinhalte<\/strong><\/h6>\n\n\n\n<p class=\"has-text-align-left\">Die Vorlesungen verbinden <strong>wissenschaftliche Tiefe mit Praxisn\u00e4he<\/strong>. Sie orientieren sich an <strong>Branchenstandards (PMI, PRINCE2, IPMA, Scrum)<\/strong>, integrieren <strong>zahlreiche Fallstudien<\/strong> und greifen <strong>aktuelle Forschungsthemen<\/strong> auf. So <strong>werden den Studierenden<\/strong> praktische Kompetenzen vermittelt, die sie umgehend <strong>in anspruchsvollen beruflichen Kontexten<\/strong> einsetzen k\u00f6nnen.<\/p>\n\n\n\n<p>Kernkurse im Projektmanagement<\/p>\n\n\n\n<ul class=\"wp-block-list\">\n<li class=\"has-small-font-size\">Grundlagen des Projektmanagements | 21 Std.<\/li>\n\n\n\n<li class=\"has-small-font-size\">Einf\u00fchrung in das agile Projektmanagement | 9 Std.<\/li>\n<\/ul>\n\n\n\n<p>Fortgeschrittene Kurse im Projektmanagement<\/p>\n\n\n\n<ul class=\"wp-block-list\">\n<li class=\"has-small-font-size\">Projektmanagement-Methoden: PRINCE2, Scrum | 18 Std.<\/li>\n\n\n\n<li class=\"has-small-font-size\">Programm- und Projektportfoliomanagement | 12 Std.<\/li>\n\n\n\n<li class=\"has-small-font-size\">Kostenmanagement in Projekten | 12 Std.<\/li>\n\n\n\n<li class=\"has-small-font-size\">Projektmanagement-Tools und Softwareanwendungen | 12 Std.<\/li>\n\n\n\n<li class=\"has-small-font-size\">Anforderungs- und Qualit\u00e4tsmanagement in Projekten | 9 Std.<\/li>\n<\/ul>\n\n\n\n<p>Integriertes Projektmanagement-Curriculum | 63 Std.<\/p>\n\n\n\n<p class=\"has-small-font-size\">Vollst\u00e4ndiges, modulares Lehrprogramm, das alle Kernkompetenzen des Projektmanagements in einem koh\u00e4renten Lernpfad vereint.<\/p>\n<\/div>\n<\/div>\n<\/div>\n<\/div>\n","protected":false},"excerpt":{"rendered":"<p>fran\u00e7ais \/ english \/ deutsch Lehrt\u00e4tigkeiten Seit 2011 bin ich Dozent (ma\u00eetre de conf\u00e9rences associ\u00e9, PAST*) an der Universit\u00e4t Stra\u00dfburg und lehre an Universit\u00e4ten sowie Hochschulen in Frankreich und Deutschland, vorwiegend im Masterbereich. Ich entwickle und halte dreisprachige Lehrveranstaltungen (Deutsch, Englisch, Franz\u00f6sisch) zu Projektmanagement in verschiedenen Studieng\u00e4ngen \u2013 auf der Grundlage meiner Expertise in internationalem [&hellip;]<\/p>\n","protected":false},"author":1,"featured_media":0,"parent":0,"menu_order":0,"comment_status":"closed","ping_status":"closed","template":"wp-custom-template-page-en","meta":{"footnotes":""},"class_list":["post-1441","page","type-page","status-publish","hentry"],"_links":{"self":[{"href":"https:\/\/arnaudgrob.com\/index.php\/wp-json\/wp\/v2\/pages\/1441","targetHints":{"allow":["GET"]}}],"collection":[{"href":"https:\/\/arnaudgrob.com\/index.php\/wp-json\/wp\/v2\/pages"}],"about":[{"href":"https:\/\/arnaudgrob.com\/index.php\/wp-json\/wp\/v2\/types\/page"}],"author":[{"embeddable":true,"href":"https:\/\/arnaudgrob.com\/index.php\/wp-json\/wp\/v2\/users\/1"}],"replies":[{"embeddable":true,"href":"https:\/\/arnaudgrob.com\/index.php\/wp-json\/wp\/v2\/comments?post=1441"}],"version-history":[{"count":34,"href":"https:\/\/arnaudgrob.com\/index.php\/wp-json\/wp\/v2\/pages\/1441\/revisions"}],"predecessor-version":[{"id":2137,"href":"https:\/\/arnaudgrob.com\/index.php\/wp-json\/wp\/v2\/pages\/1441\/revisions\/2137"}],"wp:attachment":[{"href":"https:\/\/arnaudgrob.com\/index.php\/wp-json\/wp\/v2\/media?parent=1441"}],"curies":[{"name":"wp","href":"https:\/\/api.w.org\/{rel}","templated":true}]}}