{"id":1440,"date":"2026-02-04T18:31:02","date_gmt":"2026-02-04T17:31:02","guid":{"rendered":"https:\/\/arnaudgrob.com\/?page_id=1440"},"modified":"2026-03-02T08:04:51","modified_gmt":"2026-03-02T07:04:51","slug":"de_academique1","status":"publish","type":"page","link":"https:\/\/arnaudgrob.com\/index.php\/de_academique1\/","title":{"rendered":"Studiengangsleitung"},"content":{"rendered":"\n<div class=\"wp-block-group alignwide has-foreground-color has-text-color is-layout-flow wp-container-core-group-is-layout-87c8ae1d wp-block-group-is-layout-flow\" style=\"padding-top:0vh;padding-right:var(--wp--preset--spacing--20);padding-bottom:0vh;padding-left:var(--wp--preset--spacing--20)\">\n<p class=\"has-text-align-right has-foreground-color has-text-color has-link-color\"><a href=\"https:\/\/arnaudgrob.com\/index.php\/fr_academique1\/\" data-type=\"page\" data-id=\"509\">fran\u00e7ais<\/a> \/ <a href=\"https:\/\/arnaudgrob.com\/index.php\/en_academique1\/\" data-type=\"page\" data-id=\"1395\">english<\/a> \/ <strong>deutsch<\/strong><\/p>\n\n\n\n<div class=\"wp-block-cover alignwide\" style=\"border-radius:28px;padding-top:0vh;padding-right:0vh;padding-bottom:0vh;padding-left:0vh;min-height:294px;aspect-ratio:unset;\"><img loading=\"lazy\" decoding=\"async\" width=\"2560\" height=\"1491\" class=\"wp-block-cover__image-background wp-image-526 size-full\" alt=\"\" src=\"http:\/\/arnaudgrob.com\/wp-content\/uploads\/2025\/12\/academique2_hd-scaled.jpeg\" style=\"object-position:90% 20%\" data-object-fit=\"cover\" data-object-position=\"90% 20%\" srcset=\"https:\/\/arnaudgrob.com\/wp-content\/uploads\/2025\/12\/academique2_hd-scaled.jpeg 2560w, https:\/\/arnaudgrob.com\/wp-content\/uploads\/2025\/12\/academique2_hd-300x175.jpeg 300w, https:\/\/arnaudgrob.com\/wp-content\/uploads\/2025\/12\/academique2_hd-1024x596.jpeg 1024w, https:\/\/arnaudgrob.com\/wp-content\/uploads\/2025\/12\/academique2_hd-768x447.jpeg 768w, https:\/\/arnaudgrob.com\/wp-content\/uploads\/2025\/12\/academique2_hd-1536x895.jpeg 1536w, https:\/\/arnaudgrob.com\/wp-content\/uploads\/2025\/12\/academique2_hd-2048x1193.jpeg 2048w\" sizes=\"auto, (max-width: 2560px) 100vw, 2560px\" \/><span aria-hidden=\"true\" class=\"wp-block-cover__background has-quaternary-background-color has-background-dim-0 has-background-dim\"><\/span><div class=\"wp-block-cover__inner-container is-layout-flow wp-block-cover-is-layout-flow\">\n<div class=\"wp-block-group alignwide has-foreground-color has-text-color is-layout-flow wp-container-core-group-is-layout-87c8ae1d wp-block-group-is-layout-flow\" style=\"padding-top:0vh;padding-right:var(--wp--preset--spacing--20);padding-bottom:0vh;padding-left:var(--wp--preset--spacing--20)\">\n<div class=\"wp-block-buttons has-custom-font-size has-tiny-font-size is-content-justification-right is-layout-flex wp-container-core-buttons-is-layout-d36ff9ae wp-block-buttons-is-layout-flex\" style=\"padding-right:0;padding-left:0\">\n<div class=\"wp-block-button is-style-outline is-style-outline--1\"><a class=\"wp-block-button__link has-foreground-color has-background-background-color has-text-color has-background has-link-color has-tiny-font-size has-custom-font-size wp-element-button\">studiengangsleitung<\/a><\/div>\n<\/div>\n\n\n\n<div class=\"wp-block-buttons has-custom-font-size has-tiny-font-size is-content-justification-right is-layout-flex wp-container-core-buttons-is-layout-d445cf74 wp-block-buttons-is-layout-flex\">\n<div class=\"wp-block-button\"><a class=\"wp-block-button__link wp-element-button\" href=\"https:\/\/arnaudgrob.com\/index.php\/de_academique2\" style=\"padding-right:var(--wp--preset--spacing--30);padding-left:var(--wp--preset--spacing--30)\">Lehrt\u00e4tigkeiten<\/a><\/div>\n<\/div>\n\n\n\n<div class=\"wp-block-buttons has-custom-font-size has-tiny-font-size is-content-justification-right is-layout-flex wp-container-core-buttons-is-layout-d445cf74 wp-block-buttons-is-layout-flex\">\n<div class=\"wp-block-button\"><a class=\"wp-block-button__link wp-element-button\" href=\"https:\/\/arnaudgrob.com\/index.php\/de_academique3\/\">Studium<\/a><\/div>\n<\/div>\n<\/div>\n<\/div><\/div>\n\n\n\n<hr class=\"wp-block-separator has-text-color has-tertiary-color has-alpha-channel-opacity has-tertiary-background-color has-background is-style-bjork-angled-separator-wide\"\/>\n\n\n\n<h2 class=\"wp-block-heading has-text-align-left has-extra-large-font-size\" id=\"conseil_organisation\">Studiengangsleitung<\/h2>\n\n\n\n<div class=\"wp-block-columns alignwide is-layout-flex wp-container-core-columns-is-layout-993ff0e8 wp-block-columns-is-layout-flex\" style=\"padding-top:0vh;padding-bottom:0vh\">\n<div class=\"wp-block-column is-layout-flow wp-block-column-is-layout-flow\">\n<p class=\"has-text-align-left has-large-font-size\">Als Direktor des Masterstudiengangs &#8220;Internationales Projektmanagement&#8221; an der Universit\u00e4t Stra\u00dfburg bin ich seit 2011 f\u00fcr die strategische und akademische Weiterentwicklung des Programms verantwortlich. Ich f\u00f6rdere seine p\u00e4dagogische Exzellenz und entwickle ein strukturiertes Netzwerk aus Unternehmenspartnern und Alumni, um die Besch\u00e4ftigungsf\u00e4higkeit unserer Studierenden und Absolvierenden zu st\u00e4rken.<\/p>\n<\/div>\n<\/div>\n\n\n\n<div class=\"wp-block-columns alignwide is-layout-flex wp-container-core-columns-is-layout-28f84493 wp-block-columns-is-layout-flex\">\n<div class=\"wp-block-column has-foreground-color has-quaternary-background-color has-text-color has-background is-layout-flow wp-block-column-is-layout-flow\">\n<div class=\"wp-block-group has-quaternary-background-color has-background is-layout-flow wp-container-core-group-is-layout-8cfe5ef5 wp-block-group-is-layout-flow\" style=\"margin-top:0px;margin-bottom:0px\">\n<h6 class=\"wp-block-heading has-text-align-left\" id=\"my-story\" style=\"line-height:1\"><strong><strong><strong><strong>Akademische Leitung und Exzellenz<\/strong><\/strong><\/strong><\/strong><\/h6>\n\n\n\n<p class=\"has-text-align-left\">In meiner Verantwortung lege ich den Fokus auf drei Schwerpunkte: die sorgf\u00e4ltige<strong> Auswahl der Studienbewerbenden<\/strong>, die methodische <strong>Begleitung der Masterarbeiten<\/strong> sowie die <strong>kontinuierliche Verbesserung der Lehrmethodik<\/strong>.<\/p>\n\n\n\n<div class=\"wp-block-columns is-layout-flex wp-container-core-columns-is-layout-28f84493 wp-block-columns-is-layout-flex\">\n<div class=\"wp-block-column is-layout-flow wp-block-column-is-layout-flow\">\n<p class=\"has-small-font-size\"><img loading=\"lazy\" decoding=\"async\" width=\"16\" height=\"13\" class=\"wp-image-1158\" style=\"width: 16px;\" src=\"http:\/\/arnaudgrob.com\/wp-content\/uploads\/2026\/01\/puce2.png\" alt=\"\"> Um die Einheitlichkeit der Kohorten und hohe akademische Standards zu sichern, bin ich an allen Etappen des Auswahlprozesses beteiligt \u2013 von der Pr\u00fcfung von rund 600 Bewerbungen bis hin zu etwa 80 Aufnahmegespr\u00e4chen pro Jahrgang.<\/p>\n<\/div>\n\n\n\n<div class=\"wp-block-column is-layout-flow wp-block-column-is-layout-flow\">\n<p class=\"has-small-font-size\"><img loading=\"lazy\" decoding=\"async\" width=\"16\" height=\"13\" class=\"wp-image-1158\" style=\"width: 16px;\" src=\"http:\/\/arnaudgrob.com\/wp-content\/uploads\/2026\/01\/puce2.png\" alt=\"\"> J\u00e4hrlich bewerte ich rund 20 Masterarbeiten im Projektmanagement. Meine Betreuung umfasst den gesamten Weg \u2013 von der Themenfindung bis zur Verteidigung \u2013 mit individueller Methodenberatung und Praktikumsbetreuung.<\/p>\n<\/div>\n\n\n\n<div class=\"wp-block-column is-layout-flow wp-block-column-is-layout-flow\">\n<p class=\"has-small-font-size\"><img loading=\"lazy\" decoding=\"async\" width=\"16\" height=\"13\" class=\"wp-image-1158\" style=\"width: 16px;\" src=\"http:\/\/arnaudgrob.com\/wp-content\/uploads\/2026\/01\/puce2.png\" alt=\"\"> Dar\u00fcber hinaus wirke ich an der strategischen Studiengestaltung mit \u2013 durch die Erarbeitung von Studienpl\u00e4nen und Vierjahreskonzepten, die Lehrinhalte und Kompetenzprofile praxisnah an die aktuellen Anforderungen des Arbeitsmarkts anpassen.<\/p>\n<\/div>\n<\/div>\n<\/div>\n<\/div>\n<\/div>\n\n\n\n<div class=\"wp-block-columns alignwide is-layout-flex wp-container-core-columns-is-layout-28f84493 wp-block-columns-is-layout-flex\">\n<div class=\"wp-block-column has-foreground-color has-quaternary-background-color has-text-color has-background is-layout-flow wp-block-column-is-layout-flow\">\n<div class=\"wp-block-group has-quaternary-background-color has-background is-layout-flow wp-container-core-group-is-layout-8cfe5ef5 wp-block-group-is-layout-flow\" style=\"margin-top:0px;margin-bottom:0px\">\n<h6 class=\"wp-block-heading has-text-align-left\" id=\"my-story\" style=\"line-height:1\"><strong><strong><strong><strong>Praxisbezug und Besch\u00e4ftigungsf\u00e4higkeit<\/strong><\/strong><\/strong><\/strong><\/h6>\n\n\n\n<p class=\"has-text-align-left\">Um die Besch\u00e4ftigungsf\u00e4higkeit der Studierenden gezielt zu f\u00f6rdern, habe ich um das Programm eine professionelle Umgebung aufgebaut, die auf drei S\u00e4ulen beruht: <strong>langfristige Unternehmenspartnerschaften<\/strong>, den <strong>Einbezug von Fachleuten in die Lehre<\/strong> sowie ein <strong>aktives Alumni-Netzwerk<\/strong>.<\/p>\n\n\n\n<div class=\"wp-block-columns is-layout-flex wp-container-core-columns-is-layout-28f84493 wp-block-columns-is-layout-flex\">\n<div class=\"wp-block-column is-layout-flow wp-block-column-is-layout-flow\">\n<p class=\"has-small-font-size\"><img loading=\"lazy\" decoding=\"async\" width=\"16\" height=\"13\" class=\"wp-image-1158\" style=\"width: 16px;\" src=\"http:\/\/arnaudgrob.com\/wp-content\/uploads\/2026\/01\/puce2.png\" alt=\"\"> Ich habe dauerhafte Partnerschaften mit Gro\u00dfunternehmen in Frankreich und Europa aufgebaut und gepflegt, wodurch Absolvierende regelm\u00e4\u00dfig \u00fcber qualifizierte Praktika und bevorzugte Berufseinstiege verf\u00fcgen.<\/p>\n<\/div>\n\n\n\n<div class=\"wp-block-column is-layout-flow wp-block-column-is-layout-flow\">\n<p class=\"has-small-font-size\"><img loading=\"lazy\" decoding=\"async\" width=\"16\" height=\"13\" class=\"wp-image-1158\" style=\"width: 16px;\" src=\"http:\/\/arnaudgrob.com\/wp-content\/uploads\/2026\/01\/puce2.png\" alt=\"\"> Als Verantwortlicher f\u00fcr die Lehrbeziehungen gewinne und binde ich Fachleute aus internationalen Unternehmen ins Lehrteam ein und verkn\u00fcpfe so akademische Exzellenz mit Praxiskompetenz im gesamten Studiengang.<\/p>\n<\/div>\n\n\n\n<div class=\"wp-block-column is-layout-flow wp-block-column-is-layout-flow\">\n<p class=\"has-small-font-size\"><img loading=\"lazy\" decoding=\"async\" width=\"16\" height=\"13\" class=\"wp-image-1158\" style=\"width: 16px;\" src=\"http:\/\/arnaudgrob.com\/wp-content\/uploads\/2026\/01\/puce2.png\" alt=\"\"> Ich habe das Alumni-Netzwerk des Programms ma\u00dfgeblich aufgebaut, das heute rund 400 Mitglieder in leitenden Positionen weltweit umfasst. Aktiv engagiere ich mich in diesem Netzwerk, um gezielte Karrierechancen zu vermitteln und Veranstaltungen zu organisieren, die den Austausch und das Zusammengeh\u00f6rigkeitsgef\u00fchl zwischen den Kohorten st\u00e4rken.<\/p>\n<\/div>\n<\/div>\n<\/div>\n<\/div>\n<\/div>\n<\/div>\n","protected":false},"excerpt":{"rendered":"<p>fran\u00e7ais \/ english \/ deutsch Studiengangsleitung Als Direktor des Masterstudiengangs &#8220;Internationales Projektmanagement&#8221; an der Universit\u00e4t Stra\u00dfburg bin ich seit 2011 f\u00fcr die strategische und akademische Weiterentwicklung des Programms verantwortlich. Ich f\u00f6rdere seine p\u00e4dagogische Exzellenz und entwickle ein strukturiertes Netzwerk aus Unternehmenspartnern und Alumni, um die Besch\u00e4ftigungsf\u00e4higkeit unserer Studierenden und Absolvierenden zu st\u00e4rken. Akademische Leitung und [&hellip;]<\/p>\n","protected":false},"author":1,"featured_media":0,"parent":0,"menu_order":0,"comment_status":"closed","ping_status":"closed","template":"wp-custom-template-page-en","meta":{"footnotes":""},"class_list":["post-1440","page","type-page","status-publish","hentry"],"_links":{"self":[{"href":"https:\/\/arnaudgrob.com\/index.php\/wp-json\/wp\/v2\/pages\/1440","targetHints":{"allow":["GET"]}}],"collection":[{"href":"https:\/\/arnaudgrob.com\/index.php\/wp-json\/wp\/v2\/pages"}],"about":[{"href":"https:\/\/arnaudgrob.com\/index.php\/wp-json\/wp\/v2\/types\/page"}],"author":[{"embeddable":true,"href":"https:\/\/arnaudgrob.com\/index.php\/wp-json\/wp\/v2\/users\/1"}],"replies":[{"embeddable":true,"href":"https:\/\/arnaudgrob.com\/index.php\/wp-json\/wp\/v2\/comments?post=1440"}],"version-history":[{"count":14,"href":"https:\/\/arnaudgrob.com\/index.php\/wp-json\/wp\/v2\/pages\/1440\/revisions"}],"predecessor-version":[{"id":2136,"href":"https:\/\/arnaudgrob.com\/index.php\/wp-json\/wp\/v2\/pages\/1440\/revisions\/2136"}],"wp:attachment":[{"href":"https:\/\/arnaudgrob.com\/index.php\/wp-json\/wp\/v2\/media?parent=1440"}],"curies":[{"name":"wp","href":"https:\/\/api.w.org\/{rel}","templated":true}]}}