{"id":1398,"date":"2026-02-04T18:05:27","date_gmt":"2026-02-04T17:05:27","guid":{"rendered":"https:\/\/arnaudgrob.com\/?page_id=1398"},"modified":"2026-03-03T00:23:19","modified_gmt":"2026-03-02T23:23:19","slug":"en_accueil","status":"publish","type":"page","link":"https:\/\/arnaudgrob.com\/index.php\/en_accueil\/","title":{"rendered":"Home"},"content":{"rendered":"<div class=\"wp-block-cover alignwide is-light\" style=\"padding-top:0vh;padding-right:0vh;padding-bottom:0vh;padding-left:0vh;min-height:428px\"><span aria-hidden=\"true\" class=\"wp-block-cover__background has-quaternary-background-color has-background-dim-0 has-background-dim\"><\/span><\/p>\n<div class=\"wp-block-cover__inner-container\">\n\n\n<div class=\"wp-block-group alignwide has-foreground-color has-text-color is-layout-flow wp-container-core-group-is-layout-25a8d821 wp-block-group-is-layout-flow\" style=\"padding-top:0vh;padding-bottom:0vh\">\n<p class=\"has-text-align-right has-foreground-color has-text-color has-link-color wp-elements-c41b6a8dcb753ece4303e31fad836084\"><a href=\"https:\/\/arnaudgrob.com\/index.php\/fr_accueil\/\" data-type=\"page\" data-id=\"635\">fran\u00e7ais<\/a> \/ <strong>english<\/strong> \/ <a href=\"https:\/\/arnaudgrob.com\/index.php\/de_accueil\/\" data-type=\"page\" data-id=\"1443\">deutsch<\/a><\/p>\n\n\n\n<h6 class=\"wp-block-heading\"><br><\/h6>\n\n\n\n<div class=\"wp-block-columns is-layout-flex wp-container-core-columns-is-layout-28f84493 wp-block-columns-is-layout-flex\">\n<div class=\"wp-block-column is-layout-flow wp-block-column-is-layout-flow\" style=\"flex-basis:60%\">\n<h2 class=\"wp-block-heading has-heading-5-font-size\"><strong>Arnaud<\/strong> <strong>Grob<\/strong><br>Senior Project Management Consultant, Trainer &amp; Lecturer<\/h2>\n\n\n\n<p class=\"has-text-align-left\"><em>project management expertise. 20+ years.<\/em><\/p>\n<\/div>\n\n\n\n<div class=\"wp-block-column is-layout-flow wp-block-column-is-layout-flow\" style=\"flex-basis:40%\">\n<figure class=\"wp-block-image aligncenter size-full is-resized\"><img loading=\"lazy\" decoding=\"async\" width=\"1980\" height=\"2560\" src=\"http:\/\/arnaudgrob.com\/wp-content\/uploads\/2025\/12\/photo_ag-scaled.jpg\" alt=\"\" class=\"wp-image-588\" style=\"width:155px;height:auto\" srcset=\"https:\/\/arnaudgrob.com\/wp-content\/uploads\/2025\/12\/photo_ag-scaled.jpg 1980w, https:\/\/arnaudgrob.com\/wp-content\/uploads\/2025\/12\/photo_ag-232x300.jpg 232w, https:\/\/arnaudgrob.com\/wp-content\/uploads\/2025\/12\/photo_ag-792x1024.jpg 792w, https:\/\/arnaudgrob.com\/wp-content\/uploads\/2025\/12\/photo_ag-768x993.jpg 768w, https:\/\/arnaudgrob.com\/wp-content\/uploads\/2025\/12\/photo_ag-1188x1536.jpg 1188w, https:\/\/arnaudgrob.com\/wp-content\/uploads\/2025\/12\/photo_ag-1584x2048.jpg 1584w\" sizes=\"auto, (max-width: 1980px) 100vw, 1980px\" \/><\/figure>\n<\/div>\n<\/div>\n<\/div>\n\n\n\n<hr class=\"wp-block-separator has-text-color has-tertiary-color has-alpha-channel-opacity has-tertiary-background-color has-background is-style-bjork-angled-separator-wide\" style=\"margin-top:var(--wp--preset--spacing--50);margin-bottom:var(--wp--preset--spacing--50)\"\/>\n\n\n\n<div class=\"wp-block-columns alignwide is-layout-flex wp-container-core-columns-is-layout-28f84493 wp-block-columns-is-layout-flex\">\n<div class=\"wp-block-column is-layout-flow wp-block-column-is-layout-flow\">\n<p>A graduate of HEC Paris and founder of O\u00efkos Consulting &amp; Training, I have spent over two decades advising organizations and helping professionals strengthen their project management capabilities across Europe and internationally (China, United States).<\/p>\n\n\n\n<p>Recognized as an expert in leading project management standards (PMI, PRINCE2, IPMA, Scrum), my work spans organizational consulting (PM, PPM, PMO), operational advisory for complex projects and programs, and the design and delivery of customized training solutions.<\/p>\n\n\n\n<div class=\"wp-block-buttons is-content-justification-left is-layout-flex wp-container-core-buttons-is-layout-fc4fd283 wp-block-buttons-is-layout-flex\">\n<div class=\"wp-block-button is-style-outline is-style-outline--1\"><a class=\"wp-block-button__link has-foreground-color has-background-background-color has-text-color has-background has-link-color wp-element-button\" href=\"https:\/\/arnaudgrob.com\/index.php\/en_references1\/\">selected REFERENCES<\/a><\/div>\n<\/div>\n<\/div>\n\n\n\n<div class=\"wp-block-column is-layout-flow wp-container-core-column-is-layout-0d1bd4b5 wp-block-column-is-layout-flow\">\n<p>As a lecturer (<em>ma\u00eetre de conf\u00e9rences associ\u00e9<\/em>*) at the University of Strasbourg since 2011, I direct the Master&#8217;s Program in International Project Management and also deliver specialized trilingual courses (German, English, French) across several universities and higher education institutions in France and Germany.<\/p>\n\n\n\n<p>Passionate about knowledge sharing, I authored a widely used French-language reference handbook published by Vuibert in 2020, and have been a French-speaking LinkedIn Learning instructor since 2023. My three online courses have reached 60,000+ learners and rank among the platform&#8217;s most popular and highly rated in project management (3,600 likes | average rating: 4.6\/5 | 2 PMI-accredited courses).<\/p>\n<\/div>\n<\/div>\n\n\n\n<p class=\"has-tiny-font-size\"><em>*ma\u00eetre de conf\u00e9rences associ\u00e9<\/em>: permanent part-time teaching appointment in the French higher education system, awarded to experienced practitioners with recognized expertise \u2014 equivalent to Adjunct Associate Professor.<\/p>\n\n\n\n<hr class=\"wp-block-separator has-text-color has-tertiary-color has-alpha-channel-opacity has-tertiary-background-color has-background is-style-bjork-angled-separator-wide\" style=\"margin-top:var(--wp--preset--spacing--50);margin-bottom:var(--wp--preset--spacing--50)\"\/>\n\n\n\n<div class=\"wp-block-columns alignwide is-layout-flex wp-container-core-columns-is-layout-28f84493 wp-block-columns-is-layout-flex\">\n<div class=\"wp-block-column has-foreground-color has-quaternary-background-color has-text-color has-background is-layout-flow wp-block-column-is-layout-flow\">\n<figure class=\"wp-block-image size-full has-custom-border\"><img loading=\"lazy\" decoding=\"async\" width=\"2560\" height=\"480\" src=\"http:\/\/arnaudgrob.com\/wp-content\/uploads\/2025\/12\/sommet_HD-scaled.png\" alt=\"\" class=\"wp-image-469\" style=\"border-top-left-radius:0px;border-top-right-radius:0px;border-bottom-left-radius:0px;border-bottom-right-radius:0px\" srcset=\"https:\/\/arnaudgrob.com\/wp-content\/uploads\/2025\/12\/sommet_HD-scaled.png 2560w, https:\/\/arnaudgrob.com\/wp-content\/uploads\/2025\/12\/sommet_HD-300x56.png 300w, https:\/\/arnaudgrob.com\/wp-content\/uploads\/2025\/12\/sommet_HD-1024x192.png 1024w, https:\/\/arnaudgrob.com\/wp-content\/uploads\/2025\/12\/sommet_HD-768x144.png 768w, https:\/\/arnaudgrob.com\/wp-content\/uploads\/2025\/12\/sommet_HD-1536x288.png 1536w, https:\/\/arnaudgrob.com\/wp-content\/uploads\/2025\/12\/sommet_HD-2048x384.png 2048w\" sizes=\"auto, (max-width: 2560px) 100vw, 2560px\" \/><\/figure>\n\n\n\n<div class=\"wp-block-group has-quaternary-background-color has-background is-layout-flow wp-container-core-group-is-layout-e0ea0936 wp-block-group-is-layout-flow\" style=\"margin-top:0px;margin-bottom:0px\">\n<h6 class=\"wp-block-heading has-text-align-left\" id=\"my-story\" style=\"line-height:1\">Consulting<\/h6>\n\n\n\n<p class=\"has-text-align-left has-small-font-size\">Organizational consulting (PM, PPM, PMO)<\/p>\n\n\n\n<p class=\"has-text-align-left has-small-font-size\">Project and program advisory services<\/p>\n\n\n\n<p class=\"has-text-align-left has-small-font-size\">Global expertise<\/p>\n\n\n\n<div class=\"wp-block-buttons is-layout-flex wp-block-buttons-is-layout-flex\">\n<div class=\"wp-block-button\"><a class=\"wp-block-button__link has-foreground-background-color has-background has-tiny-font-size has-custom-font-size wp-element-button\" href=\"https:\/\/arnaudgrob.com\/index.php\/en_conseil1\/\">MORE details<\/a><\/div>\n<\/div>\n<\/div>\n<\/div>\n\n\n\n<div class=\"wp-block-column has-foreground-color has-quaternary-background-color has-text-color has-background is-layout-flow wp-block-column-is-layout-flow\">\n<figure class=\"wp-block-image size-full has-custom-border\"><img loading=\"lazy\" decoding=\"async\" width=\"2560\" height=\"480\" src=\"https:\/\/arnaudgrob.com\/wp-content\/uploads\/2024\/12\/training-scaled.png\" alt=\"\" class=\"wp-image-476\" style=\"border-top-left-radius:0px;border-top-right-radius:0px;border-bottom-left-radius:0px;border-bottom-right-radius:0px\" srcset=\"https:\/\/arnaudgrob.com\/wp-content\/uploads\/2024\/12\/training-scaled.png 2560w, https:\/\/arnaudgrob.com\/wp-content\/uploads\/2024\/12\/training-300x56.png 300w, https:\/\/arnaudgrob.com\/wp-content\/uploads\/2024\/12\/training-1024x192.png 1024w, https:\/\/arnaudgrob.com\/wp-content\/uploads\/2024\/12\/training-768x144.png 768w, https:\/\/arnaudgrob.com\/wp-content\/uploads\/2024\/12\/training-1536x288.png 1536w, https:\/\/arnaudgrob.com\/wp-content\/uploads\/2024\/12\/training-2048x384.png 2048w\" sizes=\"auto, (max-width: 2560px) 100vw, 2560px\" \/><\/figure>\n\n\n\n<div class=\"wp-block-group has-quaternary-background-color has-background is-layout-flow wp-container-core-group-is-layout-8cfe5ef5 wp-block-group-is-layout-flow\" style=\"margin-top:0px;margin-bottom:0px\">\n<h6 class=\"wp-block-heading has-text-align-left\" id=\"my-story\" style=\"line-height:1\">Training<\/h6>\n\n\n\n<p class=\"has-text-align-left has-small-font-size\">Corporate training programs<\/p>\n\n\n\n<p class=\"has-text-align-left has-small-font-size\">E-learning development<\/p>\n\n\n\n<p class=\"has-text-align-left has-small-font-size\">Multilingual training: German, English, French<\/p>\n\n\n\n<div class=\"wp-block-buttons is-layout-flex wp-block-buttons-is-layout-flex\">\n<div class=\"wp-block-button\"><a class=\"wp-block-button__link has-foreground-background-color has-background has-tiny-font-size has-custom-font-size wp-element-button\" href=\"https:\/\/arnaudgrob.com\/index.php\/en_formation1\/\">more details<\/a><\/div>\n<\/div>\n<\/div>\n<\/div>\n<\/div>\n\n\n\n<div class=\"wp-block-columns alignwide is-layout-flex wp-container-core-columns-is-layout-28f84493 wp-block-columns-is-layout-flex\">\n<div class=\"wp-block-column has-foreground-color has-quaternary-background-color has-text-color has-background is-layout-flow wp-block-column-is-layout-flow\">\n<figure class=\"wp-block-image size-full has-custom-border\"><img loading=\"lazy\" decoding=\"async\" width=\"2560\" height=\"480\" src=\"http:\/\/arnaudgrob.com\/wp-content\/uploads\/2025\/12\/banner_academique-scaled.png\" alt=\"\" class=\"wp-image-536\" style=\"border-top-left-radius:0px;border-top-right-radius:0px;border-bottom-left-radius:0px;border-bottom-right-radius:0px\" srcset=\"https:\/\/arnaudgrob.com\/wp-content\/uploads\/2025\/12\/banner_academique-scaled.png 2560w, https:\/\/arnaudgrob.com\/wp-content\/uploads\/2025\/12\/banner_academique-300x56.png 300w, https:\/\/arnaudgrob.com\/wp-content\/uploads\/2025\/12\/banner_academique-1024x192.png 1024w, https:\/\/arnaudgrob.com\/wp-content\/uploads\/2025\/12\/banner_academique-768x144.png 768w, https:\/\/arnaudgrob.com\/wp-content\/uploads\/2025\/12\/banner_academique-1536x288.png 1536w, https:\/\/arnaudgrob.com\/wp-content\/uploads\/2025\/12\/banner_academique-2048x384.png 2048w\" sizes=\"auto, (max-width: 2560px) 100vw, 2560px\" \/><\/figure>\n\n\n\n<div class=\"wp-block-group has-quaternary-background-color has-background is-layout-flow wp-container-core-group-is-layout-e0ea0936 wp-block-group-is-layout-flow\" style=\"margin-top:0px;margin-bottom:0px\">\n<h6 class=\"wp-block-heading has-text-align-left\" id=\"my-story\" style=\"line-height:1\">Academic<\/h6>\n\n\n\n<p class=\"has-text-align-left has-small-font-size\">Director of the Master\u2019s Program in International Project Management at the University of Strasbourg<\/p>\n\n\n\n<p class=\"has-text-align-left has-small-font-size\">University teaching in France and Germany<\/p>\n\n\n\n<p class=\"has-small-font-size\">Academic background: HEC Paris Grande \u00c9cole \u2013 Master in Management (MiM)<\/p>\n\n\n\n<div class=\"wp-block-buttons is-layout-flex wp-block-buttons-is-layout-flex\">\n<div class=\"wp-block-button\"><a class=\"wp-block-button__link has-foreground-background-color has-background has-tiny-font-size has-custom-font-size wp-element-button\" href=\"https:\/\/arnaudgrob.com\/index.php\/en_academique1\/\">more details<\/a><\/div>\n<\/div>\n<\/div>\n<\/div>\n\n\n\n<div class=\"wp-block-column has-foreground-color has-quaternary-background-color has-text-color has-background is-layout-flow wp-block-column-is-layout-flow\">\n<figure class=\"wp-block-image size-full has-custom-border\"><img loading=\"lazy\" decoding=\"async\" width=\"2560\" height=\"480\" src=\"http:\/\/arnaudgrob.com\/wp-content\/uploads\/2025\/12\/elearning2_banner.png\" alt=\"\" class=\"wp-image-582\" style=\"border-top-left-radius:0px;border-top-right-radius:0px;border-bottom-left-radius:0px;border-bottom-right-radius:0px\" srcset=\"https:\/\/arnaudgrob.com\/wp-content\/uploads\/2025\/12\/elearning2_banner.png 2560w, https:\/\/arnaudgrob.com\/wp-content\/uploads\/2025\/12\/elearning2_banner-300x56.png 300w, https:\/\/arnaudgrob.com\/wp-content\/uploads\/2025\/12\/elearning2_banner-1024x192.png 1024w, https:\/\/arnaudgrob.com\/wp-content\/uploads\/2025\/12\/elearning2_banner-768x144.png 768w, https:\/\/arnaudgrob.com\/wp-content\/uploads\/2025\/12\/elearning2_banner-1536x288.png 1536w, https:\/\/arnaudgrob.com\/wp-content\/uploads\/2025\/12\/elearning2_banner-2048x384.png 2048w\" sizes=\"auto, (max-width: 2560px) 100vw, 2560px\" \/><\/figure>\n\n\n\n<div class=\"wp-block-group has-quaternary-background-color has-background is-layout-flow wp-container-core-group-is-layout-8cfe5ef5 wp-block-group-is-layout-flow\" style=\"margin-top:0px;margin-bottom:0px\">\n<h6 class=\"wp-block-heading has-text-align-left\" id=\"my-story\" style=\"line-height:1\">E-learning<\/h6>\n\n\n\n<p class=\"has-text-align-left has-small-font-size\">French-speaking LinkedIn Learning instructor in project management (3 courses \u2013 2 PMI-accredited, 60,000+ learners)<\/p>\n\n\n\n<ul class=\"wp-block-list\">\n<li class=\"has-tiny-font-size\">Les fondements de la gestion de projet (1h47)<\/li>\n\n\n\n<li class=\"has-tiny-font-size\">Les fondements de la m\u00e9thode Scrum (1h03)<\/li>\n\n\n\n<li class=\"has-tiny-font-size\">La gestion financi\u00e8re d&#8217;un projet (58 min)<\/li>\n<\/ul>\n\n\n\n<div class=\"wp-block-buttons is-layout-flex wp-block-buttons-is-layout-flex\">\n<div class=\"wp-block-button\"><a class=\"wp-block-button__link has-foreground-background-color has-background has-tiny-font-size has-custom-font-size wp-element-button\" href=\"https:\/\/arnaudgrob.com\/index.php\/en_elearning\/\">more details<\/a><\/div>\n<\/div>\n<\/div>\n<\/div>\n<\/div>\n\n\n\n<div class=\"wp-block-columns alignwide is-layout-flex wp-container-core-columns-is-layout-28f84493 wp-block-columns-is-layout-flex\">\n<div class=\"wp-block-column has-foreground-color has-quaternary-background-color has-text-color has-background is-layout-flow wp-block-column-is-layout-flow\">\n<figure class=\"wp-block-image size-full has-custom-border\"><img loading=\"lazy\" decoding=\"async\" width=\"2560\" height=\"480\" src=\"http:\/\/arnaudgrob.com\/wp-content\/uploads\/2025\/12\/livre2.png\" alt=\"\" class=\"wp-image-692\" style=\"border-top-left-radius:0px;border-top-right-radius:0px;border-bottom-left-radius:0px;border-bottom-right-radius:0px\" srcset=\"https:\/\/arnaudgrob.com\/wp-content\/uploads\/2025\/12\/livre2.png 2560w, https:\/\/arnaudgrob.com\/wp-content\/uploads\/2025\/12\/livre2-300x56.png 300w, https:\/\/arnaudgrob.com\/wp-content\/uploads\/2025\/12\/livre2-1024x192.png 1024w, https:\/\/arnaudgrob.com\/wp-content\/uploads\/2025\/12\/livre2-768x144.png 768w, https:\/\/arnaudgrob.com\/wp-content\/uploads\/2025\/12\/livre2-1536x288.png 1536w, https:\/\/arnaudgrob.com\/wp-content\/uploads\/2025\/12\/livre2-2048x384.png 2048w\" sizes=\"auto, (max-width: 2560px) 100vw, 2560px\" \/><\/figure>\n\n\n\n<div class=\"wp-block-group has-quaternary-background-color has-background is-layout-flow wp-container-core-group-is-layout-8cfe5ef5 wp-block-group-is-layout-flow\" style=\"margin-top:0px;margin-bottom:0px\">\n<h6 class=\"wp-block-heading has-text-align-left\" id=\"my-story\" style=\"line-height:1\">Handbook<\/h6>\n\n\n\n<p class=\"has-text-align-left has-small-font-size\"><em>Management de projet : concepts, m\u00e9thodes et outils<\/em> published in 2020 by Vuibert<\/p>\n\n\n\n<p class=\"has-text-align-left has-small-font-size\">French-language reference handbook<\/p>\n\n\n\n<div class=\"wp-block-buttons is-layout-flex wp-block-buttons-is-layout-flex\">\n<div class=\"wp-block-button\"><a class=\"wp-block-button__link has-foreground-background-color has-background has-tiny-font-size has-custom-font-size wp-element-button\" href=\"https:\/\/arnaudgrob.com\/index.php\/en_livre\/\">more details<\/a><\/div>\n<\/div>\n<\/div>\n<\/div>\n\n\n\n<div class=\"wp-block-column has-foreground-color has-quaternary-background-color has-text-color has-background is-layout-flow wp-block-column-is-layout-flow\">\n<figure class=\"wp-block-image size-full has-custom-border\"><img loading=\"lazy\" decoding=\"async\" width=\"1536\" height=\"312\" src=\"http:\/\/arnaudgrob.com\/wp-content\/uploads\/2026\/01\/banner_ressources.png\" alt=\"\" class=\"wp-image-731\" style=\"border-top-left-radius:0px;border-top-right-radius:0px;border-bottom-left-radius:0px;border-bottom-right-radius:0px\" srcset=\"https:\/\/arnaudgrob.com\/wp-content\/uploads\/2026\/01\/banner_ressources.png 1536w, https:\/\/arnaudgrob.com\/wp-content\/uploads\/2026\/01\/banner_ressources-300x61.png 300w, https:\/\/arnaudgrob.com\/wp-content\/uploads\/2026\/01\/banner_ressources-1024x208.png 1024w, https:\/\/arnaudgrob.com\/wp-content\/uploads\/2026\/01\/banner_ressources-768x156.png 768w\" sizes=\"auto, (max-width: 1536px) 100vw, 1536px\" \/><\/figure>\n\n\n\n<div class=\"wp-block-group has-quaternary-background-color has-background is-layout-flow wp-container-core-group-is-layout-8cfe5ef5 wp-block-group-is-layout-flow\" style=\"margin-top:0px;margin-bottom:0px\">\n<h6 class=\"wp-block-heading has-text-align-left\" id=\"my-story\" style=\"line-height:1\">Resources<\/h6>\n\n\n\n<p class=\"has-text-align-left has-small-font-size\">Project management standards<\/p>\n\n\n\n<p class=\"has-text-align-left has-small-font-size\">Open-source software<\/p>\n\n\n\n<p class=\"has-text-align-left has-small-font-size\">Professional publications<\/p>\n\n\n\n<div class=\"wp-block-buttons is-layout-flex wp-block-buttons-is-layout-flex\">\n<div class=\"wp-block-button\"><a class=\"wp-block-button__link has-foreground-background-color has-background has-tiny-font-size has-custom-font-size wp-element-button\" href=\"https:\/\/arnaudgrob.com\/index.php\/en_ressources\/\">more details<\/a><\/div>\n<\/div>\n<\/div>\n<\/div>\n<\/div>\n\n\n<\/div>\n<p><!-- \/wp:post-content --><\/p>","protected":false},"excerpt":{"rendered":"<p>fran\u00e7ais \/ english \/ deutsch Arnaud GrobSenior Project Management Consultant, Trainer &amp; Lecturer project management expertise. 20+ years. A graduate of HEC Paris and founder of O\u00efkos Consulting &amp; Training, I have spent over two decades advising organizations and helping professionals strengthen their project management capabilities across Europe and internationally (China, United States). Recognized as [&hellip;]<\/p>\n","protected":false},"author":1,"featured_media":0,"parent":0,"menu_order":0,"comment_status":"closed","ping_status":"closed","template":"wp-custom-template-en","meta":{"footnotes":""},"class_list":["post-1398","page","type-page","status-publish","hentry"],"_links":{"self":[{"href":"https:\/\/arnaudgrob.com\/index.php\/wp-json\/wp\/v2\/pages\/1398","targetHints":{"allow":["GET"]}}],"collection":[{"href":"https:\/\/arnaudgrob.com\/index.php\/wp-json\/wp\/v2\/pages"}],"about":[{"href":"https:\/\/arnaudgrob.com\/index.php\/wp-json\/wp\/v2\/types\/page"}],"author":[{"embeddable":true,"href":"https:\/\/arnaudgrob.com\/index.php\/wp-json\/wp\/v2\/users\/1"}],"replies":[{"embeddable":true,"href":"https:\/\/arnaudgrob.com\/index.php\/wp-json\/wp\/v2\/comments?post=1398"}],"version-history":[{"count":55,"href":"https:\/\/arnaudgrob.com\/index.php\/wp-json\/wp\/v2\/pages\/1398\/revisions"}],"predecessor-version":[{"id":2223,"href":"https:\/\/arnaudgrob.com\/index.php\/wp-json\/wp\/v2\/pages\/1398\/revisions\/2223"}],"wp:attachment":[{"href":"https:\/\/arnaudgrob.com\/index.php\/wp-json\/wp\/v2\/media?parent=1398"}],"curies":[{"name":"wp","href":"https:\/\/api.w.org\/{rel}","templated":true}]}}