{"id":1397,"date":"2026-02-04T18:04:45","date_gmt":"2026-02-04T17:04:45","guid":{"rendered":"https:\/\/arnaudgrob.com\/?page_id=1397"},"modified":"2026-03-02T08:22:27","modified_gmt":"2026-03-02T07:22:27","slug":"en_academique3","status":"publish","type":"page","link":"https:\/\/arnaudgrob.com\/index.php\/en_academique3\/","title":{"rendered":"Academic background"},"content":{"rendered":"\n<div class=\"wp-block-group alignwide has-foreground-color has-text-color is-layout-flow wp-container-core-group-is-layout-87c8ae1d wp-block-group-is-layout-flow\" style=\"padding-top:0vh;padding-right:var(--wp--preset--spacing--20);padding-bottom:0vh;padding-left:var(--wp--preset--spacing--20)\">\n<p class=\"has-text-align-right has-foreground-color has-text-color has-link-color\"><a href=\"https:\/\/arnaudgrob.com\/index.php\/fr_academique3\/\" data-type=\"page\" data-id=\"511\">fran\u00e7ais<\/a> \/ <strong>english<\/strong> \/ <a href=\"https:\/\/arnaudgrob.com\/index.php\/de_academique3\/\" data-type=\"page\" data-id=\"1442\">deutsch<\/a><\/p>\n\n\n\n<div class=\"wp-block-cover alignwide\" style=\"border-radius:28px;padding-top:0vh;padding-right:0vh;padding-bottom:0vh;padding-left:0vh;min-height:294px;aspect-ratio:unset;\"><img loading=\"lazy\" decoding=\"async\" width=\"2560\" height=\"1491\" class=\"wp-block-cover__image-background wp-image-526 size-full\" alt=\"\" src=\"http:\/\/arnaudgrob.com\/wp-content\/uploads\/2025\/12\/academique2_hd-scaled.jpeg\" style=\"object-position:90% 20%\" data-object-fit=\"cover\" data-object-position=\"90% 20%\" srcset=\"https:\/\/arnaudgrob.com\/wp-content\/uploads\/2025\/12\/academique2_hd-scaled.jpeg 2560w, https:\/\/arnaudgrob.com\/wp-content\/uploads\/2025\/12\/academique2_hd-300x175.jpeg 300w, https:\/\/arnaudgrob.com\/wp-content\/uploads\/2025\/12\/academique2_hd-1024x596.jpeg 1024w, https:\/\/arnaudgrob.com\/wp-content\/uploads\/2025\/12\/academique2_hd-768x447.jpeg 768w, https:\/\/arnaudgrob.com\/wp-content\/uploads\/2025\/12\/academique2_hd-1536x895.jpeg 1536w, https:\/\/arnaudgrob.com\/wp-content\/uploads\/2025\/12\/academique2_hd-2048x1193.jpeg 2048w\" sizes=\"auto, (max-width: 2560px) 100vw, 2560px\" \/><span aria-hidden=\"true\" class=\"wp-block-cover__background has-quaternary-background-color has-background-dim-0 has-background-dim\"><\/span><div class=\"wp-block-cover__inner-container is-layout-flow wp-block-cover-is-layout-flow\">\n<div class=\"wp-block-group alignwide has-foreground-color has-text-color is-layout-flow wp-container-core-group-is-layout-87c8ae1d wp-block-group-is-layout-flow\" style=\"padding-top:0vh;padding-right:var(--wp--preset--spacing--20);padding-bottom:0vh;padding-left:var(--wp--preset--spacing--20)\">\n<div class=\"wp-block-buttons has-custom-font-size has-tiny-font-size is-content-justification-right is-layout-flex wp-container-core-buttons-is-layout-d36ff9ae wp-block-buttons-is-layout-flex\" style=\"padding-right:0;padding-left:0\">\n<div class=\"wp-block-button is-style-fill\"><a class=\"wp-block-button__link has-background-color has-foreground-background-color has-text-color has-background has-link-color has-tiny-font-size has-custom-font-size wp-element-button\" href=\"https:\/\/arnaudgrob.com\/index.php\/en_academique1\/\">master program director<\/a><\/div>\n<\/div>\n\n\n\n<div class=\"wp-block-buttons has-custom-font-size has-tiny-font-size is-content-justification-right is-layout-flex wp-container-core-buttons-is-layout-d445cf74 wp-block-buttons-is-layout-flex\">\n<div class=\"wp-block-button\"><a class=\"wp-block-button__link wp-element-button\" href=\"https:\/\/arnaudgrob.com\/index.php\/en_academique2\/\" style=\"padding-right:var(--wp--preset--spacing--30);padding-left:var(--wp--preset--spacing--30)\">university teaching<\/a><\/div>\n<\/div>\n\n\n\n<div class=\"wp-block-buttons has-custom-font-size has-tiny-font-size is-content-justification-right is-layout-flex wp-container-core-buttons-is-layout-d445cf74 wp-block-buttons-is-layout-flex\">\n<div class=\"wp-block-button is-style-outline is-style-outline--1\"><a class=\"wp-block-button__link has-foreground-color has-background-background-color has-text-color has-background has-link-color wp-element-button\">academic background<\/a><\/div>\n<\/div>\n<\/div>\n<\/div><\/div>\n\n\n\n<hr class=\"wp-block-separator has-text-color has-tertiary-color has-alpha-channel-opacity has-tertiary-background-color has-background is-style-bjork-angled-separator-wide\"\/>\n\n\n\n<h2 class=\"wp-block-heading has-text-align-left has-extra-large-font-size\" id=\"conseil_organisation\">Academic background<\/h2>\n\n\n\n<div class=\"wp-block-columns alignwide is-layout-flex wp-container-core-columns-is-layout-28f84493 wp-block-columns-is-layout-flex\">\n<div class=\"wp-block-column has-foreground-color has-quaternary-background-color has-text-color has-background is-layout-flow wp-block-column-is-layout-flow\">\n<div class=\"wp-block-group has-background-background-color has-background is-layout-flow wp-container-core-group-is-layout-8cfe5ef5 wp-block-group-is-layout-flow\" style=\"margin-top:0px;margin-bottom:0px\">\n<div class=\"wp-block-columns is-layout-flex wp-container-core-columns-is-layout-28f84493 wp-block-columns-is-layout-flex\">\n<div class=\"wp-block-column is-layout-flow wp-block-column-is-layout-flow\" style=\"flex-basis:20%\">\n<figure class=\"wp-block-image size-full is-resized\"><img loading=\"lazy\" decoding=\"async\" width=\"500\" height=\"300\" src=\"https:\/\/arnaudgrob.com\/wp-content\/uploads\/2026\/01\/initial_hec2.png\" alt=\"\" class=\"wp-image-1133\" style=\"width:500px\" srcset=\"https:\/\/arnaudgrob.com\/wp-content\/uploads\/2026\/01\/initial_hec2.png 500w, https:\/\/arnaudgrob.com\/wp-content\/uploads\/2026\/01\/initial_hec2-300x180.png 300w\" sizes=\"auto, (max-width: 500px) 100vw, 500px\" \/><\/figure>\n<\/div>\n\n\n\n<div class=\"wp-block-column is-layout-flow wp-block-column-is-layout-flow\" style=\"flex-basis:80%\">\n<p class=\"has-large-font-size\">I graduated in 2002 from the Grande \u00c9cole \u2013 Master in Management program at HEC Paris, ranked No.\u202f1 worldwide in the QS Business Master\u2019s Rankings 2026 and No.\u202f2 in the Financial Times Masters in Management 2025. This program provided me with an excellent education at one of the most prestigious international management institutions.<\/p>\n<\/div>\n<\/div>\n<\/div>\n\n\n\n<div class=\"wp-block-group has-background-background-color has-background is-layout-flow wp-container-core-group-is-layout-8cfe5ef5 wp-block-group-is-layout-flow\" style=\"margin-top:0px;margin-bottom:0px\">\n<div class=\"wp-block-columns is-layout-flex wp-container-core-columns-is-layout-28f84493 wp-block-columns-is-layout-flex\">\n<div class=\"wp-block-column is-layout-flow wp-block-column-is-layout-flow\" style=\"flex-basis:20%\">\n<figure class=\"wp-block-image size-full is-resized\"><img loading=\"lazy\" decoding=\"async\" width=\"500\" height=\"300\" src=\"https:\/\/arnaudgrob.com\/wp-content\/uploads\/2026\/01\/cems.png\" alt=\"\" class=\"wp-image-1122\" style=\"width:500px\" srcset=\"https:\/\/arnaudgrob.com\/wp-content\/uploads\/2026\/01\/cems.png 500w, https:\/\/arnaudgrob.com\/wp-content\/uploads\/2026\/01\/cems-300x180.png 300w\" sizes=\"auto, (max-width: 500px) 100vw, 500px\" \/><\/figure>\n<\/div>\n\n\n\n<div class=\"wp-block-column is-layout-flow wp-block-column-is-layout-flow\" style=\"flex-basis:80%\">\n<p>My academic trajectory was further enriched by a semester exchange at the University of Economics in Prague (Vysok\u00e1 \u0161kola ekonomick\u00e1 v Praze, V\u0160E) within the framework of the CEMS program\u2014an international consortium of leading universities and corporations dedicated to cultivating global management competence and intercultural understanding.<\/p>\n<\/div>\n<\/div>\n<\/div>\n<\/div>\n<\/div>\n<\/div>\n","protected":false},"excerpt":{"rendered":"<p>fran\u00e7ais \/ english \/ deutsch Academic background I graduated in 2002 from the Grande \u00c9cole \u2013 Master in Management program at HEC Paris, ranked No.\u202f1 worldwide in the QS Business Master\u2019s Rankings 2026 and No.\u202f2 in the Financial Times Masters in Management 2025. This program provided me with an excellent education at one of the [&hellip;]<\/p>\n","protected":false},"author":1,"featured_media":0,"parent":0,"menu_order":0,"comment_status":"closed","ping_status":"closed","template":"wp-custom-template-en","meta":{"footnotes":""},"class_list":["post-1397","page","type-page","status-publish","hentry"],"_links":{"self":[{"href":"https:\/\/arnaudgrob.com\/index.php\/wp-json\/wp\/v2\/pages\/1397","targetHints":{"allow":["GET"]}}],"collection":[{"href":"https:\/\/arnaudgrob.com\/index.php\/wp-json\/wp\/v2\/pages"}],"about":[{"href":"https:\/\/arnaudgrob.com\/index.php\/wp-json\/wp\/v2\/types\/page"}],"author":[{"embeddable":true,"href":"https:\/\/arnaudgrob.com\/index.php\/wp-json\/wp\/v2\/users\/1"}],"replies":[{"embeddable":true,"href":"https:\/\/arnaudgrob.com\/index.php\/wp-json\/wp\/v2\/comments?post=1397"}],"version-history":[{"count":9,"href":"https:\/\/arnaudgrob.com\/index.php\/wp-json\/wp\/v2\/pages\/1397\/revisions"}],"predecessor-version":[{"id":2158,"href":"https:\/\/arnaudgrob.com\/index.php\/wp-json\/wp\/v2\/pages\/1397\/revisions\/2158"}],"wp:attachment":[{"href":"https:\/\/arnaudgrob.com\/index.php\/wp-json\/wp\/v2\/media?parent=1397"}],"curies":[{"name":"wp","href":"https:\/\/api.w.org\/{rel}","templated":true}]}}