{"id":1396,"date":"2026-02-04T17:52:58","date_gmt":"2026-02-04T16:52:58","guid":{"rendered":"https:\/\/arnaudgrob.com\/?page_id=1396"},"modified":"2026-03-02T08:17:30","modified_gmt":"2026-03-02T07:17:30","slug":"en_academique2","status":"publish","type":"page","link":"https:\/\/arnaudgrob.com\/index.php\/en_academique2\/","title":{"rendered":"University teaching"},"content":{"rendered":"\n<div class=\"wp-block-group alignwide has-foreground-color has-text-color is-layout-flow wp-container-core-group-is-layout-87c8ae1d wp-block-group-is-layout-flow\" style=\"padding-top:0vh;padding-right:var(--wp--preset--spacing--20);padding-bottom:0vh;padding-left:var(--wp--preset--spacing--20)\">\n<p class=\"has-text-align-right has-foreground-color has-text-color has-link-color\"><a href=\"https:\/\/arnaudgrob.com\/index.php\/fr_academique2\/\" data-type=\"page\" data-id=\"510\">fran\u00e7ais<\/a> \/ <strong>english<\/strong> \/ <a href=\"https:\/\/arnaudgrob.com\/index.php\/de_academique2\/\" data-type=\"page\" data-id=\"1441\">deutsch<\/a><\/p>\n\n\n\n<div class=\"wp-block-cover alignwide\" style=\"border-radius:28px;padding-top:0vh;padding-right:0vh;padding-bottom:0vh;padding-left:0vh;min-height:294px;aspect-ratio:unset;\"><img loading=\"lazy\" decoding=\"async\" width=\"2560\" height=\"1491\" class=\"wp-block-cover__image-background wp-image-526 size-full\" alt=\"\" src=\"http:\/\/arnaudgrob.com\/wp-content\/uploads\/2025\/12\/academique2_hd-scaled.jpeg\" style=\"object-position:90% 20%\" data-object-fit=\"cover\" data-object-position=\"90% 20%\" srcset=\"https:\/\/arnaudgrob.com\/wp-content\/uploads\/2025\/12\/academique2_hd-scaled.jpeg 2560w, https:\/\/arnaudgrob.com\/wp-content\/uploads\/2025\/12\/academique2_hd-300x175.jpeg 300w, https:\/\/arnaudgrob.com\/wp-content\/uploads\/2025\/12\/academique2_hd-1024x596.jpeg 1024w, https:\/\/arnaudgrob.com\/wp-content\/uploads\/2025\/12\/academique2_hd-768x447.jpeg 768w, https:\/\/arnaudgrob.com\/wp-content\/uploads\/2025\/12\/academique2_hd-1536x895.jpeg 1536w, https:\/\/arnaudgrob.com\/wp-content\/uploads\/2025\/12\/academique2_hd-2048x1193.jpeg 2048w\" sizes=\"auto, (max-width: 2560px) 100vw, 2560px\" \/><span aria-hidden=\"true\" class=\"wp-block-cover__background has-quaternary-background-color has-background-dim-0 has-background-dim\"><\/span><div class=\"wp-block-cover__inner-container is-layout-flow wp-block-cover-is-layout-flow\">\n<div class=\"wp-block-group alignwide has-foreground-color has-text-color is-layout-flow wp-container-core-group-is-layout-87c8ae1d wp-block-group-is-layout-flow\" style=\"padding-top:0vh;padding-right:var(--wp--preset--spacing--20);padding-bottom:0vh;padding-left:var(--wp--preset--spacing--20)\">\n<div class=\"wp-block-buttons has-custom-font-size has-tiny-font-size is-content-justification-right is-layout-flex wp-container-core-buttons-is-layout-d36ff9ae wp-block-buttons-is-layout-flex\" style=\"padding-right:0;padding-left:0\">\n<div class=\"wp-block-button is-style-fill\"><a class=\"wp-block-button__link has-background-color has-foreground-background-color has-text-color has-background has-link-color has-tiny-font-size has-custom-font-size wp-element-button\" href=\"https:\/\/arnaudgrob.com\/index.php\/en_academique1\/\">master program director<\/a><\/div>\n<\/div>\n\n\n\n<div class=\"wp-block-buttons has-custom-font-size has-tiny-font-size is-content-justification-right is-layout-flex wp-container-core-buttons-is-layout-d445cf74 wp-block-buttons-is-layout-flex\">\n<div class=\"wp-block-button is-style-outline is-style-outline--1\"><a class=\"wp-block-button__link has-foreground-color has-background-background-color has-text-color has-background has-link-color wp-element-button\" style=\"padding-right:var(--wp--preset--spacing--30);padding-left:var(--wp--preset--spacing--30)\">university teaching<\/a><\/div>\n<\/div>\n\n\n\n<div class=\"wp-block-buttons has-custom-font-size has-tiny-font-size is-content-justification-right is-layout-flex wp-container-core-buttons-is-layout-d445cf74 wp-block-buttons-is-layout-flex\">\n<div class=\"wp-block-button\"><a class=\"wp-block-button__link wp-element-button\" href=\"https:\/\/arnaudgrob.com\/index.php\/en_academique3\/\">academic background<\/a><\/div>\n<\/div>\n<\/div>\n<\/div><\/div>\n\n\n\n<hr class=\"wp-block-separator has-text-color has-tertiary-color has-alpha-channel-opacity has-tertiary-background-color has-background is-style-bjork-angled-separator-wide\"\/>\n\n\n\n<h2 class=\"wp-block-heading has-text-align-left has-extra-large-font-size\" id=\"conseil_organisation\">University teaching<\/h2>\n\n\n\n<div class=\"wp-block-columns alignwide is-layout-flex wp-container-core-columns-is-layout-993ff0e8 wp-block-columns-is-layout-flex\" style=\"padding-top:0vh;padding-bottom:0vh\">\n<div class=\"wp-block-column is-layout-flow wp-block-column-is-layout-flow\">\n<p class=\"has-text-align-left has-large-font-size\">I\u2019ve been a lecturer (<em>ma\u00eetre de conf\u00e9rences associ\u00e9, PAST*<\/em>) at the University of Strasbourg since 2011, teaching in higher education institutions in France and Germany, mainly at the master\u2019s level. I design and deliver trilingual courses (in English, French, and German) in project management within various programs, drawing on my background in international management and management sciences.<\/p>\n\n\n\n<p class=\"has-text-align-left has-small-font-size\">* <em>ma\u00eetre de conf\u00e9rences associ\u00e9, PAST:<\/em> permanent part-time teaching appointment in the French higher education system, awarded to experienced practitioners with recognized expertise \u2014 equivalent to Adjunct Associate Professor.<\/p>\n<\/div>\n<\/div>\n\n\n\n<div class=\"wp-block-columns alignwide is-layout-flex wp-container-core-columns-is-layout-28f84493 wp-block-columns-is-layout-flex\">\n<div class=\"wp-block-column has-foreground-color has-quaternary-background-color has-text-color has-background is-layout-flow wp-block-column-is-layout-flow\">\n<div class=\"wp-block-group has-quaternary-background-color has-background is-layout-flow wp-container-core-group-is-layout-8cfe5ef5 wp-block-group-is-layout-flow\" style=\"margin-top:0px;margin-bottom:0px\">\n<h6 class=\"wp-block-heading has-text-align-left\" id=\"my-story\" style=\"line-height:1\"><strong><strong>Programs and institutions<\/strong><\/strong><\/h6>\n\n\n\n<p class=\"has-text-align-left\"><strong>Programs in international management<\/strong><\/p>\n\n\n\n<div class=\"wp-block-columns is-layout-flex wp-container-core-columns-is-layout-28f84493 wp-block-columns-is-layout-flex\">\n<div class=\"wp-block-column is-layout-flow wp-block-column-is-layout-flow\">\n<p class=\"has-small-font-size\"><img loading=\"lazy\" decoding=\"async\" width=\"16\" height=\"13\" class=\"wp-image-1158\" style=\"width: 16px;\" src=\"http:\/\/arnaudgrob.com\/wp-content\/uploads\/2026\/01\/puce2.png\" alt=\"\"> International Project Management (Master)<br><em>2011\u2013present<\/em><br>Faculty of Economics and Management<br>University of Strasbourg<\/p>\n<\/div>\n\n\n\n<div class=\"wp-block-column is-layout-flow wp-block-column-is-layout-flow\">\n<p class=\"has-small-font-size\"><img loading=\"lazy\" decoding=\"async\" width=\"16\" height=\"13\" class=\"wp-image-1158\" style=\"width: 16px;\" src=\"http:\/\/arnaudgrob.com\/wp-content\/uploads\/2026\/01\/puce2.png\" alt=\"\"> International Innovation Management (Master)<br><em>2017\u2013present<\/em><br>French\u2013German double degree<br>University of Freiburg \/ University of Strasbourg<\/p>\n<\/div>\n<\/div>\n\n\n\n<div class=\"wp-block-columns is-layout-flex wp-container-core-columns-is-layout-28f84493 wp-block-columns-is-layout-flex\">\n<div class=\"wp-block-column is-layout-flow wp-block-column-is-layout-flow\">\n<p class=\"has-small-font-size\"><img loading=\"lazy\" decoding=\"async\" width=\"16\" height=\"13\" class=\"wp-image-1158\" style=\"width: 16px;\" src=\"http:\/\/arnaudgrob.com\/wp-content\/uploads\/2026\/01\/puce2.png\" alt=\"\"> Business Administration: German-French Management (Bachelor; <em>discontinued)<\/em><br><em>2021\u20132024<\/em><br>Duale Hochschule Baden-W\u00fcrttemberg (DHBW), Karlsruhe<\/p>\n<\/div>\n\n\n\n<div class=\"wp-block-column is-layout-flow wp-block-column-is-layout-flow\">\n<p class=\"has-small-font-size\"><img loading=\"lazy\" decoding=\"async\" width=\"16\" height=\"13\" class=\"wp-image-1158\" style=\"width: 16px;\" src=\"http:\/\/arnaudgrob.com\/wp-content\/uploads\/2026\/01\/puce2.png\" alt=\"\"> Competitive Intelligence and International Development (Master)<br><em>2017\u2013present<\/em><br>Institute of International Relations (IRIUS)<br>University of Strasbourg<\/p>\n<\/div>\n<\/div>\n\n\n\n<p class=\"has-text-align-left\"><strong>Programs in management sciences<\/strong><\/p>\n\n\n\n<div class=\"wp-block-columns is-layout-flex wp-container-core-columns-is-layout-28f84493 wp-block-columns-is-layout-flex\">\n<div class=\"wp-block-column is-layout-flow wp-block-column-is-layout-flow\">\n<p class=\"has-small-font-size\"><img loading=\"lazy\" decoding=\"async\" width=\"16\" height=\"13\" class=\"wp-image-1158\" style=\"width: 16px;\" src=\"http:\/\/arnaudgrob.com\/wp-content\/uploads\/2026\/01\/puce2.png\" alt=\"\"> Project Management and Business Engineering (Master)<br><em>2022\u2013present<\/em><br>National Conservatory of Arts and Crafts (CNAM)<\/p>\n<\/div>\n\n\n\n<div class=\"wp-block-column is-layout-flow wp-block-column-is-layout-flow\">\n<p class=\"has-small-font-size\"><img loading=\"lazy\" decoding=\"async\" width=\"16\" height=\"13\" class=\"wp-image-1158\" style=\"width: 16px;\" src=\"http:\/\/arnaudgrob.com\/wp-content\/uploads\/2026\/01\/puce2.png\" alt=\"\"> Economics and Management (Bachelor)<br><em>2024\u2013present<\/em><br>Faculty of Economics and Management<br>University of Strasbourg<\/p>\n<\/div>\n<\/div>\n\n\n\n<p class=\"has-text-align-left\"><strong>Other programs<\/strong><\/p>\n\n\n\n<div class=\"wp-block-columns is-layout-flex wp-container-core-columns-is-layout-28f84493 wp-block-columns-is-layout-flex\">\n<div class=\"wp-block-column is-layout-flow wp-block-column-is-layout-flow\">\n<p class=\"has-small-font-size\"><img loading=\"lazy\" decoding=\"async\" width=\"16\" height=\"13\" class=\"wp-image-1158\" style=\"width: 16px;\" src=\"http:\/\/arnaudgrob.com\/wp-content\/uploads\/2026\/01\/puce2.png\" alt=\"\"> Production Management and Innovation (Executive Master)<br><em>2017\u2013present<\/em><br>Haguenau Institute of Technology<\/p>\n<\/div>\n\n\n\n<div class=\"wp-block-column is-layout-flow wp-block-column-is-layout-flow\">\n<p class=\"has-small-font-size\"><img loading=\"lazy\" decoding=\"async\" width=\"16\" height=\"13\" class=\"wp-image-1158\" style=\"width: 16px;\" src=\"http:\/\/arnaudgrob.com\/wp-content\/uploads\/2026\/01\/puce2.png\" alt=\"\"> French as a Foreign, Second, and Integration Language (Master)<br><em>2024\u2013present<\/em><br>Faculty of Languages<br>University of Strasbourg<\/p>\n<\/div>\n<\/div>\n\n\n\n<div class=\"wp-block-columns is-layout-flex wp-container-core-columns-is-layout-28f84493 wp-block-columns-is-layout-flex\">\n<div class=\"wp-block-column is-layout-flow wp-block-column-is-layout-flow\">\n<p class=\"has-small-font-size\"><img loading=\"lazy\" decoding=\"async\" width=\"16\" height=\"13\" class=\"wp-image-1158\" style=\"width: 16px;\" src=\"http:\/\/arnaudgrob.com\/wp-content\/uploads\/2026\/01\/puce2.png\" alt=\"\"> Insurance and Risk Management (Master)<br><em>2017\u2013present<\/em><br>Faculty of Economics and Management<br>University of Strasbourg<\/p>\n<\/div>\n\n\n\n<div class=\"wp-block-column is-layout-flow wp-block-column-is-layout-flow\">\n<p class=\"has-small-font-size\"><img loading=\"lazy\" decoding=\"async\" width=\"16\" height=\"13\" class=\"wp-image-1158\" style=\"width: 16px;\" src=\"http:\/\/arnaudgrob.com\/wp-content\/uploads\/2026\/01\/puce2.png\" alt=\"\"> Executive Training Program for Public Sector Leaders<br>2011\u20132022<br>National Institute of Territorial Studies (INET), Strasbourg<\/p>\n<\/div>\n<\/div>\n<\/div>\n<\/div>\n<\/div>\n\n\n\n<div class=\"wp-block-columns alignwide is-layout-flex wp-container-core-columns-is-layout-28f84493 wp-block-columns-is-layout-flex\">\n<div class=\"wp-block-column has-foreground-color has-quaternary-background-color has-text-color has-background is-layout-flow wp-block-column-is-layout-flow\">\n<div class=\"wp-block-group has-quaternary-background-color has-background is-layout-flow wp-container-core-group-is-layout-8cfe5ef5 wp-block-group-is-layout-flow\" style=\"margin-top:0px;margin-bottom:0px\">\n<h6 class=\"wp-block-heading has-text-align-left\" id=\"my-story\" style=\"line-height:1\"><strong>Courses taught<\/strong><\/h6>\n\n\n\n<p class=\"has-text-align-left\">My courses combine <strong>academic rigor<\/strong> with <strong>professional insight<\/strong>. Aligned with <strong>industry standards (PMI, PRINCE2, IPMA, Scrum)<\/strong>, enriched by numerous <strong>real-world case studies<\/strong>, and informed by <strong>current research<\/strong>, they provide students with practical skills that can be immediately applied in <strong>demanding professional environments<\/strong>.<\/p>\n\n\n\n<p>Core courses in project management<\/p>\n\n\n\n<ul class=\"wp-block-list\">\n<li class=\"has-small-font-size\">Project Management Foundations (21 hours)<\/li>\n\n\n\n<li class=\"has-small-font-size\">Introduction to Agile Project Management (9 hours)<\/li>\n<\/ul>\n\n\n\n<p>Advanced courses in project management<\/p>\n\n\n\n<ul class=\"wp-block-list\">\n<li class=\"has-small-font-size\">Project Management Methodologies: PRINCE2, Scrum (18 hours)<\/li>\n\n\n\n<li class=\"has-small-font-size\">Program and Project Portfolio Management (12 hours)<\/li>\n\n\n\n<li class=\"has-small-font-size\">Project Cost Management (12 hours)<\/li>\n\n\n\n<li class=\"has-small-font-size\">Project Management Tools and Software Applications (12 hours)<\/li>\n\n\n\n<li class=\"has-small-font-size\">Requirements and Quality Management in Projects (9 hours)<\/li>\n<\/ul>\n\n\n\n<p>Comprehensive Project Management Curriculum (63 hours)<\/p>\n<\/div>\n<\/div>\n<\/div>\n<\/div>\n","protected":false},"excerpt":{"rendered":"<p>fran\u00e7ais \/ english \/ deutsch University teaching I\u2019ve been a lecturer (ma\u00eetre de conf\u00e9rences associ\u00e9, PAST*) at the University of Strasbourg since 2011, teaching in higher education institutions in France and Germany, mainly at the master\u2019s level. I design and deliver trilingual courses (in English, French, and German) in project management within various programs, drawing [&hellip;]<\/p>\n","protected":false},"author":1,"featured_media":0,"parent":0,"menu_order":0,"comment_status":"closed","ping_status":"closed","template":"wp-custom-template-en","meta":{"footnotes":""},"class_list":["post-1396","page","type-page","status-publish","hentry"],"_links":{"self":[{"href":"https:\/\/arnaudgrob.com\/index.php\/wp-json\/wp\/v2\/pages\/1396","targetHints":{"allow":["GET"]}}],"collection":[{"href":"https:\/\/arnaudgrob.com\/index.php\/wp-json\/wp\/v2\/pages"}],"about":[{"href":"https:\/\/arnaudgrob.com\/index.php\/wp-json\/wp\/v2\/types\/page"}],"author":[{"embeddable":true,"href":"https:\/\/arnaudgrob.com\/index.php\/wp-json\/wp\/v2\/users\/1"}],"replies":[{"embeddable":true,"href":"https:\/\/arnaudgrob.com\/index.php\/wp-json\/wp\/v2\/comments?post=1396"}],"version-history":[{"count":32,"href":"https:\/\/arnaudgrob.com\/index.php\/wp-json\/wp\/v2\/pages\/1396\/revisions"}],"predecessor-version":[{"id":2153,"href":"https:\/\/arnaudgrob.com\/index.php\/wp-json\/wp\/v2\/pages\/1396\/revisions\/2153"}],"wp:attachment":[{"href":"https:\/\/arnaudgrob.com\/index.php\/wp-json\/wp\/v2\/media?parent=1396"}],"curies":[{"name":"wp","href":"https:\/\/api.w.org\/{rel}","templated":true}]}}